
{"id":5233,"date":"2022-08-08T09:43:56","date_gmt":"2022-08-08T09:43:56","guid":{"rendered":"https:\/\/littlemedicalschool.com\/lithuania\/?page_id=5233"},"modified":"2026-01-15T18:06:12","modified_gmt":"2026-01-15T18:06:12","slug":"renginiai-vaikams","status":"publish","type":"page","link":"https:\/\/littlemedicalschool.com\/lithuania\/renginiai-vaikams\/","title":{"rendered":"Renginiai"},"content":{"rendered":"\n\n\t\t\t\t<img loading=\"lazy\" decoding=\"async\" src=\"https:\/\/littlemedicalschool.com\/lithuania\/files\/2023\/07\/mazieji-gydi-600x600-1-300x300.jpg\" alt=\"mazieji-gydi-600x600\" itemprop=\"image\" height=\"300\" width=\"300\" title=\"mazieji-gydi-600x600\" onerror=\"this.style.display='none'\"  \/>\n\t<strong> &#8220;Ma&#382;&#371;j&#371; Gydytoj&#371;&#8221; vakar&#279;lis <\/strong><br \/>\n Lapkri&#269;io 16 d.<br \/>\nAr nori tapti gydytoju? M&#363;s&#371; vakar&#279;lyje su&#382;inosi:<br \/>\n&bull; Kas gydytojo lagamin&#279;lyje ar ki&#353;en&#279;je?<br \/>\n&bull; I&#353;bandysi &#303;vairius gydytojo prietaisus.<br \/>\n&bull; Pabandysi suleisti vaist&#371;.<br \/>\n&bull; &#302;veiksi gydytojo u&#382;duot&#303;.\n\t\t\t\t<img loading=\"lazy\" decoding=\"async\" src=\"https:\/\/littlemedicalschool.com\/lithuania\/files\/2023\/07\/renginiai-600x600-1-300x300.jpg\" alt=\"renginiai-600x600\" itemprop=\"image\" height=\"300\" width=\"300\" title=\"renginiai-600x600\" onerror=\"this.style.display='none'\"  \/>\n\t<strong> Renginys t&#279;vams ir vaikams &#8220;Pirmoji pagalba ir a&#353;!&#8221; <\/strong><br \/>\nVasario 21d. 18.00val.<br \/>\nAr &#382;inote kaip suteikti pirm&#261;j&#261; pagalb&#261; nualpus, u&#382;springus ar tiesiog susi&#382;eidus?<br \/>\nKaip taisyklingai subintuoti rank&#261;, pir&#353;t&#261; ar koj&#261;? O jei gamtoje linksmai leid&#382;iant laik&#261; &#303;tariate, kad l&#363;&#382;o ranka ar koja? K&#261; daryti?<br \/>\nMes kartu su Jumis visk&#261; i&#353;siai&#353;kinsime ir prakti&#353;kai i&#353;bandysime.<br \/>\n&#381;aismingas vakaras t&#279;vams su vaikais skirtas pirm&#261;jai pagalbai!\n\t\t\t\t<img loading=\"lazy\" decoding=\"async\" src=\"https:\/\/littlemedicalschool.com\/lithuania\/files\/2023\/04\/doctor-dolittle-500x500-1-300x300.jpg\" alt=\"doctor-dolittle-500x500\" itemprop=\"image\" height=\"300\" width=\"300\" title=\"doctor-dolittle-500x500\" onerror=\"this.style.display='none'\"  \/>\n\t<strong> Renginys &#8220;Daktaro Dolitlio nuotykiai&#8221; <\/strong><br \/>\nBaland&#382;io 18d. 18val.<br \/>\nJei tu gyv&#363;n&#279;li&#371; myl&#279;tojas ir patinka nuotykiai, Daktaras Dolitlis kvie&#269;ia tave:<br \/>\n&bull; Pad&#279;ti &#303;veikti jam skirtas u&#382;duotis<br \/>\n&bull; Sukurti eksperment&#261;<br \/>\n&bull; I&#353;gydyti visus gyv&#363;n&#279;lius<br \/>\n&bull; Ir pa&#382;aisti smagi&#371; Dolitlio &#382;aidim&#371;<br \/>\nPaskub&#279;k registruokis &#303; daktaro Dolitlio &#353;vent&#279;s nuotykius!\n\t\t\t\t<img loading=\"lazy\" decoding=\"async\" src=\"https:\/\/littlemedicalschool.com\/lithuania\/files\/2023\/07\/zoo-vet-300x300.jpg\" alt=\"zoo-vet\" itemprop=\"image\" height=\"300\" width=\"300\" title=\"zoo-vet\" onerror=\"this.style.display='none'\"  \/>\n\t<strong> Renginys &#8220;Zoologijos sodo veterinaro nuotykiai&#8221; <\/strong><br \/>\nGegu&#382;&#279;s 16 d.<br \/>\nTau patinka zoologijos sodo gyventojai ir nor&#279;tum i&#353;mokti jais pasir&#363;pinti?<br \/>\nTuomet pasinerk &#303; zoologijos sodo veterinarijos nuotykius!<br \/>\nMes:<br \/>\n&bull; Pasipuo&#353;ime baltais chalatukais<br \/>\n&bull; Susipa&#382;insime ir i&#353;bandysime veterinaro &#303;rankius<br \/>\n&bull; Susipa&#382;insime su egzotini&#371; gyv&#363;n&#371; r&#363;&#353;imis, j&#371; prie&#382;i&#363;ra<br \/>\n&bull; Atliksime gyv&#363;no ap&#382;i&#363;r&#261;<br \/>\n&bull; &#381;aisime ir &#353;oksime!\n\t\t\t\t<img loading=\"lazy\" decoding=\"async\" src=\"https:\/\/littlemedicalschool.com\/lithuania\/files\/2023\/07\/as-odontologas-300x300.jpg\" alt=\"as-odontologas\" itemprop=\"image\" height=\"300\" width=\"300\" title=\"as-odontologas\" onerror=\"this.style.display='none'\"  \/>\n\t<strong> Renginys &#8220;A&#353; &ndash; odontologas!&#8221;<\/strong><br \/>\nKovo 19d.<br \/>\nTapk trumpam odontologu ir pasipuo&#353;&#281;s baltu chalatu:<br \/>\n&bull; I&#353;bandyk odontologo &#303;rankius<br \/>\n&bull; Susipa&#382;ink su visais dantukais<br \/>\n&bull; Su&#382;inok visk&#261; apie dantuk&#371; prie&#382;i&#363;r&#261;<br \/>\n&bull; Ir linksmai &#382;aisk &#382;aidimus su susirinkusiais odontologais!\n\t\t\t\t<img loading=\"lazy\" decoding=\"async\" src=\"https:\/\/littlemedicalschool.com\/lithuania\/files\/2023\/07\/dantuku-feja-02-300x300.jpg\" alt=\"dantuku-feja-02\" itemprop=\"image\" height=\"300\" width=\"300\" title=\"dantuku-feja-02\" onerror=\"this.style.display='none'\"  \/>\n\t <strong>Dantuk&#371; f&#279;jos vakaras 4-8m. vaikams! <\/strong><br \/>\nBir&#382;elio 20 d.<br \/>\nkvie&#269;iami visi 4-8m. vaikai linksmai praleisti vakar&#261; su Dantuk&#371; f&#279;ja!<br \/>\nTad jei tau &#303;domu:<br \/>\n&bull; Pamatyti Dantuk&#371; f&#279;j&#261; ir su&#382;inoti jos paslaptis<br \/>\n&bull; I&#353;mokti kaip tinkamai pri&#382;i&#363;r&#279;ti savo dantukus<br \/>\n&bull; Pastatyti did&#382;iul&#281; dantuk&#371; pil&#303;<br \/>\n&bull; Ir pasidaryti savo Dantuk&#371; f&#279;jos d&#279;&#382;ut&#281;, ar burt&#371; lazdel&#281;<br \/>\n&bull; Pa&#382;aisti linksmus &#382;aidimus<br \/>\nTu laukiamas pas mus!<br \/>\nRenginio trukm&#279; &ndash; 2val.<br \/>\nRenginio kaina vaikui 20eur, suaugusiam 5eur.<br \/>\nB&#363;tina i&#353;ankstin&#279; registracija!\n<h4>\n\t\tRenginiai vyksta numatytomis datomis 18.00-20.00 val\n\t<\/h4>\n<h4>\n\t\tRengini&#371; trukm&#279; &#8211; 2 val. <br \/>Renginio kaina 20 eur vaikui, 5 eur t&#279;veliui\n\t<\/h4>\n<h4>\n\t\tB&#363;tina i&#353;ankstin&#279; registracija!\n\t<\/h4>\n\t<strong>Renginiai vyksta:<\/strong><br \/>\nKAUNE &ndash; Savanori&#371; pr. 130.<br \/>\nKLAIP&#278;DOJE &ndash; Karkl&#371; g. 17-1<br \/>\nVILNIUJE &#8211; Sakal&#371; g. 6<br \/>\nVILNIUJE &#8211; Gabijos g. 40<br \/>\nPANEVE&#381;YJE &#8211; Respublikos g. 34.\n<p>Daugiau informacijos lietuva@littlemedicalschool.com<\/p>\n\t\t\t<a href=\"https:\/\/littlemedicalschool.com\/lithuania\/reg-kaunas-renginiai\" target=\"_self\" role=\"button\">\n\t\t\t\t\t\tREGISTRACIJA  &#8211; KAUNAS\n\t\t\t\t\t<\/a>\n\t\t\t<a href=\"https:\/\/littlemedicalschool.com\/lithuania\/reg-vilnius-renginiai\" target=\"_self\" role=\"button\">\n\t\t\t\t\t\tREGISTRACIJA &#8211; VILNIUS\n\t\t\t\t\t<\/a>\n\t\t\t<a href=\"https:\/\/littlemedicalschool.com\/lithuania\/reg-klaipeda-renginiai\" target=\"_self\" role=\"button\">\n\t\t\t\t\t\tREGISTRACIJA  &#8211; KLAIP&#278;DA\n\t\t\t\t\t<\/a>\n\t\t\t<a href=\"https:\/\/littlemedicalschool.com\/lithuania\/reg-pnvz-renginiai\" target=\"_self\" role=\"button\">\n\t\t\t\t\t\tREGISTRACIJA  &#8211; PANEV&#278;&#381;YS\n\t\t\t\t\t<\/a>\n\n","protected":false},"excerpt":{"rendered":"<p>&#8220;Ma&#382;&#371;j&#371; Gydytoj&#371;&#8221; vakar&#279;lis Lapkri&#269;io 16 d. Ar nori tapti gydytoju? M&#363;s&#371; vakar&#279;lyje su&#382;inosi: &bull; Kas gydytojo lagamin&#279;lyje ar ki&#353;en&#279;je? &bull; I&#353;bandysi &#303;vairius gydytojo prietaisus. &bull; Pabandysi suleisti vaist&#371;. &bull; &#302;veiksi gydytojo u&#382;duot&#303;. Renginys t&#279;vams ir vaikams &#8220;Pirmoji pagalba ir a&#353;!&#8221; Vasario 21d. 18.00val. Ar &#382;inote kaip suteikti pirm&#261;j&#261; pagalb&#261; nualpus, u&#382;springus ar tiesiog susi&#382;eidus? Kaip&hellip;<\/p>\n","protected":false},"author":133,"featured_media":0,"parent":0,"menu_order":0,"comment_status":"closed","ping_status":"closed","template":"","meta":{"_monsterinsights_skip_tracking":false,"_monsterinsights_sitenote_active":false,"_monsterinsights_sitenote_note":"","_monsterinsights_sitenote_category":0,"footnotes":""},"class_list":["post-5233","page","type-page","status-publish","hentry"],"yoast_head":"<!-- This site is optimized with the Yoast SEO plugin v27.3 - https:\/\/yoast.com\/product\/yoast-seo-wordpress\/ -->\n<title>Renginiai - Little Medical School - Lithuania<\/title>\n<meta name=\"description\" content=\"Savaitgalio renginiai vaikams, kuriuos organizuoja Ma\u017eoji medicinos mokykla. Renginiai vyksta ketvirtadieniais 18.00-20.00 arba \u0161e\u0161tadieniais 10.00-12.00.\" \/>\n<meta name=\"robots\" content=\"index, follow, max-snippet:-1, max-image-preview:large, max-video-preview:-1\" \/>\n<link rel=\"canonical\" href=\"https:\/\/littlemedicalschool.com\/lithuania\/renginiai-vaikams\/\" \/>\n<meta property=\"og:locale\" content=\"en_US\" \/>\n<meta property=\"og:type\" content=\"article\" \/>\n<meta property=\"og:title\" content=\"Renginiai - Little Medical School - Lithuania\" \/>\n<meta property=\"og:description\" content=\"Savaitgalio renginiai vaikams, kuriuos organizuoja Ma\u017eoji medicinos mokykla. Renginiai vyksta ketvirtadieniais 18.00-20.00 arba \u0161e\u0161tadieniais 10.00-12.00.\" \/>\n<meta property=\"og:url\" content=\"https:\/\/littlemedicalschool.com\/lithuania\/renginiai-vaikams\/\" \/>\n<meta property=\"og:site_name\" content=\"Little Medical School - Lithuania\" \/>\n<meta property=\"article:modified_time\" content=\"2026-01-15T18:06:12+00:00\" \/>\n<meta property=\"og:image\" content=\"https:\/\/littlemedicalschool.com\/lithuania\/files\/2023\/07\/mazieji-gydi-600x600-1-300x300.jpg\" \/>\n<meta name=\"twitter:card\" content=\"summary_large_image\" \/>\n<meta name=\"twitter:label1\" content=\"Est. reading time\" \/>\n\t<meta name=\"twitter:data1\" content=\"2 minutes\" \/>\n<script type=\"application\/ld+json\" class=\"yoast-schema-graph\">{\"@context\":\"https:\\\/\\\/schema.org\",\"@graph\":[{\"@type\":\"WebPage\",\"@id\":\"https:\\\/\\\/littlemedicalschool.com\\\/lithuania\\\/renginiai-vaikams\\\/\",\"url\":\"https:\\\/\\\/littlemedicalschool.com\\\/lithuania\\\/renginiai-vaikams\\\/\",\"name\":\"Renginiai - Little Medical School - Lithuania\",\"isPartOf\":{\"@id\":\"https:\\\/\\\/littlemedicalschool.com\\\/lithuania\\\/#website\"},\"primaryImageOfPage\":{\"@id\":\"https:\\\/\\\/littlemedicalschool.com\\\/lithuania\\\/renginiai-vaikams\\\/#primaryimage\"},\"image\":{\"@id\":\"https:\\\/\\\/littlemedicalschool.com\\\/lithuania\\\/renginiai-vaikams\\\/#primaryimage\"},\"thumbnailUrl\":\"https:\\\/\\\/littlemedicalschool.com\\\/lithuania\\\/files\\\/2023\\\/07\\\/mazieji-gydi-600x600-1-300x300.jpg\",\"datePublished\":\"2022-08-08T09:43:56+00:00\",\"dateModified\":\"2026-01-15T18:06:12+00:00\",\"description\":\"Savaitgalio renginiai vaikams, kuriuos organizuoja Ma\u017eoji medicinos mokykla. Renginiai vyksta ketvirtadieniais 18.00-20.00 arba \u0161e\u0161tadieniais 10.00-12.00.\",\"breadcrumb\":{\"@id\":\"https:\\\/\\\/littlemedicalschool.com\\\/lithuania\\\/renginiai-vaikams\\\/#breadcrumb\"},\"inLanguage\":\"en-US\",\"potentialAction\":[{\"@type\":\"ReadAction\",\"target\":[\"https:\\\/\\\/littlemedicalschool.com\\\/lithuania\\\/renginiai-vaikams\\\/\"]}]},{\"@type\":\"ImageObject\",\"inLanguage\":\"en-US\",\"@id\":\"https:\\\/\\\/littlemedicalschool.com\\\/lithuania\\\/renginiai-vaikams\\\/#primaryimage\",\"url\":\"https:\\\/\\\/littlemedicalschool.com\\\/lithuania\\\/files\\\/2023\\\/07\\\/mazieji-gydi-600x600-1.jpg\",\"contentUrl\":\"https:\\\/\\\/littlemedicalschool.com\\\/lithuania\\\/files\\\/2023\\\/07\\\/mazieji-gydi-600x600-1.jpg\",\"width\":567,\"height\":565},{\"@type\":\"BreadcrumbList\",\"@id\":\"https:\\\/\\\/littlemedicalschool.com\\\/lithuania\\\/renginiai-vaikams\\\/#breadcrumb\",\"itemListElement\":[{\"@type\":\"ListItem\",\"position\":1,\"name\":\"Home\",\"item\":\"https:\\\/\\\/littlemedicalschool.com\\\/lithuania\\\/\"},{\"@type\":\"ListItem\",\"position\":2,\"name\":\"Renginiai\"}]},{\"@type\":\"WebSite\",\"@id\":\"https:\\\/\\\/littlemedicalschool.com\\\/lithuania\\\/#website\",\"url\":\"https:\\\/\\\/littlemedicalschool.com\\\/lithuania\\\/\",\"name\":\"Little Medical School - Lithuania\",\"description\":\"Little Medical School - Lithuania\",\"potentialAction\":[{\"@type\":\"SearchAction\",\"target\":{\"@type\":\"EntryPoint\",\"urlTemplate\":\"https:\\\/\\\/littlemedicalschool.com\\\/lithuania\\\/?s={search_term_string}\"},\"query-input\":{\"@type\":\"PropertyValueSpecification\",\"valueRequired\":true,\"valueName\":\"search_term_string\"}}],\"inLanguage\":\"en-US\"}]}<\/script>\n<!-- \/ Yoast SEO plugin. -->","yoast_head_json":{"title":"Renginiai - Little Medical School - Lithuania","description":"Savaitgalio renginiai vaikams, kuriuos organizuoja Ma\u017eoji medicinos mokykla. Renginiai vyksta ketvirtadieniais 18.00-20.00 arba \u0161e\u0161tadieniais 10.00-12.00.","robots":{"index":"index","follow":"follow","max-snippet":"max-snippet:-1","max-image-preview":"max-image-preview:large","max-video-preview":"max-video-preview:-1"},"canonical":"https:\/\/littlemedicalschool.com\/lithuania\/renginiai-vaikams\/","og_locale":"en_US","og_type":"article","og_title":"Renginiai - Little Medical School - Lithuania","og_description":"Savaitgalio renginiai vaikams, kuriuos organizuoja Ma\u017eoji medicinos mokykla. Renginiai vyksta ketvirtadieniais 18.00-20.00 arba \u0161e\u0161tadieniais 10.00-12.00.","og_url":"https:\/\/littlemedicalschool.com\/lithuania\/renginiai-vaikams\/","og_site_name":"Little Medical School - Lithuania","article_modified_time":"2026-01-15T18:06:12+00:00","og_image":[{"url":"https:\/\/littlemedicalschool.com\/lithuania\/files\/2023\/07\/mazieji-gydi-600x600-1-300x300.jpg","type":"","width":"","height":""}],"twitter_card":"summary_large_image","twitter_misc":{"Est. reading time":"2 minutes"},"schema":{"@context":"https:\/\/schema.org","@graph":[{"@type":"WebPage","@id":"https:\/\/littlemedicalschool.com\/lithuania\/renginiai-vaikams\/","url":"https:\/\/littlemedicalschool.com\/lithuania\/renginiai-vaikams\/","name":"Renginiai - Little Medical School - Lithuania","isPartOf":{"@id":"https:\/\/littlemedicalschool.com\/lithuania\/#website"},"primaryImageOfPage":{"@id":"https:\/\/littlemedicalschool.com\/lithuania\/renginiai-vaikams\/#primaryimage"},"image":{"@id":"https:\/\/littlemedicalschool.com\/lithuania\/renginiai-vaikams\/#primaryimage"},"thumbnailUrl":"https:\/\/littlemedicalschool.com\/lithuania\/files\/2023\/07\/mazieji-gydi-600x600-1-300x300.jpg","datePublished":"2022-08-08T09:43:56+00:00","dateModified":"2026-01-15T18:06:12+00:00","description":"Savaitgalio renginiai vaikams, kuriuos organizuoja Ma\u017eoji medicinos mokykla. Renginiai vyksta ketvirtadieniais 18.00-20.00 arba \u0161e\u0161tadieniais 10.00-12.00.","breadcrumb":{"@id":"https:\/\/littlemedicalschool.com\/lithuania\/renginiai-vaikams\/#breadcrumb"},"inLanguage":"en-US","potentialAction":[{"@type":"ReadAction","target":["https:\/\/littlemedicalschool.com\/lithuania\/renginiai-vaikams\/"]}]},{"@type":"ImageObject","inLanguage":"en-US","@id":"https:\/\/littlemedicalschool.com\/lithuania\/renginiai-vaikams\/#primaryimage","url":"https:\/\/littlemedicalschool.com\/lithuania\/files\/2023\/07\/mazieji-gydi-600x600-1.jpg","contentUrl":"https:\/\/littlemedicalschool.com\/lithuania\/files\/2023\/07\/mazieji-gydi-600x600-1.jpg","width":567,"height":565},{"@type":"BreadcrumbList","@id":"https:\/\/littlemedicalschool.com\/lithuania\/renginiai-vaikams\/#breadcrumb","itemListElement":[{"@type":"ListItem","position":1,"name":"Home","item":"https:\/\/littlemedicalschool.com\/lithuania\/"},{"@type":"ListItem","position":2,"name":"Renginiai"}]},{"@type":"WebSite","@id":"https:\/\/littlemedicalschool.com\/lithuania\/#website","url":"https:\/\/littlemedicalschool.com\/lithuania\/","name":"Little Medical School - Lithuania","description":"Little Medical School - Lithuania","potentialAction":[{"@type":"SearchAction","target":{"@type":"EntryPoint","urlTemplate":"https:\/\/littlemedicalschool.com\/lithuania\/?s={search_term_string}"},"query-input":{"@type":"PropertyValueSpecification","valueRequired":true,"valueName":"search_term_string"}}],"inLanguage":"en-US"}]}},"_links":{"self":[{"href":"https:\/\/littlemedicalschool.com\/lithuania\/wp-json\/wp\/v2\/pages\/5233","targetHints":{"allow":["GET"]}}],"collection":[{"href":"https:\/\/littlemedicalschool.com\/lithuania\/wp-json\/wp\/v2\/pages"}],"about":[{"href":"https:\/\/littlemedicalschool.com\/lithuania\/wp-json\/wp\/v2\/types\/page"}],"author":[{"embeddable":true,"href":"https:\/\/littlemedicalschool.com\/lithuania\/wp-json\/wp\/v2\/users\/133"}],"replies":[{"embeddable":true,"href":"https:\/\/littlemedicalschool.com\/lithuania\/wp-json\/wp\/v2\/comments?post=5233"}],"version-history":[{"count":0,"href":"https:\/\/littlemedicalschool.com\/lithuania\/wp-json\/wp\/v2\/pages\/5233\/revisions"}],"wp:attachment":[{"href":"https:\/\/littlemedicalschool.com\/lithuania\/wp-json\/wp\/v2\/media?parent=5233"}],"curies":[{"name":"wp","href":"https:\/\/api.w.org\/{rel}","templated":true}]}}