
{"id":5707,"date":"2023-07-27T08:19:01","date_gmt":"2023-07-27T08:19:01","guid":{"rendered":"https:\/\/littlemedicalschool.com\/lithuania\/?page_id=5707"},"modified":"2023-07-27T08:25:00","modified_gmt":"2023-07-27T08:25:00","slug":"kuo-mes-isskirtiniai","status":"publish","type":"page","link":"https:\/\/littlemedicalschool.com\/lithuania\/kuo-mes-isskirtiniai\/","title":{"rendered":"Kuo mes i\u0161skirtiniai?"},"content":{"rendered":"\n<h3>\n\t\tKod&#279;l Ma&#382;osios Medicinos Mokyklos u&#382;si&#279;mimai yra i&#353;skirtiniai?\n\t<\/h3>\n\t<p>Ma&#382;osios Medicinos Mokyklos u&#382;si&#279;mimai yra tarpdisciplininiai, nes suteikiame savo mokiniams ne tik TEORINES medicinos ir sveikatos mokslu&#808; &#382;inias, bet ugdome ir PRAKTINIUS &#303;g&#363;d&#382;ius:<\/p>\n<p>\u2022 Skatiname vaik&#371; k&#363;rybi&#353;kum&#261;, fantazij&#261;. M&#363;s&#371; vasaros dienos stovyklos &#8211; vieta k&#363;rybi&#353;kumui ir &#382;aidimams. Vaikai gali vaidinti situacijas, mokytis daryti paprastas medicinines proced&#363;ras, kurti laboratorij&#261;. Vaikai pie&#353;ia, ra&#353;o, lipdo, dalyvauja moksliniuose eksperimentuose. Jie m&#261;sto, ugdo mokymosi &#303;pro&#269;ius, domisi skirtingomis sritimis, taiko skirtingus metodus.<\/p>\n<p>\u2022 Prakti&#353;kai &#303;gyvendiname vaik&#371; sumanymus, o v&#279;liau pl&#279;tojame socialinius-emocinius &#303;g&#363;d&#382;ius &ndash; draug&#371; b&#363;ryje vaikai pristato savo id&#279;jas.<\/p>\n<p>\u2022 Vaikai dirba grup&#279;mis, atlieka u&#382;duotis. Jie mokosi bendradarbiauti, spr&#281;sti problemas. Susitinka su skirtingo am&#382;iaus, skirtingas patirtis turin&#269;iais draugais. Tai skatina socialin&#303; s&#261;veikavim&#261;, bendradarbiavim&#261;, empatij&#261;, tolerancij&#261;.<\/p>\n<p>\u2022 Mokome ne tik medicinos, bet ir kit&#371; moksl&#371; pagrind&#371;, pvz., biologijos, chemijos ar kt. disciplin&#371;, kurios yra susijusios su medicinos praktika. M&#363;s&#371; programose mokytojai ir mokiniai integruoja skirtingas temas, persidengian&#269;ias i&#353; skirting&#371; sri&#269;i&#371;.<\/p>\n<p>\u2022 Programa supa&#382;indina su skirtingomis profesijomis ir &#303;vairiomis disciplinomis, j&#371; tarpusavio s&#261;veika. Mokome spr&#281;sti klausimus kompleksi&#353;kai. Vaikai susipa&#382;&#303;sta su skirtingomis profesijomis pvz., gydytojo, slaugytojo, laboratorijos darbuotojo, odontologo, veterinaro ir kt.<\/p>\n<p>\u2022 Suteikiame galimyb&#281; i&#353;mokti kasdienio gyvenimo &#303;g&#363;d&#382;i&#371;, pvz., valgyti sveikai, tvarkyti savo darbo erdv&#281; po darbo dienos, planuoti laik&#261;. Tai padeda vaikams didinti savivert&#281;, tobulinti asmeninius &#303;g&#363;d&#382;ius.<\/p>\n\t\t\t\t<img loading=\"lazy\" decoding=\"async\" src=\"https:\/\/littlemedicalschool.com\/lithuania\/files\/2022\/04\/veterinarija.jpg\" alt=\"veterinarija\" height=\"600\" width=\"450\" title=\"veterinarija\" \/>\n\t\t\t\t<img loading=\"lazy\" decoding=\"async\" src=\"https:\/\/littlemedicalschool.com\/lithuania\/files\/2022\/04\/MMM-web-veterinarija.png\" alt=\"MMM-web-veterinarija\" height=\"434\" width=\"590\" title=\"MMM-web-veterinarija\" \/>\n\t<p>Ma&#382;ojoje Medicinos Mokykloje &#303;kvepiame vaikus, dalindamiesi savo aistra mokymuisi, sveikatai ir medicinos karjerai.<\/p>\n<p>U&#382;si&#279;mimai skirti visiems vaikams, &#8211; diferencijuojame pagal am&#382;iaus grupes ir sugeb&#279;jimus. Pristatome medicin&#261; ir sveikatos svarb&#261; &#303;domiai ir turiningai per praktines u&#382;duotis. Kiekviename u&#382;si&#279;mime b&#363;na teorin&#279;, praktin&#279;, &#382;aidybin&#279; ir apibendrinimo dalys. <\/p>\n<p>Suteikiame visas priemon&#279;s, kad vaikai prakti&#353;kai gal&#279;t&#371; &#303;gyvendinti tos dienos u&#382;duot&#303;. Pas mus renkasi smals&#363;s, suman&#363;s, gab&#363;s ir k&#363;rybi&#353;kumu pasi&#382;ymintys vaikai, kuriuos domina supantis pasaulis, gamtos mokslai, medicina ar veterinarija.<\/p>\n\t\t\t\t<img loading=\"lazy\" decoding=\"async\" src=\"https:\/\/littlemedicalschool.com\/locationtemplate\/wp-content\/uploads\/sites\/86\/2019\/12\/lms-exp1.png\" alt=\"lms-exp1\" height=\"370\" width=\"570\" title=\"lms-exp1\" \/>\n\t\t\t\t<img loading=\"lazy\" decoding=\"async\" src=\"https:\/\/littlemedicalschool.com\/lithuania\/files\/2023\/01\/lms-stem1.png\" alt=\"lms-stem1\" height=\"370\" width=\"570\" title=\"lms-stem1\" \/>\n\t\t\t\t<img loading=\"lazy\" decoding=\"async\" src=\"https:\/\/littlemedicalschool.com\/lithuania\/files\/2023\/01\/programs-img1.png\" alt=\"programs-img1\" height=\"560\" width=\"857\" title=\"programs-img1\" \/>\n\n","protected":false},"excerpt":{"rendered":"<p>Kod&#279;l Ma&#382;osios Medicinos Mokyklos u&#382;si&#279;mimai yra i&#353;skirtiniai? Ma&#382;osios Medicinos Mokyklos u&#382;si&#279;mimai yra tarpdisciplininiai, nes suteikiame savo mokiniams ne tik TEORINES medicinos ir sveikatos mokslu&#808; &#382;inias, bet ugdome ir PRAKTINIUS &#303;g&#363;d&#382;ius: \u2022 Skatiname vaik&#371; k&#363;rybi&#353;kum&#261;, fantazij&#261;. M&#363;s&#371; vasaros dienos stovyklos &#8211; vieta k&#363;rybi&#353;kumui ir &#382;aidimams. Vaikai gali vaidinti situacijas, mokytis daryti paprastas medicinines proced&#363;ras, kurti laboratorij&#261;.&hellip;<\/p>\n","protected":false},"author":133,"featured_media":0,"parent":0,"menu_order":0,"comment_status":"closed","ping_status":"closed","template":"","meta":{"_monsterinsights_skip_tracking":false,"_monsterinsights_sitenote_active":false,"_monsterinsights_sitenote_note":"","_monsterinsights_sitenote_category":0,"footnotes":""},"class_list":["post-5707","page","type-page","status-publish","hentry"],"yoast_head":"<!-- This site is optimized with the Yoast SEO plugin v27.3 - https:\/\/yoast.com\/product\/yoast-seo-wordpress\/ -->\n<title>Kuo mes i\u0161skirtiniai? - Little Medical School - Lithuania<\/title>\n<meta name=\"description\" content=\"Ma\u017eosios Medicinos Mokyklos u\u017esi?mimai yra tarpdisciplininiai, nes suteikiame savo mokiniams ne tik TEORINES \u017einias, bet ugdome ir PRAKTINIUS ?g?d\u017eius.\" \/>\n<meta name=\"robots\" content=\"index, follow, max-snippet:-1, max-image-preview:large, max-video-preview:-1\" \/>\n<link rel=\"canonical\" href=\"https:\/\/littlemedicalschool.com\/lithuania\/kuo-mes-isskirtiniai\/\" \/>\n<meta property=\"og:locale\" content=\"en_US\" \/>\n<meta property=\"og:type\" content=\"article\" \/>\n<meta property=\"og:title\" content=\"Kuo mes i\u0161skirtiniai? - Little Medical School - Lithuania\" \/>\n<meta property=\"og:description\" content=\"Ma\u017eosios Medicinos Mokyklos u\u017esi?mimai yra tarpdisciplininiai, nes suteikiame savo mokiniams ne tik TEORINES \u017einias, bet ugdome ir PRAKTINIUS ?g?d\u017eius.\" \/>\n<meta property=\"og:url\" content=\"https:\/\/littlemedicalschool.com\/lithuania\/kuo-mes-isskirtiniai\/\" \/>\n<meta property=\"og:site_name\" content=\"Little Medical School - Lithuania\" \/>\n<meta property=\"article:modified_time\" content=\"2023-07-27T08:25:00+00:00\" \/>\n<meta property=\"og:image\" content=\"https:\/\/littlemedicalschool.com\/lithuania\/files\/2022\/04\/veterinarija.jpg\" \/>\n<meta name=\"twitter:card\" content=\"summary_large_image\" \/>\n<meta name=\"twitter:label1\" content=\"Est. reading time\" \/>\n\t<meta name=\"twitter:data1\" content=\"2 minutes\" \/>\n<script type=\"application\/ld+json\" class=\"yoast-schema-graph\">{\"@context\":\"https:\\\/\\\/schema.org\",\"@graph\":[{\"@type\":\"WebPage\",\"@id\":\"https:\\\/\\\/littlemedicalschool.com\\\/lithuania\\\/kuo-mes-isskirtiniai\\\/\",\"url\":\"https:\\\/\\\/littlemedicalschool.com\\\/lithuania\\\/kuo-mes-isskirtiniai\\\/\",\"name\":\"Kuo mes i\u0161skirtiniai? - Little Medical School - Lithuania\",\"isPartOf\":{\"@id\":\"https:\\\/\\\/littlemedicalschool.com\\\/lithuania\\\/#website\"},\"primaryImageOfPage\":{\"@id\":\"https:\\\/\\\/littlemedicalschool.com\\\/lithuania\\\/kuo-mes-isskirtiniai\\\/#primaryimage\"},\"image\":{\"@id\":\"https:\\\/\\\/littlemedicalschool.com\\\/lithuania\\\/kuo-mes-isskirtiniai\\\/#primaryimage\"},\"thumbnailUrl\":\"https:\\\/\\\/littlemedicalschool.com\\\/lithuania\\\/files\\\/2022\\\/04\\\/veterinarija.jpg\",\"datePublished\":\"2023-07-27T08:19:01+00:00\",\"dateModified\":\"2023-07-27T08:25:00+00:00\",\"description\":\"Ma\u017eosios Medicinos Mokyklos u\u017esi?mimai yra tarpdisciplininiai, nes suteikiame savo mokiniams ne tik TEORINES \u017einias, bet ugdome ir PRAKTINIUS ?g?d\u017eius.\",\"breadcrumb\":{\"@id\":\"https:\\\/\\\/littlemedicalschool.com\\\/lithuania\\\/kuo-mes-isskirtiniai\\\/#breadcrumb\"},\"inLanguage\":\"en-US\",\"potentialAction\":[{\"@type\":\"ReadAction\",\"target\":[\"https:\\\/\\\/littlemedicalschool.com\\\/lithuania\\\/kuo-mes-isskirtiniai\\\/\"]}]},{\"@type\":\"ImageObject\",\"inLanguage\":\"en-US\",\"@id\":\"https:\\\/\\\/littlemedicalschool.com\\\/lithuania\\\/kuo-mes-isskirtiniai\\\/#primaryimage\",\"url\":\"https:\\\/\\\/littlemedicalschool.com\\\/lithuania\\\/files\\\/2022\\\/04\\\/veterinarija.jpg\",\"contentUrl\":\"https:\\\/\\\/littlemedicalschool.com\\\/lithuania\\\/files\\\/2022\\\/04\\\/veterinarija.jpg\",\"width\":450,\"height\":600},{\"@type\":\"BreadcrumbList\",\"@id\":\"https:\\\/\\\/littlemedicalschool.com\\\/lithuania\\\/kuo-mes-isskirtiniai\\\/#breadcrumb\",\"itemListElement\":[{\"@type\":\"ListItem\",\"position\":1,\"name\":\"Home\",\"item\":\"https:\\\/\\\/littlemedicalschool.com\\\/lithuania\\\/\"},{\"@type\":\"ListItem\",\"position\":2,\"name\":\"Kuo mes i\u0161skirtiniai?\"}]},{\"@type\":\"WebSite\",\"@id\":\"https:\\\/\\\/littlemedicalschool.com\\\/lithuania\\\/#website\",\"url\":\"https:\\\/\\\/littlemedicalschool.com\\\/lithuania\\\/\",\"name\":\"Little Medical School - Lithuania\",\"description\":\"Little Medical School - Lithuania\",\"potentialAction\":[{\"@type\":\"SearchAction\",\"target\":{\"@type\":\"EntryPoint\",\"urlTemplate\":\"https:\\\/\\\/littlemedicalschool.com\\\/lithuania\\\/?s={search_term_string}\"},\"query-input\":{\"@type\":\"PropertyValueSpecification\",\"valueRequired\":true,\"valueName\":\"search_term_string\"}}],\"inLanguage\":\"en-US\"}]}<\/script>\n<!-- \/ Yoast SEO plugin. -->","yoast_head_json":{"title":"Kuo mes i\u0161skirtiniai? - Little Medical School - Lithuania","description":"Ma\u017eosios Medicinos Mokyklos u\u017esi?mimai yra tarpdisciplininiai, nes suteikiame savo mokiniams ne tik TEORINES \u017einias, bet ugdome ir PRAKTINIUS ?g?d\u017eius.","robots":{"index":"index","follow":"follow","max-snippet":"max-snippet:-1","max-image-preview":"max-image-preview:large","max-video-preview":"max-video-preview:-1"},"canonical":"https:\/\/littlemedicalschool.com\/lithuania\/kuo-mes-isskirtiniai\/","og_locale":"en_US","og_type":"article","og_title":"Kuo mes i\u0161skirtiniai? - Little Medical School - Lithuania","og_description":"Ma\u017eosios Medicinos Mokyklos u\u017esi?mimai yra tarpdisciplininiai, nes suteikiame savo mokiniams ne tik TEORINES \u017einias, bet ugdome ir PRAKTINIUS ?g?d\u017eius.","og_url":"https:\/\/littlemedicalschool.com\/lithuania\/kuo-mes-isskirtiniai\/","og_site_name":"Little Medical School - Lithuania","article_modified_time":"2023-07-27T08:25:00+00:00","og_image":[{"url":"https:\/\/littlemedicalschool.com\/lithuania\/files\/2022\/04\/veterinarija.jpg","type":"","width":"","height":""}],"twitter_card":"summary_large_image","twitter_misc":{"Est. reading time":"2 minutes"},"schema":{"@context":"https:\/\/schema.org","@graph":[{"@type":"WebPage","@id":"https:\/\/littlemedicalschool.com\/lithuania\/kuo-mes-isskirtiniai\/","url":"https:\/\/littlemedicalschool.com\/lithuania\/kuo-mes-isskirtiniai\/","name":"Kuo mes i\u0161skirtiniai? - Little Medical School - Lithuania","isPartOf":{"@id":"https:\/\/littlemedicalschool.com\/lithuania\/#website"},"primaryImageOfPage":{"@id":"https:\/\/littlemedicalschool.com\/lithuania\/kuo-mes-isskirtiniai\/#primaryimage"},"image":{"@id":"https:\/\/littlemedicalschool.com\/lithuania\/kuo-mes-isskirtiniai\/#primaryimage"},"thumbnailUrl":"https:\/\/littlemedicalschool.com\/lithuania\/files\/2022\/04\/veterinarija.jpg","datePublished":"2023-07-27T08:19:01+00:00","dateModified":"2023-07-27T08:25:00+00:00","description":"Ma\u017eosios Medicinos Mokyklos u\u017esi?mimai yra tarpdisciplininiai, nes suteikiame savo mokiniams ne tik TEORINES \u017einias, bet ugdome ir PRAKTINIUS ?g?d\u017eius.","breadcrumb":{"@id":"https:\/\/littlemedicalschool.com\/lithuania\/kuo-mes-isskirtiniai\/#breadcrumb"},"inLanguage":"en-US","potentialAction":[{"@type":"ReadAction","target":["https:\/\/littlemedicalschool.com\/lithuania\/kuo-mes-isskirtiniai\/"]}]},{"@type":"ImageObject","inLanguage":"en-US","@id":"https:\/\/littlemedicalschool.com\/lithuania\/kuo-mes-isskirtiniai\/#primaryimage","url":"https:\/\/littlemedicalschool.com\/lithuania\/files\/2022\/04\/veterinarija.jpg","contentUrl":"https:\/\/littlemedicalschool.com\/lithuania\/files\/2022\/04\/veterinarija.jpg","width":450,"height":600},{"@type":"BreadcrumbList","@id":"https:\/\/littlemedicalschool.com\/lithuania\/kuo-mes-isskirtiniai\/#breadcrumb","itemListElement":[{"@type":"ListItem","position":1,"name":"Home","item":"https:\/\/littlemedicalschool.com\/lithuania\/"},{"@type":"ListItem","position":2,"name":"Kuo mes i\u0161skirtiniai?"}]},{"@type":"WebSite","@id":"https:\/\/littlemedicalschool.com\/lithuania\/#website","url":"https:\/\/littlemedicalschool.com\/lithuania\/","name":"Little Medical School - Lithuania","description":"Little Medical School - Lithuania","potentialAction":[{"@type":"SearchAction","target":{"@type":"EntryPoint","urlTemplate":"https:\/\/littlemedicalschool.com\/lithuania\/?s={search_term_string}"},"query-input":{"@type":"PropertyValueSpecification","valueRequired":true,"valueName":"search_term_string"}}],"inLanguage":"en-US"}]}},"_links":{"self":[{"href":"https:\/\/littlemedicalschool.com\/lithuania\/wp-json\/wp\/v2\/pages\/5707","targetHints":{"allow":["GET"]}}],"collection":[{"href":"https:\/\/littlemedicalschool.com\/lithuania\/wp-json\/wp\/v2\/pages"}],"about":[{"href":"https:\/\/littlemedicalschool.com\/lithuania\/wp-json\/wp\/v2\/types\/page"}],"author":[{"embeddable":true,"href":"https:\/\/littlemedicalschool.com\/lithuania\/wp-json\/wp\/v2\/users\/133"}],"replies":[{"embeddable":true,"href":"https:\/\/littlemedicalschool.com\/lithuania\/wp-json\/wp\/v2\/comments?post=5707"}],"version-history":[{"count":0,"href":"https:\/\/littlemedicalschool.com\/lithuania\/wp-json\/wp\/v2\/pages\/5707\/revisions"}],"wp:attachment":[{"href":"https:\/\/littlemedicalschool.com\/lithuania\/wp-json\/wp\/v2\/media?parent=5707"}],"curies":[{"name":"wp","href":"https:\/\/api.w.org\/{rel}","templated":true}]}}