
{"id":1569,"date":"2017-05-02T05:22:30","date_gmt":"2017-05-02T05:22:30","guid":{"rendered":"http:\/\/lms.dmwebtest.com\/?page_id=1569"},"modified":"2025-07-17T04:55:16","modified_gmt":"2025-07-17T04:55:16","slug":"about-us","status":"publish","type":"page","link":"https:\/\/littlemedicalschool.com\/montreal\/fr\/about-us\/","title":{"rendered":"\u00c0 propos"},"content":{"rendered":"<h4>\n\t\tLittle Medical School Montreal\n\t<\/h4>\n\t<p>Little Medical School (LMS) is deeply rooted in Founder Dr. Mary Mason&#8217;s love of family, medicine and education. In 1998, Dr. Mason wrote her first lesson plan and enlisted her medical residents to teach local teenagers. This passion for encouraging careers in healthcare culminated in the creation of LMS in 2010. Today, the company is a pioneer and leading developer of specialized curriculum and interactive resources for children aged 1-14.<\/p>\n<p>Nous proposons des camps d'\u00e9t\u00e9, des programmes parascolaires, des sorties scolaires, des f\u00eates d'anniversaire, des cours de badge scout et des \u00e9v\u00e9nements sp\u00e9ciaux que nous pouvons personnaliser en fonction de vos besoins.<\/p>\n\t\t\t\t<img loading=\"lazy\" decoding=\"async\" src=\"https:\/\/littlemedicalschool.com\/locationtemplate\/wp-content\/uploads\/sites\/86\/2020\/01\/abouttop.png\" alt=\"abouttop\" height=\"523\" width=\"800\" title=\"abouttop\" \/>\n\t<p>Imagination: We believe children need to dream and have opportunities to discover.<\/p>\n\t<p>Nurturing: We create environments to learn and explore while building self-confidence.<\/p>\n\t<p>Service: We realize love of medicine requires a commitment to helping others.<\/p>\n\t<p>Passion: We are energized by our desire to share our love of learning and health.<\/p>\n\t<p>Innovation: We engage all by merging entertainment and education.<\/p>\n\t<p>Role-playing: We realize the power of one-on-one AND group interaction.<\/p>\n\t<p>Educational: We develop unique curriculum to highlight career options. <\/p>\n\t<p>Bien que les sept valeurs ci-dessus constituent le fondement de notre raison d\u2019\u00eatre et de la mani\u00e8re dont nous menons nos activit\u00e9s, notre fonction la plus importante est d\u2019INSPIRATION une meilleure compr\u00e9hension des options de sant\u00e9 et de carri\u00e8re.<\/p>\n<h5>\n\t\t\u00c0 propos de la Petite \u00c9cole de M\u00e9decine de Montr\u00e9al\n\t<\/h5>\n\t<p>LMS of Montreal works with educators, healthcare leaders, and community organizations to INSPIRE healthy lifestyles in children as they learn about medical careers. Our LMS Trained Instructors are also community members &#8211; these individuals range from aspiring world changers, practicing medical providers, and accomplished educators. All programs are written by a board-certified educator and reviewed by board-certified and trained healthcare professionals.<\/p>\n\t\t\t\t<img loading=\"lazy\" decoding=\"async\" src=\"https:\/\/littlemedicalschool.com\/locationtemplate\/wp-content\/uploads\/sites\/86\/2020\/01\/about1.jpg\" alt=\"about1\" height=\"397\" width=\"600\" title=\"about1\" \/>\n\t\t\t\t<img loading=\"lazy\" decoding=\"async\" src=\"https:\/\/littlemedicalschool.com\/locationtemplate\/wp-content\/uploads\/sites\/86\/2020\/01\/about2.jpg\" alt=\"about2\" height=\"397\" width=\"600\" title=\"about2\" \/>\n\t\t\t\t<img loading=\"lazy\" decoding=\"async\" src=\"https:\/\/littlemedicalschool.com\/locationtemplate\/wp-content\/uploads\/sites\/86\/2020\/01\/about3.jpg\" alt=\"about3\" height=\"397\" width=\"600\" title=\"about3\" \/>","protected":false},"excerpt":{"rendered":"<p>Little Medical School Montreal Little Medical School (LMS) is deeply rooted in Founder Dr. Mary Mason&#8217;s love of family, medicine and education. In 1998, Dr. Mason wrote her first lesson plan and enlisted her medical residents to teach local teenagers. This passion for encouraging careers in healthcare culminated in the creation of LMS in 2010.&hellip;<\/p>","protected":false},"author":12,"featured_media":0,"parent":0,"menu_order":0,"comment_status":"closed","ping_status":"closed","template":"","meta":{"_monsterinsights_skip_tracking":false,"_monsterinsights_sitenote_active":false,"_monsterinsights_sitenote_note":"","_monsterinsights_sitenote_category":0,"footnotes":""},"class_list":["post-1569","page","type-page","status-publish","hentry"],"yoast_head":"<!-- This site is optimized with the Yoast SEO plugin v27.3 - https:\/\/yoast.com\/product\/yoast-seo-wordpress\/ -->\n<title>About Us - Little Medical School\u00ae - Montreal<\/title>\n<meta name=\"robots\" content=\"index, follow, max-snippet:-1, max-image-preview:large, max-video-preview:-1\" \/>\n<link rel=\"canonical\" href=\"https:\/\/littlemedicalschool.com\/montreal\/fr\/about-us\/\" \/>\n<meta property=\"og:locale\" content=\"fr_CA\" \/>\n<meta property=\"og:type\" content=\"article\" \/>\n<meta property=\"og:title\" content=\"About Us - Little Medical School\u00ae - Montreal\" \/>\n<meta property=\"og:description\" content=\"Little Medical School Montreal Little Medical School (LMS) is deeply rooted in Founder Dr. Mary Mason&#8217;s love of family, medicine and education. In 1998, Dr. Mason wrote her first lesson plan and enlisted her medical residents to teach local teenagers. This passion for encouraging careers in healthcare culminated in the creation of LMS in 2010.&hellip;\" \/>\n<meta property=\"og:url\" content=\"https:\/\/littlemedicalschool.com\/montreal\/fr\/about-us\/\" \/>\n<meta property=\"og:site_name\" content=\"Little Medical School\u00ae - Montreal\" \/>\n<meta property=\"article:modified_time\" content=\"2025-07-17T04:55:16+00:00\" \/>\n<meta property=\"og:image\" content=\"https:\/\/littlemedicalschool.com\/locationtemplate\/wp-content\/uploads\/sites\/86\/2020\/01\/abouttop.png\" \/>\n<meta name=\"twitter:card\" content=\"summary_large_image\" \/>\n<meta name=\"twitter:label1\" content=\"Est. reading time\" \/>\n\t<meta name=\"twitter:data1\" content=\"1 minute\" \/>\n<script type=\"application\/ld+json\" class=\"yoast-schema-graph\">{\"@context\":\"https:\\\/\\\/schema.org\",\"@graph\":[{\"@type\":\"WebPage\",\"@id\":\"https:\\\/\\\/littlemedicalschool.com\\\/montreal\\\/about-us\\\/\",\"url\":\"https:\\\/\\\/littlemedicalschool.com\\\/montreal\\\/about-us\\\/\",\"name\":\"About Us - Little Medical School\u00ae - Montreal\",\"isPartOf\":{\"@id\":\"https:\\\/\\\/littlemedicalschool.com\\\/montreal\\\/#website\"},\"primaryImageOfPage\":{\"@id\":\"https:\\\/\\\/littlemedicalschool.com\\\/montreal\\\/about-us\\\/#primaryimage\"},\"image\":{\"@id\":\"https:\\\/\\\/littlemedicalschool.com\\\/montreal\\\/about-us\\\/#primaryimage\"},\"thumbnailUrl\":\"https:\\\/\\\/littlemedicalschool.com\\\/locationtemplate\\\/wp-content\\\/uploads\\\/sites\\\/86\\\/2020\\\/01\\\/abouttop.png\",\"datePublished\":\"2017-05-02T05:22:30+00:00\",\"dateModified\":\"2025-07-17T04:55:16+00:00\",\"breadcrumb\":{\"@id\":\"https:\\\/\\\/littlemedicalschool.com\\\/montreal\\\/about-us\\\/#breadcrumb\"},\"inLanguage\":\"fr-CA\",\"potentialAction\":[{\"@type\":\"ReadAction\",\"target\":[\"https:\\\/\\\/littlemedicalschool.com\\\/montreal\\\/about-us\\\/\"]}]},{\"@type\":\"ImageObject\",\"inLanguage\":\"fr-CA\",\"@id\":\"https:\\\/\\\/littlemedicalschool.com\\\/montreal\\\/about-us\\\/#primaryimage\",\"url\":\"https:\\\/\\\/littlemedicalschool.com\\\/locationtemplate\\\/wp-content\\\/uploads\\\/sites\\\/86\\\/2020\\\/01\\\/abouttop.png\",\"contentUrl\":\"https:\\\/\\\/littlemedicalschool.com\\\/locationtemplate\\\/wp-content\\\/uploads\\\/sites\\\/86\\\/2020\\\/01\\\/abouttop.png\"},{\"@type\":\"BreadcrumbList\",\"@id\":\"https:\\\/\\\/littlemedicalschool.com\\\/montreal\\\/about-us\\\/#breadcrumb\",\"itemListElement\":[{\"@type\":\"ListItem\",\"position\":1,\"name\":\"Home\",\"item\":\"https:\\\/\\\/littlemedicalschool.com\\\/montreal\\\/\"},{\"@type\":\"ListItem\",\"position\":2,\"name\":\"About Us\"}]},{\"@type\":\"WebSite\",\"@id\":\"https:\\\/\\\/littlemedicalschool.com\\\/montreal\\\/#website\",\"url\":\"https:\\\/\\\/littlemedicalschool.com\\\/montreal\\\/\",\"name\":\"Little Medical School\u00ae - Montreal\",\"description\":\"Little Medical School\u00ae  - Montreal\",\"potentialAction\":[{\"@type\":\"SearchAction\",\"target\":{\"@type\":\"EntryPoint\",\"urlTemplate\":\"https:\\\/\\\/littlemedicalschool.com\\\/montreal\\\/?s={search_term_string}\"},\"query-input\":{\"@type\":\"PropertyValueSpecification\",\"valueRequired\":true,\"valueName\":\"search_term_string\"}}],\"inLanguage\":\"fr-CA\"}]}<\/script>\n<!-- \/ Yoast SEO plugin. -->","yoast_head_json":{"title":"About Us - Little Medical School\u00ae - Montreal","robots":{"index":"index","follow":"follow","max-snippet":"max-snippet:-1","max-image-preview":"max-image-preview:large","max-video-preview":"max-video-preview:-1"},"canonical":"https:\/\/littlemedicalschool.com\/montreal\/fr\/about-us\/","og_locale":"fr_CA","og_type":"article","og_title":"About Us - Little Medical School\u00ae - Montreal","og_description":"Little Medical School Montreal Little Medical School (LMS) is deeply rooted in Founder Dr. Mary Mason&#8217;s love of family, medicine and education. In 1998, Dr. Mason wrote her first lesson plan and enlisted her medical residents to teach local teenagers. This passion for encouraging careers in healthcare culminated in the creation of LMS in 2010.&hellip;","og_url":"https:\/\/littlemedicalschool.com\/montreal\/fr\/about-us\/","og_site_name":"Little Medical School\u00ae - Montreal","article_modified_time":"2025-07-17T04:55:16+00:00","og_image":[{"url":"https:\/\/littlemedicalschool.com\/locationtemplate\/wp-content\/uploads\/sites\/86\/2020\/01\/abouttop.png","type":"","width":"","height":""}],"twitter_card":"summary_large_image","twitter_misc":{"Est. reading time":"1 minute"},"schema":{"@context":"https:\/\/schema.org","@graph":[{"@type":"WebPage","@id":"https:\/\/littlemedicalschool.com\/montreal\/about-us\/","url":"https:\/\/littlemedicalschool.com\/montreal\/about-us\/","name":"About Us - Little Medical School\u00ae - Montreal","isPartOf":{"@id":"https:\/\/littlemedicalschool.com\/montreal\/#website"},"primaryImageOfPage":{"@id":"https:\/\/littlemedicalschool.com\/montreal\/about-us\/#primaryimage"},"image":{"@id":"https:\/\/littlemedicalschool.com\/montreal\/about-us\/#primaryimage"},"thumbnailUrl":"https:\/\/littlemedicalschool.com\/locationtemplate\/wp-content\/uploads\/sites\/86\/2020\/01\/abouttop.png","datePublished":"2017-05-02T05:22:30+00:00","dateModified":"2025-07-17T04:55:16+00:00","breadcrumb":{"@id":"https:\/\/littlemedicalschool.com\/montreal\/about-us\/#breadcrumb"},"inLanguage":"fr-CA","potentialAction":[{"@type":"ReadAction","target":["https:\/\/littlemedicalschool.com\/montreal\/about-us\/"]}]},{"@type":"ImageObject","inLanguage":"fr-CA","@id":"https:\/\/littlemedicalschool.com\/montreal\/about-us\/#primaryimage","url":"https:\/\/littlemedicalschool.com\/locationtemplate\/wp-content\/uploads\/sites\/86\/2020\/01\/abouttop.png","contentUrl":"https:\/\/littlemedicalschool.com\/locationtemplate\/wp-content\/uploads\/sites\/86\/2020\/01\/abouttop.png"},{"@type":"BreadcrumbList","@id":"https:\/\/littlemedicalschool.com\/montreal\/about-us\/#breadcrumb","itemListElement":[{"@type":"ListItem","position":1,"name":"Home","item":"https:\/\/littlemedicalschool.com\/montreal\/"},{"@type":"ListItem","position":2,"name":"About Us"}]},{"@type":"WebSite","@id":"https:\/\/littlemedicalschool.com\/montreal\/#website","url":"https:\/\/littlemedicalschool.com\/montreal\/","name":"Little Medical School\u00ae - Montreal","description":"Little Medical School\u00ae  - Montreal","potentialAction":[{"@type":"SearchAction","target":{"@type":"EntryPoint","urlTemplate":"https:\/\/littlemedicalschool.com\/montreal\/?s={search_term_string}"},"query-input":{"@type":"PropertyValueSpecification","valueRequired":true,"valueName":"search_term_string"}}],"inLanguage":"fr-CA"}]}},"_links":{"self":[{"href":"https:\/\/littlemedicalschool.com\/montreal\/fr\/wp-json\/wp\/v2\/pages\/1569","targetHints":{"allow":["GET"]}}],"collection":[{"href":"https:\/\/littlemedicalschool.com\/montreal\/fr\/wp-json\/wp\/v2\/pages"}],"about":[{"href":"https:\/\/littlemedicalschool.com\/montreal\/fr\/wp-json\/wp\/v2\/types\/page"}],"author":[{"embeddable":true,"href":"https:\/\/littlemedicalschool.com\/montreal\/fr\/wp-json\/wp\/v2\/users\/12"}],"replies":[{"embeddable":true,"href":"https:\/\/littlemedicalschool.com\/montreal\/fr\/wp-json\/wp\/v2\/comments?post=1569"}],"version-history":[{"count":0,"href":"https:\/\/littlemedicalschool.com\/montreal\/fr\/wp-json\/wp\/v2\/pages\/1569\/revisions"}],"wp:attachment":[{"href":"https:\/\/littlemedicalschool.com\/montreal\/fr\/wp-json\/wp\/v2\/media?parent=1569"}],"curies":[{"name":"wp","href":"https:\/\/api.w.org\/{rel}","templated":true}]}}