
{"id":1580,"date":"2017-05-02T06:31:01","date_gmt":"2017-05-02T06:31:01","guid":{"rendered":"http:\/\/lms.dmwebtest.com\/?page_id=1580"},"modified":"2025-07-18T00:44:14","modified_gmt":"2025-07-18T00:44:14","slug":"summer-camps","status":"publish","type":"page","link":"https:\/\/littlemedicalschool.com\/montreal\/fr\/summer-camps\/","title":{"rendered":"Camps d&#039;\u00e9t\u00e9"},"content":{"rendered":"<h2>\n\t\tFaites venir \u00e0 vous nos camps d'\u00e9t\u00e9 en STEM!\n\t<\/h2>\n\t<p>Little Medical School Montr\u00e9al est ravie de proposer des camps d'\u00e9t\u00e9 amusants et stimulants dans la r\u00e9gion de Montr\u00e9al ! La plupart de nos programmes, comme Little Doctor School, Little Veterinarian et Wilderness Medicine, sont propos\u00e9s sous forme de camps d'\u00e9t\u00e9. La plupart des camps se d\u00e9roulent du lundi au vendredi,  du matin au milieu de l'apr\u00e8s-midi.<\/p>\n<p>Nous travaillons en partenariat avec des \u00e9coles, des organisations ou des groupes pour leur proposer des camps d'\u00e9t\u00e9.<\/p>\n\t\t\t\t<img decoding=\"async\" src=\"https:\/\/littlemedicalschool.com\/montreallms\/files\/2024\/03\/summercamps.png\" alt=\"summercamps\" itemprop=\"image\" title=\"summercamps\" onerror=\"this.style.display='none'\"  \/>\n<h4>Pourquoi des camps d\u2019\u00e9t\u00e9 ?<\/h4>\n<p>Nos camps d'\u00e9t\u00e9 donnent aux enfants et \u00e0 leurs amis l'occasion de se retrouver pendant l'\u00e9t\u00e9, lorsque l'\u00e9cole n'est pas ouverte. Ils permettent \u00e9galement aux enfants d'explorer des sujets et d'apprendre quelque chose de nouveau en dehors de ce qu'ils apprennent traditionnellement \u00e0 l'\u00e9cole.<\/p>\n<p>Les enfants sont intelligents et leur esprit est une v\u00e9ritable \u00e9ponge. Nos camps d'\u00e9t\u00e9 en STEM et en m\u00e9decine donnent aux enfants de vraies connaissances m\u00e9dicales comme les premiers secours, la r\u00e9animation cardio-pulmonaire, la pose d'un garrot et bien plus encore.<\/p>\n\t\t\t\t<img decoding=\"async\" src=\"https:\/\/littlemedicalschool.com\/montreallms\/files\/2024\/03\/summer-camps-potential.png\" alt=\"summer-camps-potential\" itemprop=\"image\" title=\"summer-camps-potential\" onerror=\"this.style.display='none'\"  \/>\n<h4>Quels camps d'\u00e9t\u00e9 avons-nous ?<\/h4>\n<p>Tous nos programmes d'enrichissement p\u00e9riscolaires sont \u00e9galement disponibles en camps d'\u00e9t\u00e9\u00a0! Ainsi, des programmes comme notre \u00e9cole de m\u00e9decine, notre \u00e9cole v\u00e9t\u00e9rinaire, notre \u00e9cole de m\u00e9decine en milieu sauvage, notre \u00e9cole de m\u00e9decine sportive et bien d'autres sont disponibles en camps d'\u00e9t\u00e9 d'une semaine.<\/p>\n<p>Pr\u00eat pour un \u00e9t\u00e9 plein de plaisir ou pour organiser un camp pour votre communaut\u00e9\u00a0? Cliquez\u00a0<a href=\"https:\/\/littlemedicalschool.com\/montreal\/fr\/contact-us\/\">ici<\/a>\u00a0pour nous contacter d\u00e8s aujourd'hui!<\/p>","protected":false},"excerpt":{"rendered":"<p>Bring our summer camps in STEM to you! Little Medical School Montreal is is excited to bring fun and engaging summer camps to the Montreal area! Most of our programs like Little Doctor School, Little Veterinarian, and Wilderness Medicine are available as summer camps. Most camp sessions run Monday-Friday, from morning to mid-afternoon. We partner&hellip;<\/p>","protected":false},"author":12,"featured_media":0,"parent":0,"menu_order":0,"comment_status":"closed","ping_status":"closed","template":"","meta":{"_monsterinsights_skip_tracking":false,"_monsterinsights_sitenote_active":false,"_monsterinsights_sitenote_note":"","_monsterinsights_sitenote_category":0,"footnotes":""},"class_list":["post-1580","page","type-page","status-publish","hentry"],"yoast_head":"<!-- This site is optimized with the Yoast SEO plugin v27.3 - https:\/\/yoast.com\/product\/yoast-seo-wordpress\/ -->\n<title>Summer Camps - Little Medical School\u00ae - Montreal<\/title>\n<meta name=\"robots\" content=\"index, follow, max-snippet:-1, max-image-preview:large, max-video-preview:-1\" \/>\n<link rel=\"canonical\" href=\"https:\/\/littlemedicalschool.com\/montreal\/fr\/summer-camps\/\" \/>\n<meta property=\"og:locale\" content=\"fr_CA\" \/>\n<meta property=\"og:type\" content=\"article\" \/>\n<meta property=\"og:title\" content=\"Summer Camps - Little Medical School\u00ae - Montreal\" \/>\n<meta property=\"og:description\" content=\"Bring our summer camps in STEM to you! Little Medical School Montreal is is excited to bring fun and engaging summer camps to the Montreal area! Most of our programs like Little Doctor School, Little Veterinarian, and Wilderness Medicine are available as summer camps. Most camp sessions run Monday-Friday, from morning to mid-afternoon. We partner&hellip;\" \/>\n<meta property=\"og:url\" content=\"https:\/\/littlemedicalschool.com\/montreal\/fr\/summer-camps\/\" \/>\n<meta property=\"og:site_name\" content=\"Little Medical School\u00ae - Montreal\" \/>\n<meta property=\"article:modified_time\" content=\"2025-07-18T00:44:14+00:00\" \/>\n<meta property=\"og:image\" content=\"https:\/\/littlemedicalschool.com\/montreallms\/files\/2024\/03\/summercamps.png\" \/>\n<meta name=\"twitter:card\" content=\"summary_large_image\" \/>\n<meta name=\"twitter:label1\" content=\"Est. reading time\" \/>\n\t<meta name=\"twitter:data1\" content=\"1 minute\" \/>\n<script type=\"application\/ld+json\" class=\"yoast-schema-graph\">{\"@context\":\"https:\\\/\\\/schema.org\",\"@graph\":[{\"@type\":\"WebPage\",\"@id\":\"https:\\\/\\\/littlemedicalschool.com\\\/montreal\\\/summer-camps\\\/\",\"url\":\"https:\\\/\\\/littlemedicalschool.com\\\/montreal\\\/summer-camps\\\/\",\"name\":\"Summer Camps - Little Medical School\u00ae - Montreal\",\"isPartOf\":{\"@id\":\"https:\\\/\\\/littlemedicalschool.com\\\/montreal\\\/#website\"},\"primaryImageOfPage\":{\"@id\":\"https:\\\/\\\/littlemedicalschool.com\\\/montreal\\\/summer-camps\\\/#primaryimage\"},\"image\":{\"@id\":\"https:\\\/\\\/littlemedicalschool.com\\\/montreal\\\/summer-camps\\\/#primaryimage\"},\"thumbnailUrl\":\"https:\\\/\\\/littlemedicalschool.com\\\/montreallms\\\/files\\\/2024\\\/03\\\/summercamps.png\",\"datePublished\":\"2017-05-02T06:31:01+00:00\",\"dateModified\":\"2025-07-18T00:44:14+00:00\",\"breadcrumb\":{\"@id\":\"https:\\\/\\\/littlemedicalschool.com\\\/montreal\\\/summer-camps\\\/#breadcrumb\"},\"inLanguage\":\"fr-CA\",\"potentialAction\":[{\"@type\":\"ReadAction\",\"target\":[\"https:\\\/\\\/littlemedicalschool.com\\\/montreal\\\/summer-camps\\\/\"]}]},{\"@type\":\"ImageObject\",\"inLanguage\":\"fr-CA\",\"@id\":\"https:\\\/\\\/littlemedicalschool.com\\\/montreal\\\/summer-camps\\\/#primaryimage\",\"url\":\"https:\\\/\\\/littlemedicalschool.com\\\/montreallms\\\/files\\\/2024\\\/03\\\/summercamps.png\",\"contentUrl\":\"https:\\\/\\\/littlemedicalschool.com\\\/montreallms\\\/files\\\/2024\\\/03\\\/summercamps.png\"},{\"@type\":\"BreadcrumbList\",\"@id\":\"https:\\\/\\\/littlemedicalschool.com\\\/montreal\\\/summer-camps\\\/#breadcrumb\",\"itemListElement\":[{\"@type\":\"ListItem\",\"position\":1,\"name\":\"Home\",\"item\":\"https:\\\/\\\/littlemedicalschool.com\\\/montreal\\\/\"},{\"@type\":\"ListItem\",\"position\":2,\"name\":\"Summer Camps\"}]},{\"@type\":\"WebSite\",\"@id\":\"https:\\\/\\\/littlemedicalschool.com\\\/montreal\\\/#website\",\"url\":\"https:\\\/\\\/littlemedicalschool.com\\\/montreal\\\/\",\"name\":\"Little Medical School\u00ae - Montreal\",\"description\":\"Little Medical School\u00ae  - Montreal\",\"potentialAction\":[{\"@type\":\"SearchAction\",\"target\":{\"@type\":\"EntryPoint\",\"urlTemplate\":\"https:\\\/\\\/littlemedicalschool.com\\\/montreal\\\/?s={search_term_string}\"},\"query-input\":{\"@type\":\"PropertyValueSpecification\",\"valueRequired\":true,\"valueName\":\"search_term_string\"}}],\"inLanguage\":\"fr-CA\"}]}<\/script>\n<!-- \/ Yoast SEO plugin. -->","yoast_head_json":{"title":"Summer Camps - Little Medical School\u00ae - Montreal","robots":{"index":"index","follow":"follow","max-snippet":"max-snippet:-1","max-image-preview":"max-image-preview:large","max-video-preview":"max-video-preview:-1"},"canonical":"https:\/\/littlemedicalschool.com\/montreal\/fr\/summer-camps\/","og_locale":"fr_CA","og_type":"article","og_title":"Summer Camps - Little Medical School\u00ae - Montreal","og_description":"Bring our summer camps in STEM to you! Little Medical School Montreal is is excited to bring fun and engaging summer camps to the Montreal area! Most of our programs like Little Doctor School, Little Veterinarian, and Wilderness Medicine are available as summer camps. Most camp sessions run Monday-Friday, from morning to mid-afternoon. We partner&hellip;","og_url":"https:\/\/littlemedicalschool.com\/montreal\/fr\/summer-camps\/","og_site_name":"Little Medical School\u00ae - Montreal","article_modified_time":"2025-07-18T00:44:14+00:00","og_image":[{"url":"https:\/\/littlemedicalschool.com\/montreallms\/files\/2024\/03\/summercamps.png","type":"","width":"","height":""}],"twitter_card":"summary_large_image","twitter_misc":{"Est. reading time":"1 minute"},"schema":{"@context":"https:\/\/schema.org","@graph":[{"@type":"WebPage","@id":"https:\/\/littlemedicalschool.com\/montreal\/summer-camps\/","url":"https:\/\/littlemedicalschool.com\/montreal\/summer-camps\/","name":"Summer Camps - Little Medical School\u00ae - Montreal","isPartOf":{"@id":"https:\/\/littlemedicalschool.com\/montreal\/#website"},"primaryImageOfPage":{"@id":"https:\/\/littlemedicalschool.com\/montreal\/summer-camps\/#primaryimage"},"image":{"@id":"https:\/\/littlemedicalschool.com\/montreal\/summer-camps\/#primaryimage"},"thumbnailUrl":"https:\/\/littlemedicalschool.com\/montreallms\/files\/2024\/03\/summercamps.png","datePublished":"2017-05-02T06:31:01+00:00","dateModified":"2025-07-18T00:44:14+00:00","breadcrumb":{"@id":"https:\/\/littlemedicalschool.com\/montreal\/summer-camps\/#breadcrumb"},"inLanguage":"fr-CA","potentialAction":[{"@type":"ReadAction","target":["https:\/\/littlemedicalschool.com\/montreal\/summer-camps\/"]}]},{"@type":"ImageObject","inLanguage":"fr-CA","@id":"https:\/\/littlemedicalschool.com\/montreal\/summer-camps\/#primaryimage","url":"https:\/\/littlemedicalschool.com\/montreallms\/files\/2024\/03\/summercamps.png","contentUrl":"https:\/\/littlemedicalschool.com\/montreallms\/files\/2024\/03\/summercamps.png"},{"@type":"BreadcrumbList","@id":"https:\/\/littlemedicalschool.com\/montreal\/summer-camps\/#breadcrumb","itemListElement":[{"@type":"ListItem","position":1,"name":"Home","item":"https:\/\/littlemedicalschool.com\/montreal\/"},{"@type":"ListItem","position":2,"name":"Summer Camps"}]},{"@type":"WebSite","@id":"https:\/\/littlemedicalschool.com\/montreal\/#website","url":"https:\/\/littlemedicalschool.com\/montreal\/","name":"Little Medical School\u00ae - Montreal","description":"Little Medical School\u00ae  - Montreal","potentialAction":[{"@type":"SearchAction","target":{"@type":"EntryPoint","urlTemplate":"https:\/\/littlemedicalschool.com\/montreal\/?s={search_term_string}"},"query-input":{"@type":"PropertyValueSpecification","valueRequired":true,"valueName":"search_term_string"}}],"inLanguage":"fr-CA"}]}},"_links":{"self":[{"href":"https:\/\/littlemedicalschool.com\/montreal\/fr\/wp-json\/wp\/v2\/pages\/1580","targetHints":{"allow":["GET"]}}],"collection":[{"href":"https:\/\/littlemedicalschool.com\/montreal\/fr\/wp-json\/wp\/v2\/pages"}],"about":[{"href":"https:\/\/littlemedicalschool.com\/montreal\/fr\/wp-json\/wp\/v2\/types\/page"}],"author":[{"embeddable":true,"href":"https:\/\/littlemedicalschool.com\/montreal\/fr\/wp-json\/wp\/v2\/users\/12"}],"replies":[{"embeddable":true,"href":"https:\/\/littlemedicalschool.com\/montreal\/fr\/wp-json\/wp\/v2\/comments?post=1580"}],"version-history":[{"count":0,"href":"https:\/\/littlemedicalschool.com\/montreal\/fr\/wp-json\/wp\/v2\/pages\/1580\/revisions"}],"wp:attachment":[{"href":"https:\/\/littlemedicalschool.com\/montreal\/fr\/wp-json\/wp\/v2\/media?parent=1580"}],"curies":[{"name":"wp","href":"https:\/\/api.w.org\/{rel}","templated":true}]}}