
{"id":2019,"date":"2019-12-31T20:09:01","date_gmt":"2019-12-31T20:09:01","guid":{"rendered":"https:\/\/littlemedsch.wpengine.com\/kansascity\/the-story-of-lms\/"},"modified":"2025-07-18T00:45:59","modified_gmt":"2025-07-18T00:45:59","slug":"the-story-of-lms","status":"publish","type":"page","link":"https:\/\/littlemedicalschool.com\/montreal\/fr\/the-story-of-lms\/","title":{"rendered":"L&#039;histoire du LMS"},"content":{"rendered":"<h2>\n\t\tPromouvoir la sensibilisation \u00e0 la sant\u00e9 par l'\u00e9ducation.\n\t<\/h2>\n\t<p>Histoire du Dr Mary Mason, MD, MBA<\/p>\n\t<iframe allowfullscreen allow=\"autoplay\" src=\"https:\/\/www.youtube.com\/embed\/r9G1wbgcG5c?feature=oembed&amp;start&amp;end&amp;wmode=opaque&amp;loop=0&amp;controls=1&amp;mute=0&amp;rel=0&amp;modestbranding=0\"><\/iframe>\t\n\t\t\t\t<img loading=\"lazy\" decoding=\"async\" src=\"https:\/\/littlemedicalschool.com\/locationtemplate\/wp-content\/uploads\/sites\/86\/2019\/12\/maryandhermom.jpg\" alt=\"maryandhermom\" itemprop=\"image\" height=\"557\" width=\"820\" title=\"maryandhermom\" onerror=\"this.style.display='none'\"  \/>\n<h2>\n\t\t1996\n\t<\/h2>\n\t<p>Here, Genie and Mary are at Washington University, and Mary is a a 4th year medical student.<\/p>\n\t\t\t\t<img loading=\"lazy\" decoding=\"async\" src=\"https:\/\/littlemedicalschool.com\/locationtemplate\/wp-content\/uploads\/sites\/86\/2019\/12\/18-wib-np-chair-mason-e1544038127438.jpg\" alt=\"18-wib-np-chair-mason-e1544038127438\" itemprop=\"image\" height=\"1014\" width=\"840\" title=\"18-wib-np-chair-mason-e1544038127438\" onerror=\"this.style.display='none'\"  \/>\n<h2>\n\t\t2015\n\t<\/h2>\n\t<p>Le Dr Mary Mason, MD, MBA, a lanc\u00e9 la franchise LMS<\/p>\n\t\t\t\t<img loading=\"lazy\" decoding=\"async\" src=\"https:\/\/littlemedicalschool.com\/locationtemplate\/wp-content\/uploads\/sites\/86\/2019\/12\/fullsizeoutput_209-e1565724238299-scaled.jpg\" alt=\"fullsizeoutput_209-e1565724238299\" itemprop=\"image\" height=\"2048\" width=\"1791\" title=\"fullsizeoutput_209-e1565724238299\" onerror=\"this.style.display='none'\"  \/>\n<h2>\n\t\t2018\n\t<\/h2>\n\t<p>Les \u00e9tudiants du LMS apprennent \u00e0 devenir p\u00e9diatre<\/p>\n<h2>\n\t\tJe suis la fille d'un m\u00e9decin.\n\t<\/h2>\n\t<p>Ma m\u00e8re \u00e9tait l'une des quatre femmes de sa promotion de m\u00e9decine en 1954. Elle adorait \u00eatre m\u00e9decin et faisait tout ce qu'elle pouvait pour que mes fr\u00e8res et s\u0153urs, nos cousins \u200b\u200bet amis, ainsi que moi, nous engagions dans cette voie. \u00c0 6 ans, j'attendais avec impatience son retour du cabinet. Elle m'apportait des abaisse-langues, des compresses de gaze et des pansements pour mon \u00ab cabinet m\u00e9dical \u00bb dans notre salle de jeux. J'avais une petite blouse blanche, un st\u00e9thoscope et une vieille mallette noire de m\u00e9decin\u2026 et je me sentais comme un vrai m\u00e9decin. \u00c0 Thanksgiving, nous \u00ab suturions \u00bb la dinde farcie. En grandissant, j'apprends \u00e0 faire une piq\u00fbre dans une orange. Je n'avais aucun doute que la m\u00e9decine \u00e9tait une carri\u00e8re r\u00e9alisable pour moi, m\u00eame lorsque les adultes me rappelaient sans r\u00e9fl\u00e9chir combien d'ann\u00e9es il me faudrait faire d'\u00e9tudes ou combien ce serait difficile. Ce n'est que plus tard, en premi\u00e8re ann\u00e9e de m\u00e9decine, que j'ai r\u00e9alis\u00e9 \u00e0 quel point ces premi\u00e8res exp\u00e9riences ont forg\u00e9 ma conviction de poursuivre une carri\u00e8re m\u00e9dicale.<\/p>\n<p>En 1998, alors que j'\u00e9tais chef de service en m\u00e9decine interne \u00e0 l'Universit\u00e9 Washington de Saint-Louis, j'ai d\u00e9cid\u00e9 de revivre mon enfance et d'\u00e9crire la premi\u00e8re Petite \u00c9cole de M\u00e9decine. J'ai recrut\u00e9 des coll\u00e8gues internes et des \u00e9tudiants en m\u00e9decine pour m'aider \u00e0 enseigner. Notre premier cours, suivi par des jeunes de 13 ans, m'a surpris. Ils faisaient les idiots et n'appr\u00e9ciaient pas l'exp\u00e9rience comme je l'esp\u00e9rais. De retour chez moi, j'ai pris un panier rempli de blouses blanches et de st\u00e9thoscopes, je les ai apport\u00e9s au deuxi\u00e8me cours et j'ai fait en sorte que les \u00e9tudiants les portent. V\u00eatus de blouses blanches et d'un st\u00e9thoscope autour du cou, les \u00e9tudiants \u00e9taient impliqu\u00e9s, attentifs et s'amusaient tellement qu'ils ne r\u00e9alisaient pas tout ce qu'ils apprenaient. Ce fut le moment de r\u00e9v\u00e9lation. Le pouvoir du jeu de r\u00f4le, un pilier essentiel de tous les programmes de la Petite \u00c9cole de M\u00e9decine, est devenu un \u00e9l\u00e9ment cl\u00e9.<\/p>\n<p>En plus d'inciter les enfants \u00e0 se projeter dans une carri\u00e8re dans le secteur de la sant\u00e9, nous leur enseignons des comp\u00e9tences pratiques. Les \u00e9l\u00e8ves apprennent la conduite \u00e0 tenir en cas d'urgence m\u00e9dicale, comment utiliser une trousse de premiers secours et comment pr\u00e9venir l'hypothermie. Nous insistons \u00e9galement sur l'importance d'un professionnel de sant\u00e9 exemplaire. Cela implique de prendre soin de soi\u00a0: bien manger, faire de l'exercice, se faire vacciner et se faire vacciner contre la grippe, et ne pas fumer.<\/p>\n<p>Nous sommes d\u00e9vou\u00e9s et croyons en notre mission\u00a0: inspirer et former d\u00e8s aujourd\u2019hui les professionnels de sant\u00e9 de demain gr\u00e2ce \u00e0 nos nombreux programmes p\u00e9riscolaires, camps d\u2019\u00e9t\u00e9, f\u00eates d\u2019anniversaire, programmes sp\u00e9ciaux et notre gamme prim\u00e9e de jouets \u00e9ducatifs. Mon plus grand espoir est que les futures classes de m\u00e9decine, d\u2019infirmi\u00e8res, de v\u00e9t\u00e9rinaires et de pharmacie soient remplies de jeunes dipl\u00f4m\u00e9s de la Petite \u00c9cole de M\u00e9decine!<\/p>","protected":false},"excerpt":{"rendered":"<p>Inspiring health awareness through education Story by Dr. Mary Mason, MD, MBA 1996 Here, Genie and Mary are at Washington University, and Mary is a a 4th year medical student. 2015 Dr. Mary Mason, MD, MBA started franchising LMS 2018 LMS students learning about being a pediatrician I am a doctor\u2019s kid. My mother was&hellip;<\/p>","protected":false},"author":111,"featured_media":0,"parent":0,"menu_order":0,"comment_status":"closed","ping_status":"closed","template":"","meta":{"_monsterinsights_skip_tracking":false,"_monsterinsights_sitenote_active":false,"_monsterinsights_sitenote_note":"","_monsterinsights_sitenote_category":0,"footnotes":""},"class_list":["post-2019","page","type-page","status-publish","hentry"],"yoast_head":"<!-- This site is optimized with the Yoast SEO plugin v27.3 - https:\/\/yoast.com\/product\/yoast-seo-wordpress\/ -->\n<title>The Story of LMS - Little Medical School\u00ae - Montreal<\/title>\n<meta name=\"robots\" content=\"index, follow, max-snippet:-1, max-image-preview:large, max-video-preview:-1\" \/>\n<link rel=\"canonical\" href=\"https:\/\/littlemedicalschool.com\/montreal\/fr\/the-story-of-lms\/\" \/>\n<meta property=\"og:locale\" content=\"fr_CA\" \/>\n<meta property=\"og:type\" content=\"article\" \/>\n<meta property=\"og:title\" content=\"The Story of LMS - Little Medical School\u00ae - Montreal\" \/>\n<meta property=\"og:description\" content=\"Inspiring health awareness through education Story by Dr. Mary Mason, MD, MBA 1996 Here, Genie and Mary are at Washington University, and Mary is a a 4th year medical student. 2015 Dr. Mary Mason, MD, MBA started franchising LMS 2018 LMS students learning about being a pediatrician I am a doctor\u2019s kid. My mother was&hellip;\" \/>\n<meta property=\"og:url\" content=\"https:\/\/littlemedicalschool.com\/montreal\/fr\/the-story-of-lms\/\" \/>\n<meta property=\"og:site_name\" content=\"Little Medical School\u00ae - Montreal\" \/>\n<meta property=\"article:modified_time\" content=\"2025-07-18T00:45:59+00:00\" \/>\n<meta property=\"og:image\" content=\"https:\/\/littlemedicalschool.com\/locationtemplate\/wp-content\/uploads\/sites\/86\/2019\/12\/maryandhermom.jpg\" \/>\n<meta name=\"twitter:card\" content=\"summary_large_image\" \/>\n<meta name=\"twitter:label1\" content=\"Est. reading time\" \/>\n\t<meta name=\"twitter:data1\" content=\"2 minutes\" \/>\n<script type=\"application\/ld+json\" class=\"yoast-schema-graph\">{\"@context\":\"https:\\\/\\\/schema.org\",\"@graph\":[{\"@type\":\"WebPage\",\"@id\":\"https:\\\/\\\/littlemedicalschool.com\\\/montreal\\\/fr\\\/the-story-of-lms\\\/\",\"url\":\"https:\\\/\\\/littlemedicalschool.com\\\/montreal\\\/fr\\\/the-story-of-lms\\\/\",\"name\":\"The Story of LMS - Little Medical School\u00ae - Montreal\",\"isPartOf\":{\"@id\":\"https:\\\/\\\/littlemedicalschool.com\\\/montreal\\\/#website\"},\"primaryImageOfPage\":{\"@id\":\"https:\\\/\\\/littlemedicalschool.com\\\/montreal\\\/fr\\\/the-story-of-lms\\\/#primaryimage\"},\"image\":{\"@id\":\"https:\\\/\\\/littlemedicalschool.com\\\/montreal\\\/fr\\\/the-story-of-lms\\\/#primaryimage\"},\"thumbnailUrl\":\"https:\\\/\\\/littlemedicalschool.com\\\/locationtemplate\\\/wp-content\\\/uploads\\\/sites\\\/86\\\/2019\\\/12\\\/maryandhermom.jpg\",\"datePublished\":\"2019-12-31T20:09:01+00:00\",\"dateModified\":\"2025-07-18T00:45:59+00:00\",\"breadcrumb\":{\"@id\":\"https:\\\/\\\/littlemedicalschool.com\\\/montreal\\\/fr\\\/the-story-of-lms\\\/#breadcrumb\"},\"inLanguage\":\"fr-CA\",\"potentialAction\":[{\"@type\":\"ReadAction\",\"target\":[\"https:\\\/\\\/littlemedicalschool.com\\\/montreal\\\/fr\\\/the-story-of-lms\\\/\"]}]},{\"@type\":\"ImageObject\",\"inLanguage\":\"fr-CA\",\"@id\":\"https:\\\/\\\/littlemedicalschool.com\\\/montreal\\\/fr\\\/the-story-of-lms\\\/#primaryimage\",\"url\":\"https:\\\/\\\/littlemedicalschool.com\\\/locationtemplate\\\/wp-content\\\/uploads\\\/sites\\\/86\\\/2019\\\/12\\\/maryandhermom.jpg\",\"contentUrl\":\"https:\\\/\\\/littlemedicalschool.com\\\/locationtemplate\\\/wp-content\\\/uploads\\\/sites\\\/86\\\/2019\\\/12\\\/maryandhermom.jpg\"},{\"@type\":\"BreadcrumbList\",\"@id\":\"https:\\\/\\\/littlemedicalschool.com\\\/montreal\\\/fr\\\/the-story-of-lms\\\/#breadcrumb\",\"itemListElement\":[{\"@type\":\"ListItem\",\"position\":1,\"name\":\"Home\",\"item\":\"https:\\\/\\\/littlemedicalschool.com\\\/montreal\\\/\"},{\"@type\":\"ListItem\",\"position\":2,\"name\":\"The Story of LMS\"}]},{\"@type\":\"WebSite\",\"@id\":\"https:\\\/\\\/littlemedicalschool.com\\\/montreal\\\/#website\",\"url\":\"https:\\\/\\\/littlemedicalschool.com\\\/montreal\\\/\",\"name\":\"Little Medical School\u00ae - Montreal\",\"description\":\"Little Medical School\u00ae  - Montreal\",\"potentialAction\":[{\"@type\":\"SearchAction\",\"target\":{\"@type\":\"EntryPoint\",\"urlTemplate\":\"https:\\\/\\\/littlemedicalschool.com\\\/montreal\\\/?s={search_term_string}\"},\"query-input\":{\"@type\":\"PropertyValueSpecification\",\"valueRequired\":true,\"valueName\":\"search_term_string\"}}],\"inLanguage\":\"fr-CA\"}]}<\/script>\n<!-- \/ Yoast SEO plugin. -->","yoast_head_json":{"title":"The Story of LMS - Little Medical School\u00ae - Montreal","robots":{"index":"index","follow":"follow","max-snippet":"max-snippet:-1","max-image-preview":"max-image-preview:large","max-video-preview":"max-video-preview:-1"},"canonical":"https:\/\/littlemedicalschool.com\/montreal\/fr\/the-story-of-lms\/","og_locale":"fr_CA","og_type":"article","og_title":"The Story of LMS - Little Medical School\u00ae - Montreal","og_description":"Inspiring health awareness through education Story by Dr. Mary Mason, MD, MBA 1996 Here, Genie and Mary are at Washington University, and Mary is a a 4th year medical student. 2015 Dr. Mary Mason, MD, MBA started franchising LMS 2018 LMS students learning about being a pediatrician I am a doctor\u2019s kid. My mother was&hellip;","og_url":"https:\/\/littlemedicalschool.com\/montreal\/fr\/the-story-of-lms\/","og_site_name":"Little Medical School\u00ae - Montreal","article_modified_time":"2025-07-18T00:45:59+00:00","og_image":[{"url":"https:\/\/littlemedicalschool.com\/locationtemplate\/wp-content\/uploads\/sites\/86\/2019\/12\/maryandhermom.jpg","type":"","width":"","height":""}],"twitter_card":"summary_large_image","twitter_misc":{"Est. reading time":"2 minutes"},"schema":{"@context":"https:\/\/schema.org","@graph":[{"@type":"WebPage","@id":"https:\/\/littlemedicalschool.com\/montreal\/fr\/the-story-of-lms\/","url":"https:\/\/littlemedicalschool.com\/montreal\/fr\/the-story-of-lms\/","name":"The Story of LMS - Little Medical School\u00ae - Montreal","isPartOf":{"@id":"https:\/\/littlemedicalschool.com\/montreal\/#website"},"primaryImageOfPage":{"@id":"https:\/\/littlemedicalschool.com\/montreal\/fr\/the-story-of-lms\/#primaryimage"},"image":{"@id":"https:\/\/littlemedicalschool.com\/montreal\/fr\/the-story-of-lms\/#primaryimage"},"thumbnailUrl":"https:\/\/littlemedicalschool.com\/locationtemplate\/wp-content\/uploads\/sites\/86\/2019\/12\/maryandhermom.jpg","datePublished":"2019-12-31T20:09:01+00:00","dateModified":"2025-07-18T00:45:59+00:00","breadcrumb":{"@id":"https:\/\/littlemedicalschool.com\/montreal\/fr\/the-story-of-lms\/#breadcrumb"},"inLanguage":"fr-CA","potentialAction":[{"@type":"ReadAction","target":["https:\/\/littlemedicalschool.com\/montreal\/fr\/the-story-of-lms\/"]}]},{"@type":"ImageObject","inLanguage":"fr-CA","@id":"https:\/\/littlemedicalschool.com\/montreal\/fr\/the-story-of-lms\/#primaryimage","url":"https:\/\/littlemedicalschool.com\/locationtemplate\/wp-content\/uploads\/sites\/86\/2019\/12\/maryandhermom.jpg","contentUrl":"https:\/\/littlemedicalschool.com\/locationtemplate\/wp-content\/uploads\/sites\/86\/2019\/12\/maryandhermom.jpg"},{"@type":"BreadcrumbList","@id":"https:\/\/littlemedicalschool.com\/montreal\/fr\/the-story-of-lms\/#breadcrumb","itemListElement":[{"@type":"ListItem","position":1,"name":"Home","item":"https:\/\/littlemedicalschool.com\/montreal\/"},{"@type":"ListItem","position":2,"name":"The Story of LMS"}]},{"@type":"WebSite","@id":"https:\/\/littlemedicalschool.com\/montreal\/#website","url":"https:\/\/littlemedicalschool.com\/montreal\/","name":"Little Medical School\u00ae - Montreal","description":"Little Medical School\u00ae  - Montreal","potentialAction":[{"@type":"SearchAction","target":{"@type":"EntryPoint","urlTemplate":"https:\/\/littlemedicalschool.com\/montreal\/?s={search_term_string}"},"query-input":{"@type":"PropertyValueSpecification","valueRequired":true,"valueName":"search_term_string"}}],"inLanguage":"fr-CA"}]}},"_links":{"self":[{"href":"https:\/\/littlemedicalschool.com\/montreal\/fr\/wp-json\/wp\/v2\/pages\/2019","targetHints":{"allow":["GET"]}}],"collection":[{"href":"https:\/\/littlemedicalschool.com\/montreal\/fr\/wp-json\/wp\/v2\/pages"}],"about":[{"href":"https:\/\/littlemedicalschool.com\/montreal\/fr\/wp-json\/wp\/v2\/types\/page"}],"author":[{"embeddable":true,"href":"https:\/\/littlemedicalschool.com\/montreal\/fr\/wp-json\/wp\/v2\/users\/111"}],"replies":[{"embeddable":true,"href":"https:\/\/littlemedicalschool.com\/montreal\/fr\/wp-json\/wp\/v2\/comments?post=2019"}],"version-history":[{"count":0,"href":"https:\/\/littlemedicalschool.com\/montreal\/fr\/wp-json\/wp\/v2\/pages\/2019\/revisions"}],"wp:attachment":[{"href":"https:\/\/littlemedicalschool.com\/montreal\/fr\/wp-json\/wp\/v2\/media?parent=2019"}],"curies":[{"name":"wp","href":"https:\/\/api.w.org\/{rel}","templated":true}]}}