
{"id":2020,"date":"2019-12-31T20:09:09","date_gmt":"2019-12-31T20:09:09","guid":{"rendered":"https:\/\/littlemedsch.wpengine.com\/kansascity\/the-lms-experience\/"},"modified":"2025-07-18T00:45:50","modified_gmt":"2025-07-18T00:45:50","slug":"the-lms-experience","status":"publish","type":"page","link":"https:\/\/littlemedicalschool.com\/montreal\/fr\/the-lms-experience\/","title":{"rendered":"L&#039;exp\u00e9rience LMS"},"content":{"rendered":"<h2>\r\n\t\tAfter-School Programs, Camps, Birthday Parties &#038; More!\r\n\t<\/h2>\r\n\t<p>\u00c0 la Little Medical School, nous cr\u00e9ons des environnements pour apprendre et explorer le monde passionnant de la sant\u00e9 et des carri\u00e8res en m\u00e9decine pour les enfants de 4 \u00e0 14 ans. Nos \u00e9tudiants ont la possibilit\u00e9 de jouer un r\u00f4le, d'apprendre et d'explorer une vie saine et des carri\u00e8res dans le domaine m\u00e9dical.\u00a0<a href=\"https:\/\/littlemedicalschool.com\/montreal\/fr\/lms-story\/\">Cliquez ici pour d\u00e9couvrir l'histoire derri\u00e8re l'INSPIRATION pour Little Medical School par la fondatrice, le Dr Mary Mason.<\/a><\/p>\r\n<p>Face au vieillissement de la population mondiale, le besoin de professionnels de sant\u00e9 qualifi\u00e9s s'accro\u00eet. La Little Medical School s'efforce de contribuer activement \u00e0 r\u00e9soudre ce probl\u00e8me en enseignant aux enfants, d\u00e8s l'\u00e2ge de quatre ans, le plaisir que peut procurer le monde de la sant\u00e9.<\/p>\r\n\t\t\t\t<img loading=\"lazy\" decoding=\"async\" src=\"https:\/\/littlemedicalschool.com\/locationtemplate\/wp-content\/uploads\/sites\/86\/2019\/12\/lms-experience.png\" alt=\"lms-experience\" itemprop=\"image\" height=\"564\" width=\"862\" title=\"lms-experience\" onerror=\"this.style.display='none'\"  \/>\r\n<h2>\r\n\t\tNos programmes d\u2019enrichissement \u00e9ducatif et notre programme d\u2019\u00e9tudes innovant comprennent:\r\n\t<\/h2>\r\n\t\t\t\t<img loading=\"lazy\" decoding=\"async\" src=\"https:\/\/littlemedicalschool.com\/locationtemplate\/wp-content\/uploads\/sites\/86\/2019\/12\/pencil.jpg\" alt=\"pencil\" itemprop=\"image\" height=\"100\" width=\"100\" title=\"crayon\" onerror=\"this.style.display='none'\"  \/>\r\n\t<p>Programmation parascolaire<\/p>\r\n\t\t\t\t<img loading=\"lazy\" decoding=\"async\" src=\"https:\/\/littlemedicalschool.com\/locationtemplate\/wp-content\/uploads\/sites\/86\/2019\/12\/sun.jpg\" alt=\"sun\" itemprop=\"image\" height=\"100\" width=\"100\" title=\"soleil\" onerror=\"this.style.display='none'\"  \/>\r\n\t<p>Camps d&#039;\u00e9t\u00e9<\/p>\r\n\t\t\t\t<img loading=\"lazy\" decoding=\"async\" src=\"https:\/\/littlemedicalschool.com\/locationtemplate\/wp-content\/uploads\/sites\/86\/2019\/12\/tree.jpg\" alt=\"tree\" itemprop=\"image\" height=\"100\" width=\"100\" title=\"arbre\" onerror=\"this.style.display='none'\"  \/>\r\n\t<p>Camps de vacances\/s\u00e9jours saisonniers<\/p>\r\n\t\t\t\t<img loading=\"lazy\" decoding=\"async\" src=\"https:\/\/littlemedicalschool.com\/locationtemplate\/wp-content\/uploads\/sites\/86\/2019\/12\/moon.jpg\" alt=\"moon\" itemprop=\"image\" height=\"100\" width=\"100\" title=\"lune\" onerror=\"this.style.display='none'\"  \/>\r\n\t<p>Cours du soir et du week-end<\/p>\r\n\t\t\t\t<img loading=\"lazy\" decoding=\"async\" src=\"https:\/\/littlemedicalschool.com\/locationtemplate\/wp-content\/uploads\/sites\/86\/2019\/12\/owl.jpg\" alt=\"owl\" itemprop=\"image\" height=\"100\" width=\"100\" title=\"hibou\" onerror=\"this.style.display='none'\"  \/>\r\n\t<p>F\u00eates d&#039;anniversaire<\/p>\r\n\t\t\t\t<img loading=\"lazy\" decoding=\"async\" src=\"https:\/\/littlemedicalschool.com\/locationtemplate\/wp-content\/uploads\/sites\/86\/2019\/12\/rocket.jpg\" alt=\"rocket\" itemprop=\"image\" height=\"100\" width=\"100\" title=\"fus\u00e9e\" onerror=\"this.style.display='none'\"  \/>\r\n\t<p>Sorties scolaires<\/p>\r\n\t\t\t\t<img loading=\"lazy\" decoding=\"async\" src=\"https:\/\/littlemedicalschool.com\/locationtemplate\/wp-content\/uploads\/sites\/86\/2019\/12\/clock.jpg\" alt=\"clock\" itemprop=\"image\" height=\"100\" width=\"100\" title=\"horloge\" onerror=\"this.style.display='none'\"  \/>\r\n\t<p>Clubs &amp; groupes de comp\u00e9tition<\/p>\r\n\t\t\t\t<img loading=\"lazy\" decoding=\"async\" src=\"https:\/\/littlemedicalschool.com\/locationtemplate\/wp-content\/uploads\/sites\/86\/2019\/12\/kid.jpg\" alt=\"kid\" itemprop=\"image\" height=\"100\" width=\"100\" title=\"enfant\" onerror=\"this.style.display='none'\"  \/>\r\n\t<p>Activit\u00e9s scoutes<\/p>\r\n\t\t\t\t<img loading=\"lazy\" decoding=\"async\" src=\"https:\/\/littlemedicalschool.com\/locationtemplate\/wp-content\/uploads\/sites\/86\/2019\/12\/plane.jpg\" alt=\"plane\" itemprop=\"image\" height=\"100\" width=\"100\" title=\"avion\" onerror=\"this.style.display='none'\"  \/>\r\n\t<p>\u00c9v\u00e9nements d&#039;entreprise<\/p>\r\n\t\t\t\t<img loading=\"lazy\" decoding=\"async\" src=\"https:\/\/littlemedicalschool.com\/locationtemplate\/wp-content\/uploads\/sites\/86\/2019\/12\/abc.jpg\" alt=\"abc\" itemprop=\"image\" height=\"100\" width=\"100\" title=\"abc\" onerror=\"this.style.display='none'\"  \/>\r\n\t<p>Cours pr\u00e9scolaires<\/p>\r\n\t\t\t<a href=\"\/montreal\/fr\/montreallms\/contact-us\/\" target=\"_self\" role=\"button\" rel=\"noopener noreferrer\">\r\n\t\t\t\t\t\t\tCONTACTEZ-NOUS\r\n\t\t\t\t\t<\/a>\r\n<h2>\r\n\t\tLe LMS est-il un programme STEM?\r\n\t<\/h2>\r\n\t<p>La Little Medical School est convaincue qu'un programme d'\u00e9tudes ax\u00e9 sur les STIM (sciences, technologie, ing\u00e9nierie et math\u00e9matiques) offrira aux \u00e9tudiants des bases solides pour poursuivre une carri\u00e8re en m\u00e9decine. Qu'il s'agisse d'utiliser les sciences pour comprendre l'anatomie, la technologie pour mieux exploiter les informations patient, l'ing\u00e9nierie pour d\u00e9velopper des solutions \u00e0 des probl\u00e8mes m\u00e9dicaux complexes ou les math\u00e9matiques pour calculer la dose ad\u00e9quate de m\u00e9dicaments, la sant\u00e9 et les STIM sont indissociables. Pourtant, au-del\u00e0 de notre priorit\u00e9 d'apprentissage et de r\u00e9flexion critique, notre mission principale est d'inspirer une meilleure compr\u00e9hension de la sant\u00e9 et des choix de carri\u00e8re.<\/p>\r\n\t\t\t\t<img loading=\"lazy\" decoding=\"async\" src=\"https:\/\/littlemedicalschool.com\/locationtemplate\/wp-content\/uploads\/sites\/86\/2019\/12\/lms-exp1.png\" alt=\"lms-exp1\" itemprop=\"image\" height=\"370\" width=\"570\" title=\"lms-exp1\" onerror=\"this.style.display='none'\"  \/>\r\n\t\t\t\t<img loading=\"lazy\" decoding=\"async\" src=\"https:\/\/littlemedicalschool.com\/locationtemplate\/wp-content\/uploads\/sites\/86\/2019\/12\/lms-exp2.png\" alt=\"lms-exp2\" itemprop=\"image\" height=\"370\" width=\"570\" title=\"lms-exp2\" onerror=\"this.style.display='none'\"  \/>\r\n\t\t\t\t<img loading=\"lazy\" decoding=\"async\" src=\"https:\/\/littlemedicalschool.com\/locationtemplate\/wp-content\/uploads\/sites\/86\/2019\/12\/lms-exp3.png\" alt=\"lms-exp3\" itemprop=\"image\" height=\"370\" width=\"570\" title=\"lms-exp3\" onerror=\"this.style.display='none'\"  \/>","protected":false},"excerpt":{"rendered":"<p>After-School Programs, Camps, Birthday Parties &#038; More! At Little Medical School, we create environments to learn and explore the exciting world of health and careers in medicine for children ages 4 to 14. Our students have the opportunity to role play, learn and explore healthy living and careers in the medical field.\u00a0Click here to learn&hellip;<\/p>","protected":false},"author":111,"featured_media":0,"parent":0,"menu_order":0,"comment_status":"closed","ping_status":"closed","template":"","meta":{"_monsterinsights_skip_tracking":false,"_monsterinsights_sitenote_active":false,"_monsterinsights_sitenote_note":"","_monsterinsights_sitenote_category":0,"footnotes":""},"class_list":["post-2020","page","type-page","status-publish","hentry"],"yoast_head":"<!-- This site is optimized with the Yoast SEO plugin v27.3 - https:\/\/yoast.com\/product\/yoast-seo-wordpress\/ -->\n<title>The LMS Experience - Little Medical School\u00ae - Montreal<\/title>\n<meta name=\"robots\" content=\"index, follow, max-snippet:-1, max-image-preview:large, max-video-preview:-1\" \/>\n<link rel=\"canonical\" href=\"https:\/\/littlemedicalschool.com\/montreal\/fr\/the-lms-experience\/\" \/>\n<meta property=\"og:locale\" content=\"fr_CA\" \/>\n<meta property=\"og:type\" content=\"article\" \/>\n<meta property=\"og:title\" content=\"The LMS Experience - Little Medical School\u00ae - Montreal\" \/>\n<meta property=\"og:description\" content=\"After-School Programs, Camps, Birthday Parties &#038; More! At Little Medical School, we create environments to learn and explore the exciting world of health and careers in medicine for children ages 4 to 14. Our students have the opportunity to role play, learn and explore healthy living and careers in the medical field.\u00a0Click here to learn&hellip;\" \/>\n<meta property=\"og:url\" content=\"https:\/\/littlemedicalschool.com\/montreal\/fr\/the-lms-experience\/\" \/>\n<meta property=\"og:site_name\" content=\"Little Medical School\u00ae - Montreal\" \/>\n<meta property=\"article:modified_time\" content=\"2025-07-18T00:45:50+00:00\" \/>\n<meta property=\"og:image\" content=\"https:\/\/littlemedicalschool.com\/locationtemplate\/wp-content\/uploads\/sites\/86\/2019\/12\/lms-experience.png\" \/>\n<meta name=\"twitter:card\" content=\"summary_large_image\" \/>\n<meta name=\"twitter:label1\" content=\"Est. reading time\" \/>\n\t<meta name=\"twitter:data1\" content=\"1 minute\" \/>\n<script type=\"application\/ld+json\" class=\"yoast-schema-graph\">{\"@context\":\"https:\\\/\\\/schema.org\",\"@graph\":[{\"@type\":\"WebPage\",\"@id\":\"https:\\\/\\\/littlemedicalschool.com\\\/montreal\\\/the-lms-experience\\\/\",\"url\":\"https:\\\/\\\/littlemedicalschool.com\\\/montreal\\\/the-lms-experience\\\/\",\"name\":\"The LMS Experience - Little Medical School\u00ae - Montreal\",\"isPartOf\":{\"@id\":\"https:\\\/\\\/littlemedicalschool.com\\\/montreal\\\/#website\"},\"primaryImageOfPage\":{\"@id\":\"https:\\\/\\\/littlemedicalschool.com\\\/montreal\\\/the-lms-experience\\\/#primaryimage\"},\"image\":{\"@id\":\"https:\\\/\\\/littlemedicalschool.com\\\/montreal\\\/the-lms-experience\\\/#primaryimage\"},\"thumbnailUrl\":\"https:\\\/\\\/littlemedicalschool.com\\\/locationtemplate\\\/wp-content\\\/uploads\\\/sites\\\/86\\\/2019\\\/12\\\/lms-experience.png\",\"datePublished\":\"2019-12-31T20:09:09+00:00\",\"dateModified\":\"2025-07-18T00:45:50+00:00\",\"breadcrumb\":{\"@id\":\"https:\\\/\\\/littlemedicalschool.com\\\/montreal\\\/the-lms-experience\\\/#breadcrumb\"},\"inLanguage\":\"fr-CA\",\"potentialAction\":[{\"@type\":\"ReadAction\",\"target\":[\"https:\\\/\\\/littlemedicalschool.com\\\/montreal\\\/the-lms-experience\\\/\"]}]},{\"@type\":\"ImageObject\",\"inLanguage\":\"fr-CA\",\"@id\":\"https:\\\/\\\/littlemedicalschool.com\\\/montreal\\\/the-lms-experience\\\/#primaryimage\",\"url\":\"https:\\\/\\\/littlemedicalschool.com\\\/locationtemplate\\\/wp-content\\\/uploads\\\/sites\\\/86\\\/2019\\\/12\\\/lms-experience.png\",\"contentUrl\":\"https:\\\/\\\/littlemedicalschool.com\\\/locationtemplate\\\/wp-content\\\/uploads\\\/sites\\\/86\\\/2019\\\/12\\\/lms-experience.png\"},{\"@type\":\"BreadcrumbList\",\"@id\":\"https:\\\/\\\/littlemedicalschool.com\\\/montreal\\\/the-lms-experience\\\/#breadcrumb\",\"itemListElement\":[{\"@type\":\"ListItem\",\"position\":1,\"name\":\"Home\",\"item\":\"https:\\\/\\\/littlemedicalschool.com\\\/montreal\\\/\"},{\"@type\":\"ListItem\",\"position\":2,\"name\":\"The LMS Experience\"}]},{\"@type\":\"WebSite\",\"@id\":\"https:\\\/\\\/littlemedicalschool.com\\\/montreal\\\/#website\",\"url\":\"https:\\\/\\\/littlemedicalschool.com\\\/montreal\\\/\",\"name\":\"Little Medical School\u00ae - Montreal\",\"description\":\"Little Medical School\u00ae  - Montreal\",\"potentialAction\":[{\"@type\":\"SearchAction\",\"target\":{\"@type\":\"EntryPoint\",\"urlTemplate\":\"https:\\\/\\\/littlemedicalschool.com\\\/montreal\\\/?s={search_term_string}\"},\"query-input\":{\"@type\":\"PropertyValueSpecification\",\"valueRequired\":true,\"valueName\":\"search_term_string\"}}],\"inLanguage\":\"fr-CA\"}]}<\/script>\n<!-- \/ Yoast SEO plugin. -->","yoast_head_json":{"title":"The LMS Experience - Little Medical School\u00ae - Montreal","robots":{"index":"index","follow":"follow","max-snippet":"max-snippet:-1","max-image-preview":"max-image-preview:large","max-video-preview":"max-video-preview:-1"},"canonical":"https:\/\/littlemedicalschool.com\/montreal\/fr\/the-lms-experience\/","og_locale":"fr_CA","og_type":"article","og_title":"The LMS Experience - Little Medical School\u00ae - Montreal","og_description":"After-School Programs, Camps, Birthday Parties &#038; More! At Little Medical School, we create environments to learn and explore the exciting world of health and careers in medicine for children ages 4 to 14. Our students have the opportunity to role play, learn and explore healthy living and careers in the medical field.\u00a0Click here to learn&hellip;","og_url":"https:\/\/littlemedicalschool.com\/montreal\/fr\/the-lms-experience\/","og_site_name":"Little Medical School\u00ae - Montreal","article_modified_time":"2025-07-18T00:45:50+00:00","og_image":[{"url":"https:\/\/littlemedicalschool.com\/locationtemplate\/wp-content\/uploads\/sites\/86\/2019\/12\/lms-experience.png","type":"","width":"","height":""}],"twitter_card":"summary_large_image","twitter_misc":{"Est. reading time":"1 minute"},"schema":{"@context":"https:\/\/schema.org","@graph":[{"@type":"WebPage","@id":"https:\/\/littlemedicalschool.com\/montreal\/the-lms-experience\/","url":"https:\/\/littlemedicalschool.com\/montreal\/the-lms-experience\/","name":"The LMS Experience - Little Medical School\u00ae - Montreal","isPartOf":{"@id":"https:\/\/littlemedicalschool.com\/montreal\/#website"},"primaryImageOfPage":{"@id":"https:\/\/littlemedicalschool.com\/montreal\/the-lms-experience\/#primaryimage"},"image":{"@id":"https:\/\/littlemedicalschool.com\/montreal\/the-lms-experience\/#primaryimage"},"thumbnailUrl":"https:\/\/littlemedicalschool.com\/locationtemplate\/wp-content\/uploads\/sites\/86\/2019\/12\/lms-experience.png","datePublished":"2019-12-31T20:09:09+00:00","dateModified":"2025-07-18T00:45:50+00:00","breadcrumb":{"@id":"https:\/\/littlemedicalschool.com\/montreal\/the-lms-experience\/#breadcrumb"},"inLanguage":"fr-CA","potentialAction":[{"@type":"ReadAction","target":["https:\/\/littlemedicalschool.com\/montreal\/the-lms-experience\/"]}]},{"@type":"ImageObject","inLanguage":"fr-CA","@id":"https:\/\/littlemedicalschool.com\/montreal\/the-lms-experience\/#primaryimage","url":"https:\/\/littlemedicalschool.com\/locationtemplate\/wp-content\/uploads\/sites\/86\/2019\/12\/lms-experience.png","contentUrl":"https:\/\/littlemedicalschool.com\/locationtemplate\/wp-content\/uploads\/sites\/86\/2019\/12\/lms-experience.png"},{"@type":"BreadcrumbList","@id":"https:\/\/littlemedicalschool.com\/montreal\/the-lms-experience\/#breadcrumb","itemListElement":[{"@type":"ListItem","position":1,"name":"Home","item":"https:\/\/littlemedicalschool.com\/montreal\/"},{"@type":"ListItem","position":2,"name":"The LMS Experience"}]},{"@type":"WebSite","@id":"https:\/\/littlemedicalschool.com\/montreal\/#website","url":"https:\/\/littlemedicalschool.com\/montreal\/","name":"Little Medical School\u00ae - Montreal","description":"Little Medical School\u00ae  - Montreal","potentialAction":[{"@type":"SearchAction","target":{"@type":"EntryPoint","urlTemplate":"https:\/\/littlemedicalschool.com\/montreal\/?s={search_term_string}"},"query-input":{"@type":"PropertyValueSpecification","valueRequired":true,"valueName":"search_term_string"}}],"inLanguage":"fr-CA"}]}},"_links":{"self":[{"href":"https:\/\/littlemedicalschool.com\/montreal\/fr\/wp-json\/wp\/v2\/pages\/2020","targetHints":{"allow":["GET"]}}],"collection":[{"href":"https:\/\/littlemedicalschool.com\/montreal\/fr\/wp-json\/wp\/v2\/pages"}],"about":[{"href":"https:\/\/littlemedicalschool.com\/montreal\/fr\/wp-json\/wp\/v2\/types\/page"}],"author":[{"embeddable":true,"href":"https:\/\/littlemedicalschool.com\/montreal\/fr\/wp-json\/wp\/v2\/users\/111"}],"replies":[{"embeddable":true,"href":"https:\/\/littlemedicalschool.com\/montreal\/fr\/wp-json\/wp\/v2\/comments?post=2020"}],"version-history":[{"count":0,"href":"https:\/\/littlemedicalschool.com\/montreal\/fr\/wp-json\/wp\/v2\/pages\/2020\/revisions"}],"wp:attachment":[{"href":"https:\/\/littlemedicalschool.com\/montreal\/fr\/wp-json\/wp\/v2\/media?parent=2020"}],"curies":[{"name":"wp","href":"https:\/\/api.w.org\/{rel}","templated":true}]}}