
{"id":2022,"date":"2019-12-31T20:09:13","date_gmt":"2019-12-31T20:09:13","guid":{"rendered":"https:\/\/littlemedsch.wpengine.com\/kansascity\/our-programs\/"},"modified":"2026-02-25T20:25:54","modified_gmt":"2026-02-25T20:25:54","slug":"our-programs","status":"publish","type":"page","link":"https:\/\/littlemedicalschool.com\/montreal\/fr\/our-programs\/","title":{"rendered":"Nos programmes"},"content":{"rendered":"<h2>\n\t\tInspirer les jeunes esprits, c\u2019est ce que nous faisons.\n\t<\/h2>\n\t<p>La Petite \u00c9cole de M\u00e9decine inspire les jeunes esprits en partageant notre passion pour l'apprentissage, la sant\u00e9 et les carri\u00e8res m\u00e9dicales. Gr\u00e2ce \u00e0 des activit\u00e9s pratiques, des jeux de r\u00f4le et des d\u00e9monstrations interactives, les enfants explorent le monde passionnant de la sant\u00e9. Tous les programmes sont r\u00e9dig\u00e9s par des enseignants exp\u00e9riment\u00e9s, des m\u00e9decins certifi\u00e9s et des professionnels de sant\u00e9 qualifi\u00e9s. Nos cours sont anim\u00e9s par un instructeur form\u00e9e de Little Medical School.<sup>\u00ae<\/sup> .<\/p>\n\t\t\t\t<img decoding=\"async\" src=\"https:\/\/littlemedicalschool.com\/montreallms\/files\/2024\/03\/programs-img1-300x196-1.png\" alt=\"programs-img1-300x196\" itemprop=\"image\" title=\"programs-img1-300x196\" onerror=\"this.style.display='none'\"  \/>\n\t\t\t\t<img decoding=\"async\" src=\"https:\/\/littlemedicalschool.com\/montreallms\/files\/2024\/03\/lilped.jpg\" alt=\"lilped\" itemprop=\"image\" title=\"lilped\" onerror=\"this.style.display='none'\"  \/>\n\t<p>At LMS &#8211; Future Pediatrician, students will assume the role of a pediatrician and learn how to hold a baby, do a head-to-toe exam, change a diaper, and keep a baby safe. Est. 2016<\/p>\n\t\t\t\t<img decoding=\"async\" src=\"https:\/\/littlemedicalschool.com\/montreallms\/files\/2024\/03\/vet.jpg\" alt=\"vet\" itemprop=\"image\" title=\"vet\" onerror=\"this.style.display='none'\"  \/>\n\t<p>\u00c0 la Petite \u00c9cole V\u00e9t\u00e9rinaire, les \u00e9l\u00e8ves incarneront un v\u00e9t\u00e9rinaire et apprendront \u00e0 r\u00e9aliser un examen complet, \u00e0 comprendre l'importance d'une bonne nutrition, \u00e0 v\u00e9rifier la pr\u00e9sence de tiques et \u00e0 identifier le langage corporel des animaux. \u00c9tabli en 2016.<\/p>\n\t\t\t\t<img decoding=\"async\" src=\"https:\/\/littlemedicalschool.com\/montreallms\/files\/2024\/03\/lildoc-1.jpg\" alt=\"lildoc-1\" itemprop=\"image\" title=\"lildoc-1\" onerror=\"this.style.display='none'\"  \/>\n\t<p>\u00c0 la Little Medical School, les \u00e9tudiants incarneront un m\u00e9decin et apprendront le fonctionnement du corps et des organes, l'utilisation des instruments m\u00e9dicaux, les premiers soins et m\u00eame la r\u00e9alisation de n\u0153uds comme un v\u00e9ritable chirurgien. \u00c9tabli en 2009.<\/p>\n\t\t\t\t<img decoding=\"async\" src=\"https:\/\/littlemedicalschool.com\/montreallms\/files\/2024\/03\/wilderness.jpg\" alt=\"wilderness\" itemprop=\"image\" title=\"wilderness\" onerror=\"this.style.display='none'\"  \/>\n\t<p>At LMS &#8211; Wilderness Medicine, students will learn about some of the dangers in the wild such as bug bites, snake bites, and poisonous plants and learn how to splint a broken leg, tie a tourniquet, and filter dirty water.<\/p>\n\t\t\t\t<img decoding=\"async\" src=\"https:\/\/littlemedicalschool.com\/montreallms\/files\/2024\/03\/sportmed.jpg\" alt=\"sportmed\" itemprop=\"image\" title=\"sportmed\" onerror=\"this.style.display='none'\"  \/>\n\t<p>At LMS &#8211; Sports Medicine, students will explore the roles of an athletic trainer and orthopedic surgeon and learn how to diagnosis and treat common sports injuries such as sprains, strains, and athlete&#8217;s foot. Est. 2016<\/p>\n\t\t\t\t<img decoding=\"async\" src=\"https:\/\/littlemedicalschool.com\/montreallms\/files\/2024\/03\/teenmedical.jpg\" alt=\"teenmedical\" itemprop=\"image\" title=\"teenmedical\" onerror=\"this.style.display='none'\"  \/>\n\t<p>Ce programme est une petite \u00e9cole de m\u00e9decine avanc\u00e9e destin\u00e9e aux coll\u00e9giens et lyc\u00e9ens. Les \u00e9l\u00e8ves y d\u00e9couvriront la peau, le sang, les techniques chirurgicales, la lecture d'un ECG et le processus de pr\u00e9paration aux \u00e9tudes de m\u00e9decine. \u00c9tabli en 2016.<\/p>","protected":false},"excerpt":{"rendered":"<p>Inspiring young minds is what we do. Little Medical School inspires young minds by sharing our passion for learning, health and careers in medicine. Through hands-on activities, role-play, and interactive demonstrations, children explore the exciting world of healthcare. All programs are written by experienced educators, board-certified physicians and trained healthcare professionals. Our classes are led&hellip;<\/p>","protected":false},"author":111,"featured_media":0,"parent":0,"menu_order":0,"comment_status":"closed","ping_status":"closed","template":"","meta":{"_monsterinsights_skip_tracking":false,"_monsterinsights_sitenote_active":false,"_monsterinsights_sitenote_note":"","_monsterinsights_sitenote_category":0,"footnotes":""},"class_list":["post-2022","page","type-page","status-publish","hentry"],"yoast_head":"<!-- This site is optimized with the Yoast SEO plugin v27.3 - https:\/\/yoast.com\/product\/yoast-seo-wordpress\/ -->\n<title>Our Programs - Little Medical School\u00ae - Montreal<\/title>\n<meta name=\"robots\" content=\"index, follow, max-snippet:-1, max-image-preview:large, max-video-preview:-1\" \/>\n<link rel=\"canonical\" href=\"https:\/\/littlemedicalschool.com\/montreal\/fr\/our-programs\/\" \/>\n<meta property=\"og:locale\" content=\"fr_CA\" \/>\n<meta property=\"og:type\" content=\"article\" \/>\n<meta property=\"og:title\" content=\"Our Programs - Little Medical School\u00ae - Montreal\" \/>\n<meta property=\"og:description\" content=\"Inspiring young minds is what we do. Little Medical School inspires young minds by sharing our passion for learning, health and careers in medicine. Through hands-on activities, role-play, and interactive demonstrations, children explore the exciting world of healthcare. All programs are written by experienced educators, board-certified physicians and trained healthcare professionals. Our classes are led&hellip;\" \/>\n<meta property=\"og:url\" content=\"https:\/\/littlemedicalschool.com\/montreal\/fr\/our-programs\/\" \/>\n<meta property=\"og:site_name\" content=\"Little Medical School\u00ae - Montreal\" \/>\n<meta property=\"article:modified_time\" content=\"2026-02-25T20:25:54+00:00\" \/>\n<meta property=\"og:image\" content=\"https:\/\/littlemedicalschool.com\/montreallms\/files\/2024\/03\/programs-img1-300x196-1.png\" \/>\n<meta name=\"twitter:card\" content=\"summary_large_image\" \/>\n<meta name=\"twitter:label1\" content=\"Est. reading time\" \/>\n\t<meta name=\"twitter:data1\" content=\"1 minute\" \/>\n<script type=\"application\/ld+json\" class=\"yoast-schema-graph\">{\"@context\":\"https:\\\/\\\/schema.org\",\"@graph\":[{\"@type\":\"WebPage\",\"@id\":\"https:\\\/\\\/littlemedicalschool.com\\\/montreal\\\/our-programs\\\/\",\"url\":\"https:\\\/\\\/littlemedicalschool.com\\\/montreal\\\/our-programs\\\/\",\"name\":\"Our Programs - Little Medical School\u00ae - Montreal\",\"isPartOf\":{\"@id\":\"https:\\\/\\\/littlemedicalschool.com\\\/montreal\\\/#website\"},\"primaryImageOfPage\":{\"@id\":\"https:\\\/\\\/littlemedicalschool.com\\\/montreal\\\/our-programs\\\/#primaryimage\"},\"image\":{\"@id\":\"https:\\\/\\\/littlemedicalschool.com\\\/montreal\\\/our-programs\\\/#primaryimage\"},\"thumbnailUrl\":\"https:\\\/\\\/littlemedicalschool.com\\\/montreallms\\\/files\\\/2024\\\/03\\\/programs-img1-300x196-1.png\",\"datePublished\":\"2019-12-31T20:09:13+00:00\",\"dateModified\":\"2026-02-25T20:25:54+00:00\",\"breadcrumb\":{\"@id\":\"https:\\\/\\\/littlemedicalschool.com\\\/montreal\\\/our-programs\\\/#breadcrumb\"},\"inLanguage\":\"fr-CA\",\"potentialAction\":[{\"@type\":\"ReadAction\",\"target\":[\"https:\\\/\\\/littlemedicalschool.com\\\/montreal\\\/our-programs\\\/\"]}]},{\"@type\":\"ImageObject\",\"inLanguage\":\"fr-CA\",\"@id\":\"https:\\\/\\\/littlemedicalschool.com\\\/montreal\\\/our-programs\\\/#primaryimage\",\"url\":\"https:\\\/\\\/littlemedicalschool.com\\\/montreallms\\\/files\\\/2024\\\/03\\\/programs-img1-300x196-1.png\",\"contentUrl\":\"https:\\\/\\\/littlemedicalschool.com\\\/montreallms\\\/files\\\/2024\\\/03\\\/programs-img1-300x196-1.png\"},{\"@type\":\"BreadcrumbList\",\"@id\":\"https:\\\/\\\/littlemedicalschool.com\\\/montreal\\\/our-programs\\\/#breadcrumb\",\"itemListElement\":[{\"@type\":\"ListItem\",\"position\":1,\"name\":\"Home\",\"item\":\"https:\\\/\\\/littlemedicalschool.com\\\/montreal\\\/\"},{\"@type\":\"ListItem\",\"position\":2,\"name\":\"Our Programs\"}]},{\"@type\":\"WebSite\",\"@id\":\"https:\\\/\\\/littlemedicalschool.com\\\/montreal\\\/#website\",\"url\":\"https:\\\/\\\/littlemedicalschool.com\\\/montreal\\\/\",\"name\":\"Little Medical School\u00ae - Montreal\",\"description\":\"Little Medical School\u00ae  - Montreal\",\"potentialAction\":[{\"@type\":\"SearchAction\",\"target\":{\"@type\":\"EntryPoint\",\"urlTemplate\":\"https:\\\/\\\/littlemedicalschool.com\\\/montreal\\\/?s={search_term_string}\"},\"query-input\":{\"@type\":\"PropertyValueSpecification\",\"valueRequired\":true,\"valueName\":\"search_term_string\"}}],\"inLanguage\":\"fr-CA\"}]}<\/script>\n<!-- \/ Yoast SEO plugin. -->","yoast_head_json":{"title":"Our Programs - Little Medical School\u00ae - Montreal","robots":{"index":"index","follow":"follow","max-snippet":"max-snippet:-1","max-image-preview":"max-image-preview:large","max-video-preview":"max-video-preview:-1"},"canonical":"https:\/\/littlemedicalschool.com\/montreal\/fr\/our-programs\/","og_locale":"fr_CA","og_type":"article","og_title":"Our Programs - Little Medical School\u00ae - Montreal","og_description":"Inspiring young minds is what we do. Little Medical School inspires young minds by sharing our passion for learning, health and careers in medicine. Through hands-on activities, role-play, and interactive demonstrations, children explore the exciting world of healthcare. All programs are written by experienced educators, board-certified physicians and trained healthcare professionals. Our classes are led&hellip;","og_url":"https:\/\/littlemedicalschool.com\/montreal\/fr\/our-programs\/","og_site_name":"Little Medical School\u00ae - Montreal","article_modified_time":"2026-02-25T20:25:54+00:00","og_image":[{"url":"https:\/\/littlemedicalschool.com\/montreallms\/files\/2024\/03\/programs-img1-300x196-1.png","type":"","width":"","height":""}],"twitter_card":"summary_large_image","twitter_misc":{"Est. reading time":"1 minute"},"schema":{"@context":"https:\/\/schema.org","@graph":[{"@type":"WebPage","@id":"https:\/\/littlemedicalschool.com\/montreal\/our-programs\/","url":"https:\/\/littlemedicalschool.com\/montreal\/our-programs\/","name":"Our Programs - Little Medical School\u00ae - Montreal","isPartOf":{"@id":"https:\/\/littlemedicalschool.com\/montreal\/#website"},"primaryImageOfPage":{"@id":"https:\/\/littlemedicalschool.com\/montreal\/our-programs\/#primaryimage"},"image":{"@id":"https:\/\/littlemedicalschool.com\/montreal\/our-programs\/#primaryimage"},"thumbnailUrl":"https:\/\/littlemedicalschool.com\/montreallms\/files\/2024\/03\/programs-img1-300x196-1.png","datePublished":"2019-12-31T20:09:13+00:00","dateModified":"2026-02-25T20:25:54+00:00","breadcrumb":{"@id":"https:\/\/littlemedicalschool.com\/montreal\/our-programs\/#breadcrumb"},"inLanguage":"fr-CA","potentialAction":[{"@type":"ReadAction","target":["https:\/\/littlemedicalschool.com\/montreal\/our-programs\/"]}]},{"@type":"ImageObject","inLanguage":"fr-CA","@id":"https:\/\/littlemedicalschool.com\/montreal\/our-programs\/#primaryimage","url":"https:\/\/littlemedicalschool.com\/montreallms\/files\/2024\/03\/programs-img1-300x196-1.png","contentUrl":"https:\/\/littlemedicalschool.com\/montreallms\/files\/2024\/03\/programs-img1-300x196-1.png"},{"@type":"BreadcrumbList","@id":"https:\/\/littlemedicalschool.com\/montreal\/our-programs\/#breadcrumb","itemListElement":[{"@type":"ListItem","position":1,"name":"Home","item":"https:\/\/littlemedicalschool.com\/montreal\/"},{"@type":"ListItem","position":2,"name":"Our Programs"}]},{"@type":"WebSite","@id":"https:\/\/littlemedicalschool.com\/montreal\/#website","url":"https:\/\/littlemedicalschool.com\/montreal\/","name":"Little Medical School\u00ae - Montreal","description":"Little Medical School\u00ae  - Montreal","potentialAction":[{"@type":"SearchAction","target":{"@type":"EntryPoint","urlTemplate":"https:\/\/littlemedicalschool.com\/montreal\/?s={search_term_string}"},"query-input":{"@type":"PropertyValueSpecification","valueRequired":true,"valueName":"search_term_string"}}],"inLanguage":"fr-CA"}]}},"_links":{"self":[{"href":"https:\/\/littlemedicalschool.com\/montreal\/fr\/wp-json\/wp\/v2\/pages\/2022","targetHints":{"allow":["GET"]}}],"collection":[{"href":"https:\/\/littlemedicalschool.com\/montreal\/fr\/wp-json\/wp\/v2\/pages"}],"about":[{"href":"https:\/\/littlemedicalschool.com\/montreal\/fr\/wp-json\/wp\/v2\/types\/page"}],"author":[{"embeddable":true,"href":"https:\/\/littlemedicalschool.com\/montreal\/fr\/wp-json\/wp\/v2\/users\/111"}],"replies":[{"embeddable":true,"href":"https:\/\/littlemedicalschool.com\/montreal\/fr\/wp-json\/wp\/v2\/comments?post=2022"}],"version-history":[{"count":1,"href":"https:\/\/littlemedicalschool.com\/montreal\/fr\/wp-json\/wp\/v2\/pages\/2022\/revisions"}],"predecessor-version":[{"id":2953,"href":"https:\/\/littlemedicalschool.com\/montreal\/fr\/wp-json\/wp\/v2\/pages\/2022\/revisions\/2953"}],"wp:attachment":[{"href":"https:\/\/littlemedicalschool.com\/montreal\/fr\/wp-json\/wp\/v2\/media?parent=2022"}],"curies":[{"name":"wp","href":"https:\/\/api.w.org\/{rel}","templated":true}]}}