
{"id":2023,"date":"2019-12-31T20:09:18","date_gmt":"2019-12-31T20:09:18","guid":{"rendered":"https:\/\/littlemedsch.wpengine.com\/kansascity\/lms-and-stem\/"},"modified":"2025-07-18T00:32:49","modified_gmt":"2025-07-18T00:32:49","slug":"lms-and-stem","status":"publish","type":"page","link":"https:\/\/littlemedicalschool.com\/montreal\/fr\/lms-and-stem\/","title":{"rendered":"LMS and STEM"},"content":{"rendered":"<h2>\r\n\t\tLe LMS est-il un programme STEM?\r\n\t<\/h2>\r\n\t<p>La Little Medical School est convaincue qu'un programme d'\u00e9tudes ax\u00e9 sur les STIM (sciences, technologie, ing\u00e9nierie et math\u00e9matiques) offrira aux \u00e9tudiants des bases solides pour poursuivre une carri\u00e8re en m\u00e9decine. Qu'il s'agisse d'utiliser les sciences pour comprendre l'anatomie, la technologie pour mieux exploiter les informations patient, l'ing\u00e9nierie pour d\u00e9velopper des solutions \u00e0 des probl\u00e8mes m\u00e9dicaux complexes ou les math\u00e9matiques pour calculer la dose ad\u00e9quate de m\u00e9dicaments, la sant\u00e9 et les STIM sont indissociables. Pourtant, au-del\u00e0 de notre priorit\u00e9 d'apprentissage et de r\u00e9flexion critique, notre mission principale est d'inspirer une meilleure compr\u00e9hension de la sant\u00e9 et des choix de carri\u00e8re.<\/p>\r\n\t\t\t\t<img loading=\"lazy\" decoding=\"async\" src=\"https:\/\/littlemedicalschool.com\/locationtemplate\/wp-content\/uploads\/sites\/86\/2019\/12\/programs-img1.png\" alt=\"programs-img1\" itemprop=\"image\" height=\"560\" width=\"857\" title=\"programs-img1\" onerror=\"this.style.display='none'\"  \/>\r\n\t\t\t\t<img loading=\"lazy\" decoding=\"async\" src=\"https:\/\/littlemedicalschool.com\/locationtemplate\/wp-content\/uploads\/sites\/86\/2019\/12\/lms-stem1.png\" alt=\"lms-stem1\" itemprop=\"image\" height=\"370\" width=\"570\" title=\"lms-stem1\" onerror=\"this.style.display='none'\"  \/>\r\n\t\t\t\t<img loading=\"lazy\" decoding=\"async\" src=\"https:\/\/littlemedicalschool.com\/locationtemplate\/wp-content\/uploads\/sites\/86\/2019\/12\/lms-stem2.png\" alt=\"lms-stem2\" itemprop=\"image\" height=\"370\" width=\"570\" title=\"lms-stem2\" onerror=\"this.style.display='none'\"  \/>\r\n\t\t\t\t<img loading=\"lazy\" decoding=\"async\" src=\"https:\/\/littlemedicalschool.com\/locationtemplate\/wp-content\/uploads\/sites\/86\/2019\/12\/lms-stem3.png\" alt=\"lms-stem3\" itemprop=\"image\" height=\"370\" width=\"570\" title=\"lms-stem3\" onerror=\"this.style.display='none'\"  \/>","protected":false},"excerpt":{"rendered":"<p>Is LMS a STEM program? Little Medical School believes a curriculum based on STEM (Science, Technology, Engineering and Math) will provide students with a strong foundation to pursue careers in medicine. Whether utilizing Science to understand anatomy, Technology to better utilize patient information, Engineering to develop solutions to complex medical issues, or Math to calculate&hellip;<\/p>","protected":false},"author":111,"featured_media":0,"parent":0,"menu_order":0,"comment_status":"closed","ping_status":"closed","template":"","meta":{"_monsterinsights_skip_tracking":false,"_monsterinsights_sitenote_active":false,"_monsterinsights_sitenote_note":"","_monsterinsights_sitenote_category":0,"footnotes":""},"class_list":["post-2023","page","type-page","status-publish","hentry"],"_links":{"self":[{"href":"https:\/\/littlemedicalschool.com\/montreal\/fr\/wp-json\/wp\/v2\/pages\/2023","targetHints":{"allow":["GET"]}}],"collection":[{"href":"https:\/\/littlemedicalschool.com\/montreal\/fr\/wp-json\/wp\/v2\/pages"}],"about":[{"href":"https:\/\/littlemedicalschool.com\/montreal\/fr\/wp-json\/wp\/v2\/types\/page"}],"author":[{"embeddable":true,"href":"https:\/\/littlemedicalschool.com\/montreal\/fr\/wp-json\/wp\/v2\/users\/111"}],"replies":[{"embeddable":true,"href":"https:\/\/littlemedicalschool.com\/montreal\/fr\/wp-json\/wp\/v2\/comments?post=2023"}],"version-history":[{"count":0,"href":"https:\/\/littlemedicalschool.com\/montreal\/fr\/wp-json\/wp\/v2\/pages\/2023\/revisions"}],"wp:attachment":[{"href":"https:\/\/littlemedicalschool.com\/montreal\/fr\/wp-json\/wp\/v2\/media?parent=2023"}],"curies":[{"name":"wp","href":"https:\/\/api.w.org\/{rel}","templated":true}]}}