
{"id":2024,"date":"2019-12-31T20:09:22","date_gmt":"2019-12-31T20:09:22","guid":{"rendered":"https:\/\/littlemedsch.wpengine.com\/kansascity\/join-our-team-2\/"},"modified":"2026-03-20T14:59:20","modified_gmt":"2026-03-20T14:59:20","slug":"join-our-team","status":"publish","type":"page","link":"https:\/\/littlemedicalschool.com\/montreal\/fr\/join-our-team\/","title":{"rendered":"Rejoins notre \u00e9quipe"},"content":{"rendered":"<h2>\n\t\t\u00cates-vous passionn\u00e9 par la sant\u00e9 et la science?\n\t<\/h2>\n\t<p>Vous aimez travailler avec les enfants et pr\u00e9senter des concepts de mani\u00e8re ludique et cr\u00e9ative\u00a0? Nous proposons des postes b\u00e9n\u00e9voles et r\u00e9mun\u00e9r\u00e9s!<\/p>\n<p>Nous recherchons des personnes motiv\u00e9es pour diriger une s\u00e9rie de cours d'une heure comprenant des d\u00e9monstrations interactives, de l'artisanat et des jeux, qui apprendront aux enfants comment fonctionnent le corps et les organes, conna\u00eetront les instruments que les vrais m\u00e9decins utilisent, appliqueront les proc\u00e9dures de premiers soins, feront des n\u0153uds comme de vrais chirurgiens et bien plus encore!<\/p>\n<p>Whether you are looking for a fantastic opportunity to enhance your resume, receive credit hours for your educational programs, or if you are looking for a fun way to increase your current income &#8211; Little Medical School is the place for you!<\/p>\n<p>Nous offrons des opportunit\u00e9s d'emploi et de b\u00e9n\u00e9volat id\u00e9ales aux \u00e9tudiants en pr\u00e9-m\u00e9decine et en soins infirmiers. Une formation m\u00e9dicale n'est pas requise. Une exp\u00e9rience pr\u00e9alable aupr\u00e8s d'enfants est pr\u00e9f\u00e9rable. Tous les enseignants et b\u00e9n\u00e9voles doivent se soumettre \u00e0 une v\u00e9rification des ant\u00e9c\u00e9dents \u00e0 la demande des districts scolaires que nous desservons.<\/p>\n\t\t\t\t<img loading=\"lazy\" decoding=\"async\" src=\"https:\/\/littlemedicalschool.com\/locationtemplate\/wp-content\/uploads\/sites\/86\/2019\/12\/join-team.png\" alt=\"join-team\" itemprop=\"image\" height=\"561\" width=\"858\" title=\"join-team\" onerror=\"this.style.display='none'\"  \/>\n<h2>\n\t\tInstructeurs:\n\t<\/h2>\n\t<p><em>Soyez pay\u00e9 pour diriger des cours interactifs sur la sant\u00e9 et la m\u00e9decine pour les \u00e9l\u00e8ves de la maternelle au coll\u00e8ge.<\/em><\/p>\n<p>Un instructeur est responsable de la supervision et de la gestion de la classe tout en contribuant aux objectifs et aux r\u00e9sultats de la Little Medical School\u00ae. En collaboration avec le coordinateur p\u00e9riscolaire, l'instructeur r\u00e9alise les activit\u00e9s quotidiennes, fournit un retour d'information sur le programme et les activit\u00e9s, et veille \u00e0 la s\u00e9curit\u00e9 et au bien-\u00eatre physique des enfants.<\/p>\nPensez-vous \u00eatre le\/la candidat(e) id\u00e9al(e) pour int\u00e9grer la Little Medical School\u00a0? Si oui, veuillez remplir et soumettre le formulaire de candidature suivant.<br \/>\nNous vous contacterons sous peu!\n\t\t\t<a href=\"https:\/\/littlemedicalschool.com\/montreal\/fr\/instructor-application\/\" target=\"_self\" role=\"button\">\n\t\t\t\t\t\t\tDEMANDE D'INSTRUCTEUR\n\t\t\t\t\t<\/a>\n<h2>\n\t\tFonctions principales\n\t<\/h2>\n\t<p>&nbsp;<\/p>\n<ul>\n<li>Assurer un environnement s\u00fbr et sain<\/li>\n<li>Participer au nettoyage r\u00e9gulier du mat\u00e9riel et des espaces de classe<\/li>\n<li>Cr\u00e9er un espace de classe accueillant et adapt\u00e9 aux jeunes<\/li>\n<li>Offrir une interaction positive avec les \u00e9tudiants en mettant l'accent sur la sant\u00e9 et les sciences<\/li>\n<li>R\u00e9cup\u00e9ration et retour des fournitures au coordinateur LMS<\/li>\n<li>Must have reliable transportation All training is provided, and scheduling is flexible. You only teach the classes that fit in your schedule.<\/li>\n<li>Hours worked will vary depending on the number of classes\/parties\/camps taught Hourly pay as an independent contractor (1099) Incentives are available based on longevity and performance<\/li>\n<\/ul>\n\t\t\t\t<img loading=\"lazy\" decoding=\"async\" src=\"https:\/\/littlemedicalschool.com\/locationtemplate\/wp-content\/uploads\/sites\/86\/2019\/12\/team1.png\" alt=\"team1\" itemprop=\"image\" height=\"377\" width=\"576\" title=\"team1\" onerror=\"this.style.display='none'\"  \/>\n\t\t\t\t<img loading=\"lazy\" decoding=\"async\" src=\"https:\/\/littlemedicalschool.com\/locationtemplate\/wp-content\/uploads\/sites\/86\/2019\/12\/team2.png\" alt=\"team2\" itemprop=\"image\" height=\"368\" width=\"572\" title=\"team2\" onerror=\"this.style.display='none'\"  \/>\n\t\t\t\t<img loading=\"lazy\" decoding=\"async\" src=\"https:\/\/littlemedicalschool.com\/locationtemplate\/wp-content\/uploads\/sites\/86\/2019\/12\/team3.png\" alt=\"team3\" itemprop=\"image\" height=\"377\" width=\"570\" title=\"team3\" onerror=\"this.style.display='none'\"  \/>\n<h2>\n\t\tB\u00e9n\u00e9voles:\n\t<\/h2>\n\t<p><em>Gagnez des cr\u00e9dits pour vos cours ou votre service communautaire en devenant b\u00e9n\u00e9vole en tant qu'instructeur ou instructeur junior.<\/em><\/p>\n<p>Pensez-vous que la Petite \u00c9cole de M\u00e9decine serait un bon candidat\u00a0? Si oui, remplissez et envoyez le formulaire de candidature ci-dessous. Nous vous contacterons prochainement!<\/p>\n\t\t\t<a href=\"https:\/\/littlemedicalschool.com\/montreal\/fr\/volunteer-application\/\" target=\"_self\" role=\"button\">\n\t\t\t\t\t\t\tDEMANDE DE B\u00c9N\u00c9VOLAT\n\t\t\t\t\t<\/a>\n<h2>\n\t\tFonctions principales\n\t<\/h2>\n\t<p>&nbsp;<\/p>\n<ul>\n<li>Possibilit\u00e9 de se porter volontaire en tant qu'instructeur junior<\/li>\n<li>Cr\u00e9dits possibles pour vos cours de technologie et de carri\u00e8re en sant\u00e9<\/li>\n<li>Can qualify as Community Service Help inspire young children as a positive role model<\/li>\n<li>Ability to earn full Instructor status College or Graduate Level Students: Able to volunteer as an Instructor or Junior Instructor<\/li>\n<li>Cr\u00e9dits possibles pour vos cours de formation<\/li>\n<li>Can qualify as Community Service Help inspire young children as a positive role model<\/li>\n<\/ul>","protected":false},"excerpt":{"rendered":"<p>Are you passionate about health and science? Do you love working with children and presenting concepts in a fun and creative way? We have volunteer and paid positions available! We are looking for motivated individuals to lead a series of one hour classes featuring interactive demonstrations, crafts and games, which will teach kids how the&hellip;<\/p>","protected":false},"author":111,"featured_media":0,"parent":0,"menu_order":0,"comment_status":"closed","ping_status":"closed","template":"","meta":{"_monsterinsights_skip_tracking":false,"_monsterinsights_sitenote_active":false,"_monsterinsights_sitenote_note":"","_monsterinsights_sitenote_category":0,"footnotes":""},"class_list":["post-2024","page","type-page","status-publish","hentry"],"yoast_head":"<!-- This site is optimized with the Yoast SEO plugin v27.3 - https:\/\/yoast.com\/product\/yoast-seo-wordpress\/ -->\n<title>Join Our Team - Little Medical School\u00ae - Montreal<\/title>\n<meta name=\"robots\" content=\"index, follow, max-snippet:-1, max-image-preview:large, max-video-preview:-1\" \/>\n<link rel=\"canonical\" href=\"https:\/\/littlemedicalschool.com\/montreal\/fr\/join-our-team\/\" \/>\n<meta property=\"og:locale\" content=\"fr_CA\" \/>\n<meta property=\"og:type\" content=\"article\" \/>\n<meta property=\"og:title\" content=\"Join Our Team - Little Medical School\u00ae - Montreal\" \/>\n<meta property=\"og:description\" content=\"Are you passionate about health and science? Do you love working with children and presenting concepts in a fun and creative way? We have volunteer and paid positions available! We are looking for motivated individuals to lead a series of one hour classes featuring interactive demonstrations, crafts and games, which will teach kids how the&hellip;\" \/>\n<meta property=\"og:url\" content=\"https:\/\/littlemedicalschool.com\/montreal\/fr\/join-our-team\/\" \/>\n<meta property=\"og:site_name\" content=\"Little Medical School\u00ae - Montreal\" \/>\n<meta property=\"article:modified_time\" content=\"2026-03-20T14:59:20+00:00\" \/>\n<meta property=\"og:image\" content=\"https:\/\/littlemedicalschool.com\/locationtemplate\/wp-content\/uploads\/sites\/86\/2019\/12\/join-team.png\" \/>\n<meta name=\"twitter:card\" content=\"summary_large_image\" \/>\n<meta name=\"twitter:label1\" content=\"Est. reading time\" \/>\n\t<meta name=\"twitter:data1\" content=\"2 minutes\" \/>\n<script type=\"application\/ld+json\" class=\"yoast-schema-graph\">{\"@context\":\"https:\\\/\\\/schema.org\",\"@graph\":[{\"@type\":\"WebPage\",\"@id\":\"https:\\\/\\\/littlemedicalschool.com\\\/montreal\\\/join-our-team\\\/\",\"url\":\"https:\\\/\\\/littlemedicalschool.com\\\/montreal\\\/join-our-team\\\/\",\"name\":\"Join Our Team - Little Medical School\u00ae - Montreal\",\"isPartOf\":{\"@id\":\"https:\\\/\\\/littlemedicalschool.com\\\/montreal\\\/#website\"},\"primaryImageOfPage\":{\"@id\":\"https:\\\/\\\/littlemedicalschool.com\\\/montreal\\\/join-our-team\\\/#primaryimage\"},\"image\":{\"@id\":\"https:\\\/\\\/littlemedicalschool.com\\\/montreal\\\/join-our-team\\\/#primaryimage\"},\"thumbnailUrl\":\"https:\\\/\\\/littlemedicalschool.com\\\/locationtemplate\\\/wp-content\\\/uploads\\\/sites\\\/86\\\/2019\\\/12\\\/join-team.png\",\"datePublished\":\"2019-12-31T20:09:22+00:00\",\"dateModified\":\"2026-03-20T14:59:20+00:00\",\"breadcrumb\":{\"@id\":\"https:\\\/\\\/littlemedicalschool.com\\\/montreal\\\/join-our-team\\\/#breadcrumb\"},\"inLanguage\":\"fr-CA\",\"potentialAction\":[{\"@type\":\"ReadAction\",\"target\":[\"https:\\\/\\\/littlemedicalschool.com\\\/montreal\\\/join-our-team\\\/\"]}]},{\"@type\":\"ImageObject\",\"inLanguage\":\"fr-CA\",\"@id\":\"https:\\\/\\\/littlemedicalschool.com\\\/montreal\\\/join-our-team\\\/#primaryimage\",\"url\":\"https:\\\/\\\/littlemedicalschool.com\\\/locationtemplate\\\/wp-content\\\/uploads\\\/sites\\\/86\\\/2019\\\/12\\\/join-team.png\",\"contentUrl\":\"https:\\\/\\\/littlemedicalschool.com\\\/locationtemplate\\\/wp-content\\\/uploads\\\/sites\\\/86\\\/2019\\\/12\\\/join-team.png\"},{\"@type\":\"BreadcrumbList\",\"@id\":\"https:\\\/\\\/littlemedicalschool.com\\\/montreal\\\/join-our-team\\\/#breadcrumb\",\"itemListElement\":[{\"@type\":\"ListItem\",\"position\":1,\"name\":\"Home\",\"item\":\"https:\\\/\\\/littlemedicalschool.com\\\/montreal\\\/\"},{\"@type\":\"ListItem\",\"position\":2,\"name\":\"Join Our Team\"}]},{\"@type\":\"WebSite\",\"@id\":\"https:\\\/\\\/littlemedicalschool.com\\\/montreal\\\/#website\",\"url\":\"https:\\\/\\\/littlemedicalschool.com\\\/montreal\\\/\",\"name\":\"Little Medical School\u00ae - Montreal\",\"description\":\"Little Medical School\u00ae  - Montreal\",\"potentialAction\":[{\"@type\":\"SearchAction\",\"target\":{\"@type\":\"EntryPoint\",\"urlTemplate\":\"https:\\\/\\\/littlemedicalschool.com\\\/montreal\\\/?s={search_term_string}\"},\"query-input\":{\"@type\":\"PropertyValueSpecification\",\"valueRequired\":true,\"valueName\":\"search_term_string\"}}],\"inLanguage\":\"fr-CA\"}]}<\/script>\n<!-- \/ Yoast SEO plugin. -->","yoast_head_json":{"title":"Join Our Team - Little Medical School\u00ae - Montreal","robots":{"index":"index","follow":"follow","max-snippet":"max-snippet:-1","max-image-preview":"max-image-preview:large","max-video-preview":"max-video-preview:-1"},"canonical":"https:\/\/littlemedicalschool.com\/montreal\/fr\/join-our-team\/","og_locale":"fr_CA","og_type":"article","og_title":"Join Our Team - Little Medical School\u00ae - Montreal","og_description":"Are you passionate about health and science? Do you love working with children and presenting concepts in a fun and creative way? We have volunteer and paid positions available! We are looking for motivated individuals to lead a series of one hour classes featuring interactive demonstrations, crafts and games, which will teach kids how the&hellip;","og_url":"https:\/\/littlemedicalschool.com\/montreal\/fr\/join-our-team\/","og_site_name":"Little Medical School\u00ae - Montreal","article_modified_time":"2026-03-20T14:59:20+00:00","og_image":[{"url":"https:\/\/littlemedicalschool.com\/locationtemplate\/wp-content\/uploads\/sites\/86\/2019\/12\/join-team.png","type":"","width":"","height":""}],"twitter_card":"summary_large_image","twitter_misc":{"Est. reading time":"2 minutes"},"schema":{"@context":"https:\/\/schema.org","@graph":[{"@type":"WebPage","@id":"https:\/\/littlemedicalschool.com\/montreal\/join-our-team\/","url":"https:\/\/littlemedicalschool.com\/montreal\/join-our-team\/","name":"Join Our Team - Little Medical School\u00ae - Montreal","isPartOf":{"@id":"https:\/\/littlemedicalschool.com\/montreal\/#website"},"primaryImageOfPage":{"@id":"https:\/\/littlemedicalschool.com\/montreal\/join-our-team\/#primaryimage"},"image":{"@id":"https:\/\/littlemedicalschool.com\/montreal\/join-our-team\/#primaryimage"},"thumbnailUrl":"https:\/\/littlemedicalschool.com\/locationtemplate\/wp-content\/uploads\/sites\/86\/2019\/12\/join-team.png","datePublished":"2019-12-31T20:09:22+00:00","dateModified":"2026-03-20T14:59:20+00:00","breadcrumb":{"@id":"https:\/\/littlemedicalschool.com\/montreal\/join-our-team\/#breadcrumb"},"inLanguage":"fr-CA","potentialAction":[{"@type":"ReadAction","target":["https:\/\/littlemedicalschool.com\/montreal\/join-our-team\/"]}]},{"@type":"ImageObject","inLanguage":"fr-CA","@id":"https:\/\/littlemedicalschool.com\/montreal\/join-our-team\/#primaryimage","url":"https:\/\/littlemedicalschool.com\/locationtemplate\/wp-content\/uploads\/sites\/86\/2019\/12\/join-team.png","contentUrl":"https:\/\/littlemedicalschool.com\/locationtemplate\/wp-content\/uploads\/sites\/86\/2019\/12\/join-team.png"},{"@type":"BreadcrumbList","@id":"https:\/\/littlemedicalschool.com\/montreal\/join-our-team\/#breadcrumb","itemListElement":[{"@type":"ListItem","position":1,"name":"Home","item":"https:\/\/littlemedicalschool.com\/montreal\/"},{"@type":"ListItem","position":2,"name":"Join Our Team"}]},{"@type":"WebSite","@id":"https:\/\/littlemedicalschool.com\/montreal\/#website","url":"https:\/\/littlemedicalschool.com\/montreal\/","name":"Little Medical School\u00ae - Montreal","description":"Little Medical School\u00ae  - Montreal","potentialAction":[{"@type":"SearchAction","target":{"@type":"EntryPoint","urlTemplate":"https:\/\/littlemedicalschool.com\/montreal\/?s={search_term_string}"},"query-input":{"@type":"PropertyValueSpecification","valueRequired":true,"valueName":"search_term_string"}}],"inLanguage":"fr-CA"}]}},"_links":{"self":[{"href":"https:\/\/littlemedicalschool.com\/montreal\/fr\/wp-json\/wp\/v2\/pages\/2024","targetHints":{"allow":["GET"]}}],"collection":[{"href":"https:\/\/littlemedicalschool.com\/montreal\/fr\/wp-json\/wp\/v2\/pages"}],"about":[{"href":"https:\/\/littlemedicalschool.com\/montreal\/fr\/wp-json\/wp\/v2\/types\/page"}],"author":[{"embeddable":true,"href":"https:\/\/littlemedicalschool.com\/montreal\/fr\/wp-json\/wp\/v2\/users\/111"}],"replies":[{"embeddable":true,"href":"https:\/\/littlemedicalschool.com\/montreal\/fr\/wp-json\/wp\/v2\/comments?post=2024"}],"version-history":[{"count":1,"href":"https:\/\/littlemedicalschool.com\/montreal\/fr\/wp-json\/wp\/v2\/pages\/2024\/revisions"}],"predecessor-version":[{"id":2957,"href":"https:\/\/littlemedicalschool.com\/montreal\/fr\/wp-json\/wp\/v2\/pages\/2024\/revisions\/2957"}],"wp:attachment":[{"href":"https:\/\/littlemedicalschool.com\/montreal\/fr\/wp-json\/wp\/v2\/media?parent=2024"}],"curies":[{"name":"wp","href":"https:\/\/api.w.org\/{rel}","templated":true}]}}