
{"id":2027,"date":"2019-12-31T20:09:38","date_gmt":"2019-12-31T20:09:38","guid":{"rendered":"https:\/\/littlemedsch.wpengine.com\/kansascity\/sample-page\/"},"modified":"2026-02-08T03:08:02","modified_gmt":"2026-02-08T03:08:02","slug":"sample-page","status":"publish","type":"page","link":"https:\/\/littlemedicalschool.com\/montreal\/fr\/","title":{"rendered":"Home"},"content":{"rendered":"<img decoding=\"async\" loading='false' src=\"https:\/\/littlemedicalschool.com\/montreal\/files\/2026\/01\/slider1-3-Little-medical-school.jpg\" alt=\"\" \/><a href=\"https:\/\/littlemedicalschool.com\/montreal\/fr\/registration-summer-camp-2026\/\" target=\"_blank\" aria-label=\"Camps d&rsquo;&eacute;t&eacute; 2026 &lt;br\/&gt;(Ages 4 - 12)\"><\/a>\t\t\t\n\t\t\t\t<h1>Camps d\u2019\u00e9t\u00e9 2026 <br \/>(Ages 4 &#8211; 12)<\/h1>Camps d\u2019\u00e9t\u00e9 en M\u00e9decine et Sciences au coll\u00e8ge Jean-de-Br\u00e9beuf<br \/>\nDes camps uniques pour enfants curieux.<br \/>\nInscriptions ouvertes. Places limit\u00e9es.\n\t\t\t<a href=\"https:\/\/littlemedicalschool.com\/montreal\/fr\/registration-summer-camp-2026\/\" target=\"_blank\" role=\"button\" rel=\"noopener\">\n\t\t\t\t\t\t\tInscrivez-vous\n\t\t\t\t\t<\/a>\n\t\t\t<img decoding=\"async\" loading='false' src=\"https:\/\/littlemedicalschool.com\/montreal\/files\/2026\/01\/slider2-1-Little-medical-school.jpg\" alt=\"\" \/><a href=\"https:\/\/littlemedicalschool.com\/montreal\/fr\/registration-summer-camp-2026-teens\/\" target=\"_blank\" aria-label=\" Programme ados en m&eacute;decine et leadership&lt;br\/&gt;(Ages 13 - 17)\"><\/a>\t\t\t\n\t\t\t\t<h1> Junior Instructor &#038; Leadership Program<br \/>(Ages 13 &#8211; 17)<\/h1>Camps d\u2019\u00e9t\u00e9 en M\u00e9decine et Sciences au coll\u00e8ge Jean-de-Br\u00e9beuf<br \/>\nBien plus qu\u2019un camp. Une v\u00e9ritable exp\u00e9rience de leadership.<br \/>\nInscriptions en cours.\n\t\t\t<a href=\"https:\/\/littlemedicalschool.com\/montreal\/fr\/registration-summer-camp-2026-teens\/\" target=\"_blank\" role=\"button\" rel=\"noopener\">\n\t\t\t\t\t\t\tInscrivez-vous\n\t\t\t\t\t<\/a>\n\t\t\t<img decoding=\"async\" loading='false' src=\"https:\/\/littlemedicalschool.com\/montreal\/files\/2025\/05\/lms-banner-main-new-min-little.jpg\" alt=\"\" \/><a href=\"https:\/\/littlemedicalschool.com\/montreal\/fr\/lms-and-stem\/\" target=\"_blank\" aria-label=\"jouer. inspirer. RENFORCER.\"><\/a>\t\t\t\n\t\t\t\t<h1>jouer. inspirer. RENFORCER.<\/h1><p>Nous travaillons avec des \u00e9coles et des organisations de Montr\u00e9al pour inspirer les enfants gr\u00e2ce \u00e0 nos programmes parascolaires accr\u00e9dit\u00e9s STEM.org et \u00e0 nos camps d'\u00e9t\u00e9 en m\u00e9decine.<\/p>\n\t\t\t<a href=\"https:\/\/littlemedicalschool.com\/montreal\/fr\/lms-and-stem\/\" target=\"_blank\" role=\"button\" rel=\"noopener\">\n\t\t\t\t\t\t\tLMS + STEM\n\t\t\t\t\t<\/a>\n\t\t\t<img decoding=\"async\" loading='false' src=\"https:\/\/littlemedicalschool.com\/montreal\/files\/2025\/05\/Bannermontreal-min.jpg\" alt=\"\" \/><a href=\"https:\/\/littlemedicalschool.com\/montreal\/fr\/our-programs\/\" target=\"_blank\" aria-label=\"Programmes apr\u00e8s l&#039;\u00e9cole en STEM et m\u00e9decine qui inspirent.\"><\/a>\t\t\t\n\t\t\t\t<h2>Programmes apr\u00e8s l'\u00e9cole en STEM et m\u00e9decine qui inspirent.<\/h2><p>Dans nos programmes apr\u00e8s l'\u00e9cole innovants, les enfants et les adolescents apprennent sur toutes sortes de diff\u00e9rents domaines des soins de sant\u00e9 d.<\/p>\n\t\t\t<a href=\"https:\/\/littlemedicalschool.com\/montreal\/fr\/our-programs\/\" target=\"_blank\" role=\"button\" rel=\"noopener\">\n\t\t\t\t\t\t\tNos programmes\n\t\t\t\t\t<\/a>\n\t\t\t<img decoding=\"async\" loading='false' src=\"https:\/\/littlemedicalschool.com\/montreal\/files\/2025\/05\/monbanner-41.jpg\" alt=\"\" \/><a href=\"https:\/\/littlemedicalschool.com\/montreal\/fr\/summer-camps\/\" target=\"_self\" aria-label=\"Camps d&#039;\u00e9t\u00e9\"><\/a>\t\t\t\n\t\t\t\t<h1>Camps d&#039;\u00e9t\u00e9<\/h1><p>LMS Montr\u00e9al propose une grande vari\u00e9t\u00e9 de camps \u00e9ducatifs, enrichissants et divertissants ax\u00e9s sur les soins de sant\u00e9 et le bien-\u00eatre. <\/p>\n\t\t\t<a href=\"https:\/\/littlemedicalschool.com\/montreal\/fr\/summer-camps\/\" target=\"_self\" role=\"button\">\n\t\t\t\t\t\t\tCamps d&#039;\u00e9t\u00e9\n\t\t\t\t\t<\/a>\n\t\t\t\t<a href=\"#\" aria-label=\"pr\u00e9c\u00e9dent\" role=\"button\">\n<\/a>\n\t\t\t\t<a href=\"#\" aria-label=\"suivant\" role=\"button\">\n<\/a>\n\t<table>\n<tbody>\n<tr>\n<td><img loading=\"lazy\" decoding=\"async\" src=\"https:\/\/littlemedicalschool.com\/montreal\/files\/2025\/09\/ste-icon.png\" alt=\"\" width=\"114\" height=\"115\" \/><\/td>\n<td>\n<h4><a href=\"https:\/\/littlemedicalschool.com\/montreal\/fr\/summer-camps\/\">D\u00e9couvrez notre<\/a><br \/>\nCamps d&#039;\u00e9t\u00e9<\/h4>\n<\/td>\n<\/tr>\n<\/tbody>\n<\/table>\n\t<table>\n<tbody>\n<tr>\n<td><img loading=\"lazy\" decoding=\"async\" src=\"https:\/\/littlemedicalschool.com\/montreal\/files\/2025\/09\/pencils-image.png\" alt=\"\" width=\"114\" height=\"115\" \/><\/td>\n<td>\n<h4><a href=\"https:\/\/littlemedicalschool.com\/montreal\/fr\/registration\/\">Inscrivez-vous<\/a><br \/>\nMaintenant<\/h4>\n<\/td>\n<\/tr>\n<\/tbody>\n<\/table>\n\t<table>\n<tbody>\n<tr>\n<td><img loading=\"lazy\" decoding=\"async\" src=\"https:\/\/littlemedicalschool.com\/montreal\/files\/2025\/09\/kids-icon.png\" alt=\"\" width=\"114\" height=\"115\" \/><\/td>\n<td>\n<h4><a href=\"https:\/\/littlemedicalschool.com\/montreal\/fr\/our-programs\/\">Apr\u00e8s l'\u00e9cole<\/a><br \/>\nProgrammes<\/h4>\n<\/td>\n<\/tr>\n<\/tbody>\n<\/table>\n\t<h4>WELCOME TO A SCHOOL LIKE NO OTHER&#8230;<\/h4>\n<p>Little Medical School (LMS) est le pionnier et le principal d\u00e9veloppeur de programmes interactifs pratiques destin\u00e9s aux enfants et ax\u00e9s sur les soins de sant\u00e9. Notre\u00a0<strong>Programme d&#039;\u00e9tudes accr\u00e9dit\u00e9 STEM.Org<\/strong>\u00a0s&#039;adresse aux enfants \u00e2g\u00e9s de 4 \u00e0 14 ans et se concentre sur les programmes parascolaires, les camps d&#039;\u00e9t\u00e9, les activit\u00e9s pr\u00e9scolaires, les f\u00eates d&#039;anniversaire, les cours de badges, etc. Nous proposons plus de 400 heures de programmes uniques adapt\u00e9s aux jeunes. LMS utilise de vrais instruments m\u00e9dicaux et des jeux de r\u00f4le \u00e9ducatifs pour inspirer la prochaine g\u00e9n\u00e9ration de h\u00e9ros de la sant\u00e9.<\/p>\n\t\t\t\t<img loading=\"lazy\" decoding=\"async\" src=\"https:\/\/littlemedicalschool.com\/montreal\/files\/2025\/05\/homebannertop-min.jpg\" alt=\"homebannertop-min\" itemprop=\"image\" height=\"640\" width=\"976\" title=\"homebannertop-min\" onerror=\"this.style.display='none'\"  \/>\n<h3>\n\t\tPourquoi les enfants adorent les petites \u00e9coles de m\u00e9decine\n\t<\/h3>\n\t<ul>\n<li>It&#8217;s fun! (It is so much fun, they don&#8217;t even realize how much they are learning!)<\/li>\n<li>Ils s&#039;habillent comme des m\u00e9decins, des v\u00e9t\u00e9rinaires, des pharmaciens, des dentistes, des infirmi\u00e8res, etc.<\/li>\n<li>Ils b\u00e9n\u00e9ficient d&#039;une v\u00e9ritable exp\u00e9rience pratique, notamment la suture, l&#039;application des premiers soins et la lecture de radiographies avec un v\u00e9ritable \u00e9quipement m\u00e9dical fonctionnel.<\/li>\n<\/ul>\n\t\t\t<a href=\"https:\/\/littlemedicalschool.com\/montreal\/fr\/our-programs\/\" target=\"_self\" role=\"button\">\n\t\t\t\t\t\t\tLITTLE MEDICAL SCHOOL &#038; STEM\n\t\t\t\t\t<\/a>\n\t\t\t<a href=\"https:\/\/littlemedicalschool.com\/montreal\/fr\/registration\/\" target=\"_self\" role=\"button\">\n\t\t\t\t\t\t\tINSCRIVEZ-VOUS MAINTENANT!\n\t\t\t\t\t<\/a>\n<h3>\n\t\tAt little Medical School of Montreal we offer&#8230;\n\t<\/h3>\n<h3>\n\t\tWhy Schools &#038; Parents Love Little Medical School of Montreal\n\t<\/h3>\n\t<ul>\n<li>Nous voyageons avec toutes les fournitures n\u00e9cessaires pour avoir un cours amusant.<\/li>\n<li>We celebrate students&#8217; success with a fun graduation and diploma ceremony.<\/li>\n<li>Nos programmes d&#039;enrichissement s&#039;alignent sur<strong>\u00a0STEM.org accredited &#8211; Science, Technology, Engineering, Art, and Math<\/strong>\u00a0&#8211; education objectives.<\/li>\n<li>Our programs are flexible and can accommodate any school&#8217;s specific needs!<\/li>\n<\/ul>\ncomment donner de l&#039;huile de CBD aux chiens <a href=\"https:\/\/premiumjane.com.au\/hemp-oils\/\">https:\/\/premiumjane.com.au\/hemp-oils\/<\/a> de Premium Jane\n\t\t\t<a href=\"https:\/\/littlemedicalschool.com\/montreal\/fr\/our-programs\/\" target=\"_self\" role=\"button\">\n\t\t\t\t\t\t\tNOS PROGRAMMES D&#039;ENRICHISSEMENT\n\t\t\t\t\t<\/a>\n\t\t\t<a href=\"https:\/\/littlemedicalschool.com\/montreal\/fr\/registration\/\" target=\"_self\" role=\"button\">\n\t\t\t\t\t\t\tINSCRIVEZ-VOUS MAINTENANT!\n\t\t\t\t\t<\/a>\n\t\t\t\t<img loading=\"lazy\" decoding=\"async\" src=\"https:\/\/littlemedicalschool.com\/montreal\/files\/2025\/05\/newlowerhome-min.jpg\" alt=\"newlowerhome-min\" itemprop=\"image\" height=\"834\" width=\"976\" title=\"newlowerhome-min\" onerror=\"this.style.display='none'\"  \/>\n\t<h4><strong>T\u00e9moignages<\/strong><\/h4>\n\t\t\t<blockquote><p>My son used to be terrified of going to the dentist, but after attending the dental workshop with Little Medical School and meeting the guest speaker (a real dentist) he&#8217;s completely changed. Now all he talks about is dental tools and how he can treat a cavity.<\/p><\/blockquote>Marwa. C\t\t\n\t\t\t<blockquote><p>Teaching with Little Medical School has been incredibly rewarding. The kids are curious, engaged, and excited to learn about healthcare. It&#8217;s amazing to witness their enthusiasm grow each week.<\/p><\/blockquote>Louisa. M\t\t\n\t\t\t<blockquote><p>Ma fille a ador\u00e9 chaque s\u00e9ance ! elle rentrait \u00e0 la maison avec des \u00e9toiles dans les yeux, fier de porter sa blouse blanche et de partager ce qu\u2019elle avait appris.<\/p><\/blockquote>Papa de Zo\u00e9\t\t\n\t\t\t<blockquote><p>Des activit\u00e9s de grande qualit\u00e9, \u00e0 la fois ludiques et \u00e9ducatives. Les \u00e9l\u00e8ves \u00e9taient engag\u00e9s et motiv\u00e9s. Bravo \u00e0 l\u2019\u00e9quipe !<\/p><\/blockquote>Mme Bouvet, enseignante\t\t\n\t\t\t<blockquote><p>We&#8217;re always looking for programs that educate and inspire; Little Medical School does both beautifully. It&#8217;s hands-on, professional, and leaves a lasting impression on our students.<\/p><\/blockquote>Mme R. Directrice d\u2019\u00e9cole\t\t\n\t<h4><strong>Nos partenaires<\/strong><\/h4>\n\t\t\t\t\t\t\t\t<!-- pagination -->\n\t<p>\u00c9CRIT PAR<\/p>\n<h3>\n\t\tm\u00e9decins certifi\u00e9s + \u00e9ducateurs\n\t<\/h3>","protected":false},"excerpt":{"rendered":"<p>Summer Camps 2026 (Ages 4 &#8211; 12) Medical &amp; Science Summer Camps at Jean-de-Br\u00e9beuf college Unique camps for curious young minds. Registration now open. Limited spots. Register Now Junior Instructor &#038; Leadership Program(Ages 13 &#8211; 17) Medical &amp; Science Summer Camps at Jean-de-Br\u00e9beuf college Not a typical camp. A real leadership experience. Now accepting registrations.&hellip;<\/p>","protected":false},"author":111,"featured_media":0,"parent":0,"menu_order":0,"comment_status":"closed","ping_status":"closed","template":"","meta":{"_monsterinsights_skip_tracking":false,"_monsterinsights_sitenote_active":false,"_monsterinsights_sitenote_note":"","_monsterinsights_sitenote_category":0,"footnotes":""},"class_list":["post-2027","page","type-page","status-publish","hentry"],"yoast_head":"<!-- This site is optimized with the Yoast SEO plugin v27.3 - https:\/\/yoast.com\/product\/yoast-seo-wordpress\/ -->\n<title>Home - Little Medical School\u00ae - Montreal<\/title>\n<meta name=\"robots\" content=\"index, follow, max-snippet:-1, max-image-preview:large, max-video-preview:-1\" \/>\n<link rel=\"canonical\" href=\"https:\/\/littlemedicalschool.com\/montreal\/fr\/\" \/>\n<meta property=\"og:locale\" content=\"fr_CA\" \/>\n<meta property=\"og:type\" content=\"article\" \/>\n<meta property=\"og:title\" content=\"Home - Little Medical School\u00ae - Montreal\" \/>\n<meta property=\"og:description\" content=\"Summer Camps 2026 (Ages 4 &#8211; 12) Medical &amp; Science Summer Camps at Jean-de-Br\u00e9beuf college Unique camps for curious young minds. Registration now open. Limited spots. Register Now Junior Instructor &#038; Leadership Program(Ages 13 &#8211; 17) Medical &amp; Science Summer Camps at Jean-de-Br\u00e9beuf college Not a typical camp. A real leadership experience. Now accepting registrations.&hellip;\" \/>\n<meta property=\"og:url\" content=\"https:\/\/littlemedicalschool.com\/montreal\/fr\/\" \/>\n<meta property=\"og:site_name\" content=\"Little Medical School\u00ae - Montreal\" \/>\n<meta property=\"article:modified_time\" content=\"2026-02-08T03:08:02+00:00\" \/>\n<meta property=\"og:image\" content=\"https:\/\/littlemedicalschool.com\/montreal\/files\/2026\/01\/slider1-3-Little-medical-school.jpg\" \/>\n<meta name=\"twitter:card\" content=\"summary_large_image\" \/>\n<meta name=\"twitter:label1\" content=\"Est. reading time\" \/>\n\t<meta name=\"twitter:data1\" content=\"3 minutes\" \/>\n<script type=\"application\/ld+json\" class=\"yoast-schema-graph\">{\"@context\":\"https:\\\/\\\/schema.org\",\"@graph\":[{\"@type\":\"WebPage\",\"@id\":\"https:\\\/\\\/littlemedicalschool.com\\\/montreal\\\/\",\"url\":\"https:\\\/\\\/littlemedicalschool.com\\\/montreal\\\/\",\"name\":\"Home - Little Medical School\u00ae - Montreal\",\"isPartOf\":{\"@id\":\"https:\\\/\\\/littlemedicalschool.com\\\/montreal\\\/#website\"},\"primaryImageOfPage\":{\"@id\":\"https:\\\/\\\/littlemedicalschool.com\\\/montreal\\\/#primaryimage\"},\"image\":{\"@id\":\"https:\\\/\\\/littlemedicalschool.com\\\/montreal\\\/#primaryimage\"},\"thumbnailUrl\":\"https:\\\/\\\/littlemedicalschool.com\\\/montreal\\\/files\\\/2026\\\/01\\\/slider1-3-Little-medical-school.jpg\",\"datePublished\":\"2019-12-31T20:09:38+00:00\",\"dateModified\":\"2026-02-08T03:08:02+00:00\",\"breadcrumb\":{\"@id\":\"https:\\\/\\\/littlemedicalschool.com\\\/montreal\\\/#breadcrumb\"},\"inLanguage\":\"fr-CA\",\"potentialAction\":[{\"@type\":\"ReadAction\",\"target\":[\"https:\\\/\\\/littlemedicalschool.com\\\/montreal\\\/\"]}]},{\"@type\":\"ImageObject\",\"inLanguage\":\"fr-CA\",\"@id\":\"https:\\\/\\\/littlemedicalschool.com\\\/montreal\\\/#primaryimage\",\"url\":\"https:\\\/\\\/littlemedicalschool.com\\\/montreal\\\/files\\\/2026\\\/01\\\/slider1-3-Little-medical-school.jpg\",\"contentUrl\":\"https:\\\/\\\/littlemedicalschool.com\\\/montreal\\\/files\\\/2026\\\/01\\\/slider1-3-Little-medical-school.jpg\"},{\"@type\":\"BreadcrumbList\",\"@id\":\"https:\\\/\\\/littlemedicalschool.com\\\/montreal\\\/#breadcrumb\",\"itemListElement\":[{\"@type\":\"ListItem\",\"position\":1,\"name\":\"Home\",\"item\":\"https:\\\/\\\/littlemedicalschool.com\\\/montreal\\\/\"},{\"@type\":\"ListItem\",\"position\":2,\"name\":\"Home\"}]},{\"@type\":\"WebSite\",\"@id\":\"https:\\\/\\\/littlemedicalschool.com\\\/montreal\\\/#website\",\"url\":\"https:\\\/\\\/littlemedicalschool.com\\\/montreal\\\/\",\"name\":\"Little Medical School\u00ae - Montreal\",\"description\":\"Little Medical School\u00ae  - Montreal\",\"potentialAction\":[{\"@type\":\"SearchAction\",\"target\":{\"@type\":\"EntryPoint\",\"urlTemplate\":\"https:\\\/\\\/littlemedicalschool.com\\\/montreal\\\/?s={search_term_string}\"},\"query-input\":{\"@type\":\"PropertyValueSpecification\",\"valueRequired\":true,\"valueName\":\"search_term_string\"}}],\"inLanguage\":\"fr-CA\"}]}<\/script>\n<!-- \/ Yoast SEO plugin. -->","yoast_head_json":{"title":"Home - Little Medical School\u00ae - Montreal","robots":{"index":"index","follow":"follow","max-snippet":"max-snippet:-1","max-image-preview":"max-image-preview:large","max-video-preview":"max-video-preview:-1"},"canonical":"https:\/\/littlemedicalschool.com\/montreal\/fr\/","og_locale":"fr_CA","og_type":"article","og_title":"Home - Little Medical School\u00ae - Montreal","og_description":"Summer Camps 2026 (Ages 4 &#8211; 12) Medical &amp; Science Summer Camps at Jean-de-Br\u00e9beuf college Unique camps for curious young minds. Registration now open. Limited spots. Register Now Junior Instructor &#038; Leadership Program(Ages 13 &#8211; 17) Medical &amp; Science Summer Camps at Jean-de-Br\u00e9beuf college Not a typical camp. A real leadership experience. Now accepting registrations.&hellip;","og_url":"https:\/\/littlemedicalschool.com\/montreal\/fr\/","og_site_name":"Little Medical School\u00ae - Montreal","article_modified_time":"2026-02-08T03:08:02+00:00","og_image":[{"url":"https:\/\/littlemedicalschool.com\/montreal\/files\/2026\/01\/slider1-3-Little-medical-school.jpg","type":"","width":"","height":""}],"twitter_card":"summary_large_image","twitter_misc":{"Est. reading time":"3 minutes"},"schema":{"@context":"https:\/\/schema.org","@graph":[{"@type":"WebPage","@id":"https:\/\/littlemedicalschool.com\/montreal\/","url":"https:\/\/littlemedicalschool.com\/montreal\/","name":"Home - Little Medical School\u00ae - Montreal","isPartOf":{"@id":"https:\/\/littlemedicalschool.com\/montreal\/#website"},"primaryImageOfPage":{"@id":"https:\/\/littlemedicalschool.com\/montreal\/#primaryimage"},"image":{"@id":"https:\/\/littlemedicalschool.com\/montreal\/#primaryimage"},"thumbnailUrl":"https:\/\/littlemedicalschool.com\/montreal\/files\/2026\/01\/slider1-3-Little-medical-school.jpg","datePublished":"2019-12-31T20:09:38+00:00","dateModified":"2026-02-08T03:08:02+00:00","breadcrumb":{"@id":"https:\/\/littlemedicalschool.com\/montreal\/#breadcrumb"},"inLanguage":"fr-CA","potentialAction":[{"@type":"ReadAction","target":["https:\/\/littlemedicalschool.com\/montreal\/"]}]},{"@type":"ImageObject","inLanguage":"fr-CA","@id":"https:\/\/littlemedicalschool.com\/montreal\/#primaryimage","url":"https:\/\/littlemedicalschool.com\/montreal\/files\/2026\/01\/slider1-3-Little-medical-school.jpg","contentUrl":"https:\/\/littlemedicalschool.com\/montreal\/files\/2026\/01\/slider1-3-Little-medical-school.jpg"},{"@type":"BreadcrumbList","@id":"https:\/\/littlemedicalschool.com\/montreal\/#breadcrumb","itemListElement":[{"@type":"ListItem","position":1,"name":"Home","item":"https:\/\/littlemedicalschool.com\/montreal\/"},{"@type":"ListItem","position":2,"name":"Home"}]},{"@type":"WebSite","@id":"https:\/\/littlemedicalschool.com\/montreal\/#website","url":"https:\/\/littlemedicalschool.com\/montreal\/","name":"Little Medical School\u00ae - Montreal","description":"Little Medical School\u00ae  - Montreal","potentialAction":[{"@type":"SearchAction","target":{"@type":"EntryPoint","urlTemplate":"https:\/\/littlemedicalschool.com\/montreal\/?s={search_term_string}"},"query-input":{"@type":"PropertyValueSpecification","valueRequired":true,"valueName":"search_term_string"}}],"inLanguage":"fr-CA"}]}},"_links":{"self":[{"href":"https:\/\/littlemedicalschool.com\/montreal\/fr\/wp-json\/wp\/v2\/pages\/2027","targetHints":{"allow":["GET"]}}],"collection":[{"href":"https:\/\/littlemedicalschool.com\/montreal\/fr\/wp-json\/wp\/v2\/pages"}],"about":[{"href":"https:\/\/littlemedicalschool.com\/montreal\/fr\/wp-json\/wp\/v2\/types\/page"}],"author":[{"embeddable":true,"href":"https:\/\/littlemedicalschool.com\/montreal\/fr\/wp-json\/wp\/v2\/users\/111"}],"replies":[{"embeddable":true,"href":"https:\/\/littlemedicalschool.com\/montreal\/fr\/wp-json\/wp\/v2\/comments?post=2027"}],"version-history":[{"count":0,"href":"https:\/\/littlemedicalschool.com\/montreal\/fr\/wp-json\/wp\/v2\/pages\/2027\/revisions"}],"wp:attachment":[{"href":"https:\/\/littlemedicalschool.com\/montreal\/fr\/wp-json\/wp\/v2\/media?parent=2027"}],"curies":[{"name":"wp","href":"https:\/\/api.w.org\/{rel}","templated":true}]}}