
{"id":2344,"date":"2024-03-12T15:52:34","date_gmt":"2024-03-12T15:52:34","guid":{"rendered":"https:\/\/littlemedicalschool.com\/montreallms\/?page_id=2344"},"modified":"2025-07-17T04:58:41","modified_gmt":"2025-07-17T04:58:41","slug":"birthday-parties","status":"publish","type":"page","link":"https:\/\/littlemedicalschool.com\/montreal\/fr\/birthday-parties\/","title":{"rendered":"F\u00eates d&#039;anniversaire"},"content":{"rendered":"<h4>\n\t\tC\u00e9l\u00e9brez votre anniversaire avec la Petite \u00c9cole de M\u00e9decine de Montr\u00e9al\n\t<\/h4>\n\t<p><strong>Les petites f\u00eates d'anniversaire de la facult\u00e9 de m\u00e9decine comprennent:<\/strong><\/p>\n<ul>\n<li>Cours de 60 minutes dirig\u00e9 par l'un de nos instructeurs qualifi\u00e9s<\/li>\n<li>Invitation \u00e0 une f\u00eate \u00e0 partager<\/li>\n<li>Tenu \u00e0 votre domicile, au club-house de votre quartier ou au centre communautaire local.<\/li>\n<\/ul>\n<p><strong>L'enfant qui f\u00eate son anniversaire re\u00e7oit:<\/strong><\/p>\n<ul>\n<li>T-shirt LMS<\/li>\n<\/ul>\n\t\t\t<a href=\"https:\/\/littlemedicalschool.com\/montreal\/fr\/contact-us\/\" target=\"_blank\" role=\"button\" rel=\"noopener\">\n\t\t\t\t\t\t\tDEMANDEZ UNE F\u00caTE!\n\t\t\t\t\t<\/a>\n\t\t\t\t<img decoding=\"async\" src=\"https:\/\/littlemedicalschool.com\/montreallms\/files\/2024\/03\/birthdaytop.png\" alt=\"birthdaytop\" title=\"birthdaytop\" \/>\n\t\t\t\t<img decoding=\"async\" src=\"https:\/\/littlemedicalschool.com\/montreallms\/files\/2024\/03\/birthdaybottom.jpg\" alt=\"birthdaybottom\" title=\"birthdaybottom\" \/>","protected":false},"excerpt":{"rendered":"<p>Celebrate your birthday with Little Medical School of Montreal Little Medical School Birthday Parties Include: 60 min. class led by one of our trained instructors Shareable party invitation Held at your home, neighborhood clubhouse or local community center. Birthday child receives: LMS T Shirt REQUEST A PARTY!<\/p>","protected":false},"author":4,"featured_media":0,"parent":0,"menu_order":0,"comment_status":"closed","ping_status":"closed","template":"","meta":{"_monsterinsights_skip_tracking":false,"_monsterinsights_sitenote_active":false,"_monsterinsights_sitenote_note":"","_monsterinsights_sitenote_category":0,"footnotes":""},"class_list":["post-2344","page","type-page","status-publish","hentry"],"_links":{"self":[{"href":"https:\/\/littlemedicalschool.com\/montreal\/fr\/wp-json\/wp\/v2\/pages\/2344","targetHints":{"allow":["GET"]}}],"collection":[{"href":"https:\/\/littlemedicalschool.com\/montreal\/fr\/wp-json\/wp\/v2\/pages"}],"about":[{"href":"https:\/\/littlemedicalschool.com\/montreal\/fr\/wp-json\/wp\/v2\/types\/page"}],"author":[{"embeddable":true,"href":"https:\/\/littlemedicalschool.com\/montreal\/fr\/wp-json\/wp\/v2\/users\/4"}],"replies":[{"embeddable":true,"href":"https:\/\/littlemedicalschool.com\/montreal\/fr\/wp-json\/wp\/v2\/comments?post=2344"}],"version-history":[{"count":0,"href":"https:\/\/littlemedicalschool.com\/montreal\/fr\/wp-json\/wp\/v2\/pages\/2344\/revisions"}],"wp:attachment":[{"href":"https:\/\/littlemedicalschool.com\/montreal\/fr\/wp-json\/wp\/v2\/media?parent=2344"}],"curies":[{"name":"wp","href":"https:\/\/api.w.org\/{rel}","templated":true}]}}