
{"id":2636,"date":"2024-06-28T17:37:34","date_gmt":"2024-06-28T17:37:34","guid":{"rendered":"https:\/\/littlemedicalschool.com\/montreal\/?page_id=2636"},"modified":"2026-01-30T00:52:48","modified_gmt":"2026-01-30T00:52:48","slug":"registration","status":"publish","type":"page","link":"https:\/\/littlemedicalschool.com\/montreal\/fr\/registration\/","title":{"rendered":"Inscription"},"content":{"rendered":"<h5><strong>Les sessions d'\u00e9t\u00e9 sont maintenant ouvertes aux inscriptions!<\/strong><\/h5>\n<p><strong>Bienvenue \u00e0 Little Medical School!<\/strong> Pr\u00e9parez-vous \u00e0 un \u00e9t\u00e9 riche en d\u00e9couvertes et en apprentissages dans nos diff\u00e9rents \u00e9tablissements. Les inscriptions sont ouvertes!<\/p>\n\t\t\t\t<img loading=\"lazy\" decoding=\"async\" src=\"https:\/\/littlemedicalschool.com\/montreal\/files\/2026\/01\/Pic-Small-kids.png\" alt=\"Pic-Small-kids\" itemprop=\"image\" height=\"512\" width=\"512\" title=\"Pic-Small-kids\" onerror=\"this.style.display='none'\"  \/>\n\t<h5><strong>Camps d\u2019\u00e9t\u00e9 en M\u00e9decine et Sciences<br \/>\n(Ages 4-12)<\/strong><\/h5>\nDes camps uniques pour enfants curieux.<br \/>\nInscriptions ouvertes. Places limit\u00e9es.\n\t\t\t<a href=\"https:\/\/littlemedicalschool.com\/montreal\/fr\/registration-summer-camp-2026\/\" target=\"_self\" role=\"button\">\n\t\t\t\t\t\t\tInscrivez-vous\n\t\t\t\t\t<\/a>\n\t\t\t\t<img loading=\"lazy\" decoding=\"async\" src=\"https:\/\/littlemedicalschool.com\/montreal\/files\/2026\/01\/2Teen-week211.jpg\" alt=\"2Teen-week211\" itemprop=\"image\" height=\"1024\" width=\"1024\" title=\"2Teen-week211\" onerror=\"this.style.display='none'\"  \/>\n\t<h5><strong>Teen Medical &amp; Leadership Program (Ages 13-17)<\/strong><\/h5>\nBien plus qu\u2019un camp. Une v\u00e9ritable exp\u00e9rience de leadership.<br \/>\nInscriptions en cours.\n\t\t\t<a href=\"https:\/\/littlemedicalschool.com\/montreal\/fr\/registration-summer-camp-2026-teens\/\" target=\"_self\" role=\"button\">\n\t\t\t\t\t\t\tInscrivez-vous\n\t\t\t\t\t<\/a>\n\t\t\t\t<img loading=\"lazy\" decoding=\"async\" src=\"https:\/\/littlemedicalschool.com\/montreal\/files\/2024\/03\/birthdaytop.png\" alt=\"birthdaytop\" itemprop=\"image\" height=\"523\" width=\"800\" title=\"birthdaytop\" onerror=\"this.style.display='none'\"  \/>\n\t\t\t\t<img loading=\"lazy\" decoding=\"async\" src=\"https:\/\/littlemedicalschool.com\/montreal\/files\/2024\/03\/summercamps.png\" alt=\"summercamps\" itemprop=\"image\" height=\"523\" width=\"800\" title=\"summercamps\" onerror=\"this.style.display='none'\"  \/>\n\t\t\t\t<img loading=\"lazy\" decoding=\"async\" src=\"https:\/\/littlemedicalschool.com\/montreal\/files\/2024\/03\/birthdaybottom.jpg\" alt=\"birthdaybottom\" itemprop=\"image\" height=\"397\" width=\"600\" title=\"birthdaybottom\" onerror=\"this.style.display='none'\"  \/>","protected":false},"excerpt":{"rendered":"<p>Summer Sessions Now Open for Registration! Welcome to Little Medical School! Get ready for a summer filled with discovery and learning at our various locations. Registration is now open! Medical &amp; Science Summer Camps (Ages 4-12) Unique camps for curious young minds. Registration now open. Limited spots. Register Now Teen Medical &amp; Leadership Program (Ages&hellip;<\/p>","protected":false},"author":4,"featured_media":0,"parent":0,"menu_order":0,"comment_status":"closed","ping_status":"closed","template":"","meta":{"_monsterinsights_skip_tracking":false,"_monsterinsights_sitenote_active":false,"_monsterinsights_sitenote_note":"","_monsterinsights_sitenote_category":0,"footnotes":""},"class_list":["post-2636","page","type-page","status-publish","hentry"],"yoast_head":"<!-- This site is optimized with the Yoast SEO plugin v27.3 - https:\/\/yoast.com\/product\/yoast-seo-wordpress\/ -->\n<title>Registration - Little Medical School\u00ae - Montreal<\/title>\n<meta name=\"robots\" content=\"index, follow, max-snippet:-1, max-image-preview:large, max-video-preview:-1\" \/>\n<link rel=\"canonical\" href=\"https:\/\/littlemedicalschool.com\/montreal\/fr\/registration\/\" \/>\n<meta property=\"og:locale\" content=\"fr_CA\" \/>\n<meta property=\"og:type\" content=\"article\" \/>\n<meta property=\"og:title\" content=\"Registration - Little Medical School\u00ae - Montreal\" \/>\n<meta property=\"og:description\" content=\"Summer Sessions Now Open for Registration! Welcome to Little Medical School! Get ready for a summer filled with discovery and learning at our various locations. Registration is now open! Medical &amp; Science Summer Camps (Ages 4-12) Unique camps for curious young minds. Registration now open. Limited spots. Register Now Teen Medical &amp; Leadership Program (Ages&hellip;\" \/>\n<meta property=\"og:url\" content=\"https:\/\/littlemedicalschool.com\/montreal\/fr\/registration\/\" \/>\n<meta property=\"og:site_name\" content=\"Little Medical School\u00ae - Montreal\" \/>\n<meta property=\"article:modified_time\" content=\"2026-01-30T00:52:48+00:00\" \/>\n<meta property=\"og:image\" content=\"https:\/\/littlemedicalschool.com\/montreal\/files\/2026\/01\/Pic-Small-kids.png\" \/>\n<meta name=\"twitter:card\" content=\"summary_large_image\" \/>\n<script type=\"application\/ld+json\" class=\"yoast-schema-graph\">{\"@context\":\"https:\\\/\\\/schema.org\",\"@graph\":[{\"@type\":\"WebPage\",\"@id\":\"https:\\\/\\\/littlemedicalschool.com\\\/montreal\\\/registration\\\/\",\"url\":\"https:\\\/\\\/littlemedicalschool.com\\\/montreal\\\/registration\\\/\",\"name\":\"Registration - Little Medical School\u00ae - Montreal\",\"isPartOf\":{\"@id\":\"https:\\\/\\\/littlemedicalschool.com\\\/montreal\\\/#website\"},\"primaryImageOfPage\":{\"@id\":\"https:\\\/\\\/littlemedicalschool.com\\\/montreal\\\/registration\\\/#primaryimage\"},\"image\":{\"@id\":\"https:\\\/\\\/littlemedicalschool.com\\\/montreal\\\/registration\\\/#primaryimage\"},\"thumbnailUrl\":\"https:\\\/\\\/littlemedicalschool.com\\\/montreal\\\/files\\\/2026\\\/01\\\/Pic-Small-kids.png\",\"datePublished\":\"2024-06-28T17:37:34+00:00\",\"dateModified\":\"2026-01-30T00:52:48+00:00\",\"breadcrumb\":{\"@id\":\"https:\\\/\\\/littlemedicalschool.com\\\/montreal\\\/registration\\\/#breadcrumb\"},\"inLanguage\":\"fr-CA\",\"potentialAction\":[{\"@type\":\"ReadAction\",\"target\":[\"https:\\\/\\\/littlemedicalschool.com\\\/montreal\\\/registration\\\/\"]}]},{\"@type\":\"ImageObject\",\"inLanguage\":\"fr-CA\",\"@id\":\"https:\\\/\\\/littlemedicalschool.com\\\/montreal\\\/registration\\\/#primaryimage\",\"url\":\"https:\\\/\\\/littlemedicalschool.com\\\/montreal\\\/files\\\/2026\\\/01\\\/Pic-Small-kids.png\",\"contentUrl\":\"https:\\\/\\\/littlemedicalschool.com\\\/montreal\\\/files\\\/2026\\\/01\\\/Pic-Small-kids.png\"},{\"@type\":\"BreadcrumbList\",\"@id\":\"https:\\\/\\\/littlemedicalschool.com\\\/montreal\\\/registration\\\/#breadcrumb\",\"itemListElement\":[{\"@type\":\"ListItem\",\"position\":1,\"name\":\"Home\",\"item\":\"https:\\\/\\\/littlemedicalschool.com\\\/montreal\\\/\"},{\"@type\":\"ListItem\",\"position\":2,\"name\":\"Registration\"}]},{\"@type\":\"WebSite\",\"@id\":\"https:\\\/\\\/littlemedicalschool.com\\\/montreal\\\/#website\",\"url\":\"https:\\\/\\\/littlemedicalschool.com\\\/montreal\\\/\",\"name\":\"Little Medical School\u00ae - Montreal\",\"description\":\"Little Medical School\u00ae  - Montreal\",\"potentialAction\":[{\"@type\":\"SearchAction\",\"target\":{\"@type\":\"EntryPoint\",\"urlTemplate\":\"https:\\\/\\\/littlemedicalschool.com\\\/montreal\\\/?s={search_term_string}\"},\"query-input\":{\"@type\":\"PropertyValueSpecification\",\"valueRequired\":true,\"valueName\":\"search_term_string\"}}],\"inLanguage\":\"fr-CA\"}]}<\/script>\n<!-- \/ Yoast SEO plugin. -->","yoast_head_json":{"title":"Registration - Little Medical School\u00ae - Montreal","robots":{"index":"index","follow":"follow","max-snippet":"max-snippet:-1","max-image-preview":"max-image-preview:large","max-video-preview":"max-video-preview:-1"},"canonical":"https:\/\/littlemedicalschool.com\/montreal\/fr\/registration\/","og_locale":"fr_CA","og_type":"article","og_title":"Registration - Little Medical School\u00ae - Montreal","og_description":"Summer Sessions Now Open for Registration! Welcome to Little Medical School! Get ready for a summer filled with discovery and learning at our various locations. Registration is now open! Medical &amp; Science Summer Camps (Ages 4-12) Unique camps for curious young minds. Registration now open. Limited spots. Register Now Teen Medical &amp; Leadership Program (Ages&hellip;","og_url":"https:\/\/littlemedicalschool.com\/montreal\/fr\/registration\/","og_site_name":"Little Medical School\u00ae - Montreal","article_modified_time":"2026-01-30T00:52:48+00:00","og_image":[{"url":"https:\/\/littlemedicalschool.com\/montreal\/files\/2026\/01\/Pic-Small-kids.png","type":"","width":"","height":""}],"twitter_card":"summary_large_image","schema":{"@context":"https:\/\/schema.org","@graph":[{"@type":"WebPage","@id":"https:\/\/littlemedicalschool.com\/montreal\/registration\/","url":"https:\/\/littlemedicalschool.com\/montreal\/registration\/","name":"Registration - Little Medical School\u00ae - Montreal","isPartOf":{"@id":"https:\/\/littlemedicalschool.com\/montreal\/#website"},"primaryImageOfPage":{"@id":"https:\/\/littlemedicalschool.com\/montreal\/registration\/#primaryimage"},"image":{"@id":"https:\/\/littlemedicalschool.com\/montreal\/registration\/#primaryimage"},"thumbnailUrl":"https:\/\/littlemedicalschool.com\/montreal\/files\/2026\/01\/Pic-Small-kids.png","datePublished":"2024-06-28T17:37:34+00:00","dateModified":"2026-01-30T00:52:48+00:00","breadcrumb":{"@id":"https:\/\/littlemedicalschool.com\/montreal\/registration\/#breadcrumb"},"inLanguage":"fr-CA","potentialAction":[{"@type":"ReadAction","target":["https:\/\/littlemedicalschool.com\/montreal\/registration\/"]}]},{"@type":"ImageObject","inLanguage":"fr-CA","@id":"https:\/\/littlemedicalschool.com\/montreal\/registration\/#primaryimage","url":"https:\/\/littlemedicalschool.com\/montreal\/files\/2026\/01\/Pic-Small-kids.png","contentUrl":"https:\/\/littlemedicalschool.com\/montreal\/files\/2026\/01\/Pic-Small-kids.png"},{"@type":"BreadcrumbList","@id":"https:\/\/littlemedicalschool.com\/montreal\/registration\/#breadcrumb","itemListElement":[{"@type":"ListItem","position":1,"name":"Home","item":"https:\/\/littlemedicalschool.com\/montreal\/"},{"@type":"ListItem","position":2,"name":"Registration"}]},{"@type":"WebSite","@id":"https:\/\/littlemedicalschool.com\/montreal\/#website","url":"https:\/\/littlemedicalschool.com\/montreal\/","name":"Little Medical School\u00ae - Montreal","description":"Little Medical School\u00ae  - Montreal","potentialAction":[{"@type":"SearchAction","target":{"@type":"EntryPoint","urlTemplate":"https:\/\/littlemedicalschool.com\/montreal\/?s={search_term_string}"},"query-input":{"@type":"PropertyValueSpecification","valueRequired":true,"valueName":"search_term_string"}}],"inLanguage":"fr-CA"}]}},"_links":{"self":[{"href":"https:\/\/littlemedicalschool.com\/montreal\/fr\/wp-json\/wp\/v2\/pages\/2636","targetHints":{"allow":["GET"]}}],"collection":[{"href":"https:\/\/littlemedicalschool.com\/montreal\/fr\/wp-json\/wp\/v2\/pages"}],"about":[{"href":"https:\/\/littlemedicalschool.com\/montreal\/fr\/wp-json\/wp\/v2\/types\/page"}],"author":[{"embeddable":true,"href":"https:\/\/littlemedicalschool.com\/montreal\/fr\/wp-json\/wp\/v2\/users\/4"}],"replies":[{"embeddable":true,"href":"https:\/\/littlemedicalschool.com\/montreal\/fr\/wp-json\/wp\/v2\/comments?post=2636"}],"version-history":[{"count":0,"href":"https:\/\/littlemedicalschool.com\/montreal\/fr\/wp-json\/wp\/v2\/pages\/2636\/revisions"}],"wp:attachment":[{"href":"https:\/\/littlemedicalschool.com\/montreal\/fr\/wp-json\/wp\/v2\/media?parent=2636"}],"curies":[{"name":"wp","href":"https:\/\/api.w.org\/{rel}","templated":true}]}}