
{"id":7667,"date":"2024-04-24T20:05:09","date_gmt":"2024-04-24T20:05:09","guid":{"rendered":"https:\/\/littlemedicalschool.com\/ottawa\/?page_id=7667"},"modified":"2024-05-30T16:08:51","modified_gmt":"2024-05-30T16:08:51","slug":"landing-page","status":"publish","type":"page","link":"https:\/\/littlemedicalschool.com\/ottawa\/landing-page\/","title":{"rendered":"Landing Page"},"content":{"rendered":"\n\n\t<h2>Welcome to Little Medical School&#8217;s Summer Camps<\/h2>\n\n<p>Where Young Minds Explore the Exciting World of Healthcare! Join us for hands-on learning, fun activities, and unforgettable experiences. Discover the future of medicine while having a blast!<\/p>\n\t<h3>About Us<\/h3>\n<p>At Little Medical School, our mission is to ignite the passion for healthcare in children and teens. Our summer camps provide an unparalleled mix of learning and fun, allowing kids to delve into the captivating world of medicine and health sciences through engaging activities.<\/p>\n\n<p>&nbsp;<\/p>\n<p><strong>Why choosing Little Medical School Camps?<\/strong><\/p>\n<p>Parents and learners choose Little Medical School for multiple reasons:<\/p>\n<ul>\n<li>Hands-on learning in anatomy, first aid, and medical procedures<\/li>\n<li>Fun exploration of medicine and health sciences<\/li>\n<li>Lifesaving skill development<\/li>\n<li>Interaction with medical experts, qualified educators and experts in the field<\/li>\n<li>Engaging medical-themed activities and diverse range of topics<\/li>\n<li>Teamwork and problem-solving enhancement<\/li>\n<li>Inspiration for future healthcare careers<\/li>\n<li>Safe, supervised environment<\/li>\n<li>Memorable summer experiences<\/li>\n<li>Deepened understanding of healthcare<\/li>\n<\/ul>\n<p>&nbsp;<\/p>\n<p>We make it easy for our learners to embark on their health science journey.<\/p>\n<p>Limited spots available!<\/p>\n\t\t\t<a href=\"https:\/\/app.amilia.com\/store\/en\/little-medical-school-ottawa\/api\/Program\/Detail?programId=bN7JzVy\" target=\"_blank\" role=\"button\" rel=\"noopener\">\n\t\t\t\t\t\t\tSign up Today! Limited Spot Available. \n\t\t\t\t\t<\/a>\n\t<h5>FAQs<\/h5>\n<div id=\"faq-7241\" class=\"arconix-faq-wrap\"><div id=\"faq-HowdoIregisterforcampsandprograms\" class=\"arconix-faq-title faq-closed\">How do I register for camps and programs?<\/div><div class=\"arconix-faq-content faq-closed\"><span data-preserver-spaces=\"true\">To register for our programs and camps, you will require to sign up for\u00a0<\/span><a class=\"editor-rtfLink\" href=\"https:\/\/intercom.help\/amilia\/en\/collections\/1987934-customer-help-center#how-to-use-your-personal-amilia-account\" target=\"_blank\" rel=\"noopener\"><span data-preserver-spaces=\"true\">Smart Rec by Amilia.<\/span><\/a>\r\n<ul>\r\n \t<li><span data-preserver-spaces=\"true\">When you click on the registration button down below, you can start creating your account.<\/span><\/li>\r\n \t<li><span data-preserver-spaces=\"true\">Please note: The account owner must be the parent\/guardian and cannot be in the student\u2019s name<\/span><\/li>\r\n \t<li><span data-preserver-spaces=\"true\">Once your account has been created and verified, click on your email address (top right of your screen), and go to My Account<\/span><\/li>\r\n \t<li><span data-preserver-spaces=\"true\">Click on \u2018Add Family Members\u2019, and enter the student\u2019s details, your address and contact information.<\/span><strong><span data-preserver-spaces=\"true\">\u00a0You are all set!\u00a0<\/span><\/strong><\/li>\r\n \t<li><span data-preserver-spaces=\"true\">If you already have an account with Amilia Smart Rec, you will be able to log in.<\/span><\/li>\r\n \t<li><span data-preserver-spaces=\"true\">You can now choose your program\/camp, add them to the cart and select the child you want to register.<\/span><\/li>\r\n<\/ul><\/div><\/div>\n<div id=\"faq-7244\" class=\"arconix-faq-wrap\"><div id=\"faq-DoIneedtosignthewaiversandfilltheformseachtimeIregister\" class=\"arconix-faq-title faq-closed\">Do I need to sign the waivers and fill the forms each time I register?<\/div><div class=\"arconix-faq-content faq-closed\"><p><span data-preserver-spaces=\"true\">When you register, you must fill out a form that has the following informations: <\/span><\/p>\n<ul>\n<li><span data-preserver-spaces=\"true\">Demographic data about your child (name, age, etc).<\/span><\/li>\n<li>Emergency and pick up contacts.<\/li>\n<li><span data-preserver-spaces=\"true\">Medical and allergy history.<\/span><\/li>\n<li><span data-preserver-spaces=\"true\">Waiver of liability.<\/span><\/li>\n<li><span data-preserver-spaces=\"true\">Consent forms.<\/span><\/li>\n<\/ul>\n<p><span data-preserver-spaces=\"true\">All of this information\u00a0<\/span><strong><span data-preserver-spaces=\"true\">is valid for 1 year.\u00a0<\/span><\/strong><\/p>\n<\/div><\/div>\n<div id=\"faq-7246\" class=\"arconix-faq-wrap\"><div id=\"faq-Importantinformation\" class=\"arconix-faq-title faq-closed\">Important information<\/div><div class=\"arconix-faq-content faq-closed\"><p>Certain camps\/programs are facilitated through our partners, and registration is managed on their platform. You will be directed to their registration platform, where Little Medical School promo codes, special discounts, and refund policies <strong>won&#8217;t be applicable<\/strong>. Additionally, promo codes <strong>won&#8217;t apply<\/strong> to classes requiring an access code.<\/p>\n<p>Look out for the link in the activity description to register on our partners website.<\/p>\n<p>On the other hand, some camps\/programs are handled and managed directly by Little Medical School. In these cases, our promo codes, special discounts, and refund policies <strong>will be applicable.<\/strong><\/p>\n<p>Regardless of the registration process, rest assured that the quality and delivery of content for your child will remain unaffected.<\/p>\n<\/div><\/div>\n<div id=\"faq-7258\" class=\"arconix-faq-wrap\"><div id=\"faq-Whatisyourrefundpolicy\" class=\"arconix-faq-title faq-closed\">What is your refund policy?<\/div><div class=\"arconix-faq-content faq-closed\"><p>For Camps<\/p>\n<ul class=\"mb-0\">\n<li>100% of refund until 30 day(s) before the beginning of the activity<\/li>\n<li>100% of credit minus a 10% fee (+ any applicable taxes) until 29 day(s) before the beginning of the activity<\/li>\n<li>50% of credit until 7 day(s) before the beginning of the activity<\/li>\n<\/ul>\n<p>For Programs<\/p>\n<ul class=\"mb-0\">\n<li>100% of refund until 7 day(s) before the beginning of the activity<\/li>\n<\/ul>\n<\/div><\/div>\n<div id=\"faq-7264\" class=\"arconix-faq-wrap\"><div id=\"faq-Whatisyourcancellationpolicy\" class=\"arconix-faq-title faq-closed\">What is your cancellation policy?<\/div><div class=\"arconix-faq-content faq-closed\"><p>We need a minimum of eight students per program\/camp. Therefore, there is a possibility of cancellation if we don&#8217;t meet the required number of students. In the event of cancellation, you will be notified one week before the scheduled start date.<\/p>\n<p>General Cancelation Policy for Camps:<br \/>\n\u2022\t100% of credit until 60 day(s) before the beginning of the activity<br \/>\nGeneral Cancelation Policy for Programs and Others:<br \/>\n\u2022\t100% of credit until 30 day(s) before the beginning of the activity<\/p>\n<\/div><\/div>\n\t\t\t\t<img loading=\"lazy\" decoding=\"async\" src=\"https:\/\/littlemedicalschool.com\/ottawa\/files\/2024\/04\/IMG_45721-225x300.jpg\" alt=\"IMG_45721\" itemprop=\"image\" height=\"300\" width=\"225\" title=\"IMG_45721\" onerror=\"this.style.display='none'\"  \/>\n\t<h5>OFFERS FOR THE SUMMER CAMPS:\u00a0<\/h5>\n<p><strong>Discount Code<\/strong><\/p>\n<p>Use the code &#8220;<strong>Summer2024<\/strong>&#8221; and receive 10% discount<\/p>\n<p>Offer Valid until May 30, 2024.<\/p>\n<p>&nbsp;<\/p>\n<p><strong>Join our referral program!\u00a0<\/strong><\/p>\n<p>Earn $ in camp credit every time a new camper signs up thanks to your referral. Its our way of showing we appreciate you!<\/p>\n<p>&nbsp;<\/p>\n<p><strong>Sibling Discount!<\/strong><\/p>\n<p>Receive a discount when you register three siblings at the same time. Discount will automatically apply upon checkout!<\/p>\n<p>&nbsp;<\/p>\n<p><strong>Multiple Camps Discount!<\/strong><\/p>\n<p>Receive a discount when you register for three camps at the same time. Discount will automatically apply upon checkout!<\/p>\n<p>&nbsp;<\/p>\n\t\t\t<a href=\"https:\/\/app.amilia.com\/store\/en\/little-medical-school-ottawa\/api\/Program\/Detail?programId=bN7JzVy\" target=\"_self\" role=\"button\" rel=\"noopener\">\n\t\t\t\t\t\t\tDon&#8217;t miss out! Register Now!\u00a0\n\t\t\t\t\t<\/a>\n\t<h3>A Glimpse on the Schedule<\/h3>\n<p>This year, we&#8217;re proud to offer a diverse range of camp themes including Little Doctor, Little Veterinarian, Wilderness Medicine, Sports Medicine, STEM Sleuth, and more. With flexible options such as full-day, half-day, or drop-in sessions, our prices encompass expert instruction from our qualified educators and take-home materials to extend learning beyond the classroom. Our Camps are suitable for all age groups, 4-12 YO.<\/p>\n\t<h6>LITTLE VETERINARIAN<\/h6>\n<ul>\n<li>July 2-5 | Dovercourt Recreation Centre| 411 Dovercourt Ave| <strong>Westboro| <\/strong>Fully Booked\u00a0<\/li>\n<li>July 15-19 | March Academy| 325 Sandhill Rd| <strong>Kanata<\/strong><\/li>\n<li>July 29-August 2 | Old Ottawa South Community Association Centre| 260 Sunnyside Ave | <strong>Old Ottawa South<\/strong><\/li>\n<li>August 6-9 &amp; 12-16 | Westboro Academy| 1000 Brookfield Rd. East| <strong>Alta Vista<\/strong><\/li>\n<li>August 6-9 |\u00a0Dovercourt Recreation Centre| 411 Dovercourt Ave| <strong>Westboro| <\/strong>Fully Booked\u00a0<\/li>\n<\/ul>\n\t<h6>LITTLE DOCTOR<\/h6>\n<ul>\n<li>July 8-12 | GNAG| 175 Third Ave| <strong>The Glebe| <\/strong>Fully Booked\u00a0<\/li>\n<li>July 8-12|\u00a0Dovercourt Recreation Centre| 411 Dovercourt Ave| <strong>Westboro| <\/strong>Fully Booked\u00a0<\/li>\n<li>July 22-28 &amp; July 29-28 | Revel Academy| 1550 Laperriere Ave| <strong>Carlington<\/strong><\/li>\n<li>July 29-August 2 |\u00a0Dovercourt Recreation Centre| 411 Dovercourt Ave| <strong>Westboro| <\/strong>Fully Booked\u00a0<\/li>\n<li>August 12-16 | Old Ottawa South Community Association Centre| 260 Sunnyside Ave | <strong>Old Ottawa South<\/strong><\/li>\n<\/ul>\n\t<h6>WILDERNESS MEDICICINE<\/h6>\n<ul>\n<li>July 8-12 &amp; July 15-19 | Revel Academy| 1550 Laperriere Ave| <strong>Carlington<\/strong><\/li>\n<li>July 22-28 | Ashbury College | 362 Mariposa Ave | <strong>Rockliffe Park<\/strong><\/li>\n<li>July 22-28 | GNAG| 175 Third Ave| <strong>The Glebe| <\/strong>Fully Booked\u00a0<\/li>\n<li>July 29- August 2 | March Academy| 325 Sandhill Rd| <strong>Kanata<\/strong><\/li>\n<\/ul>\n\t\t\t\t<img loading=\"lazy\" decoding=\"async\" src=\"https:\/\/littlemedicalschool.com\/ottawa\/files\/2024\/04\/IMG_0780-225x300.jpg\" alt=\"IMG_0780\" itemprop=\"image\" height=\"300\" width=\"225\" title=\"IMG_0780\" onerror=\"this.style.display='none'\"  \/>\n\t\t\t\t<img loading=\"lazy\" decoding=\"async\" src=\"https:\/\/littlemedicalschool.com\/ottawa\/files\/2024\/04\/Pic_003-225x300.jpg\" alt=\"Pic_003\" itemprop=\"image\" height=\"300\" width=\"225\" title=\"Pic_003\" onerror=\"this.style.display='none'\"  \/>\n\t\t\t\t<img loading=\"lazy\" decoding=\"async\" src=\"https:\/\/littlemedicalschool.com\/ottawa\/files\/2024\/04\/tempImageriNsH4-225x300.jpg\" alt=\"tempImageriNsH4\" itemprop=\"image\" height=\"300\" width=\"225\" title=\"tempImageriNsH4\" onerror=\"this.style.display='none'\"  \/>\n\t\t\t\t<img loading=\"lazy\" decoding=\"async\" src=\"https:\/\/littlemedicalschool.com\/ottawa\/files\/2024\/04\/tempImageP1zagd-225x300.jpg\" alt=\"tempImageP1zagd\" itemprop=\"image\" height=\"300\" width=\"225\" title=\"tempImageP1zagd\" onerror=\"this.style.display='none'\"  \/>\n\t<h6>SPORTS MEDICINE<\/h6>\n<ul>\n<li>\nAugust 12-16 | BIGODE Martial Arts and Fitness | 571 Lacolle Way | <strong>Orleans<\/strong><br \/>\nAugust 19-23 | Revel Academy| 1550 Laperriere Ave| <strong>Carlington<\/strong>\n<\/li>\n<\/ul>\n\t<h6>FORENSIC SCIENCE<\/h6>\n<ul>\n<li>July 15-19| Old Ottawa South Community Association Centre| 260 Sunnyside Ave | <strong>Old Ottawa South<\/strong><\/li>\n<\/ul>\n\t<h6>MEDICAL SCHOOL FOR TEENS (12-16 YO).<\/h6>\n<ul>\n<li>August 6-9| Westboro Academy| 1000 Brookfield Rd. East| <strong>Alta Vista<\/strong><\/li>\n<\/ul>\n<h2>\n\t\tContact us!\n\t<\/h2>\n\t<p><strong>Do you have any questions or inquiries about our summer camps? Need assistance with registration? We&#8217;re just an email away. Simply fill out the information below, and we&#8217;ll get back to you as soon as possible.<\/strong><\/p>\n\t\t\t<p>My daughter loved the experience thank you!<br \/><strong>Marwa, A Mother<\/strong><\/p>\t\t\n\t\t\t<p>My daughter likes the Little Doctor programme and trust she learnt something truly useful and she will never forget.<strong>Dan, A Father<\/strong><\/p>\t\t\n\t\t\t<p>So well organized and fun! My daughter thoroughly enjoyed the lessons and the instructor was amazing. thank you!<strong>Alexandra, A Mother<\/strong><\/p>\t\t\n\t\t\t<p>Thank you all teachers for giving information to help kids understand medical stuff\/language. My daughter and I love your school. Very appreciate this company. Great job! Recommend you every time.<strong>Natalia, A Mother<\/strong><\/p>\t\t\n\t\t\t<p>My mother cut the nail of the dog too deep and started to bleed. I told her I am a vet and I applied pressure for few minutes until the bleeding stopped.<strong>Charlie, 5 years old Student<\/strong><\/p>\t\t\n\t\t\t<p>Catherine absolutely loves Little Veterinarian School! She looks forward to it every week.\u00a0<strong>Sherry, Parent<\/strong><\/p>\t\t\n\t\t\t<p>It is clear that Little Medical School programs have been developed with young learners in mind. The classes are interactive, informational, and incredibly fun which is enhanced with the enthusiasm and patience of the instructors. The students at\u00a0Revel Academy\u00a0loved their first course and are looking forward to future offerings in the fall! Thank you,\u00a0Little Medical School &#8211; Ottawa!<strong>Erin, Revel Academy Principal<\/strong><\/p>\t\t\n\t\t\t<p>The impact you are doing today will be revealed in the future through these kids so so proud keep it up.<strong>Racha, Follower<\/strong><\/p>\t\t\n\t\t\t<p>Merci little medical school, ma fille a beaucoup aim\u00e9e et c&#8217;est vraiment int\u00e9ressant concernant les instructions, les informations, les mat\u00e9rielles. Je le recommande fortement.<strong>Layal, Parent<\/strong><\/p>\t\t\n\t\t\t<p>A very interesting, educational and fun program! My child loves it and has learnt so many things. The instructors are knowledgeable and make it so much fun for the kids to learn. I loved all the props and demonstration during the class. Definitely recommend it !!!!<strong>Antonia, Parent<\/strong><\/p>\t\t\n\t\t\t<p>It was great to have you come in and teach the children some new things.\u00a0 When I was in the room the children were engaged and enjoying the tools that you brought with you.<strong>Beata Arseneault Program Coordinator<\/strong><\/p>\t\t\n\t\t\t<p>Thank-you for the class report. I&#8217;ve never had a vendor provide anything like this. It&#8217;s so nice to see some notes and feel connected to what you are doing.\u00a0I went on Facebook and saw the pictures as well. Very sweet! The children look like they are having a great time.<strong>Kate, Resource Teacher<\/strong><\/p>\t\t\n\t\t\t<p>My kids had such a wonderful experience, they want to come back. They are also now interested in biology mainly how the body works. Which is great, but be prepared to use google and YouTube a lot so you can answer their questions after they do this camp.<strong>Brenda, Parent<\/strong><\/p>\t\t\n\t\t\t<p>Excellent Idea! Teaches the kids and inspires them to pursue a career in Medicine.<strong>Dr. Prysca Mbi, Doctor<\/strong><\/p>\t\t\n\t\t\t<img decoding=\"async\" loading='false' src=\"https:\/\/littlemedicalschool.com\/ottawa\/files\/2023\/10\/ottawa-10_3-slide.jpg\" alt=\"\" \/>\t\t\t\n\t\t\t<img decoding=\"async\" loading='false' src=\"https:\/\/littlemedicalschool.com\/ottawa\/files\/2022\/05\/5_22-slide-2-1.jpg\" alt=\"\" \/>\t\t\t\n\t\t\t<img decoding=\"async\" loading='false' src=\"https:\/\/littlemedicalschool.com\/ottawa\/files\/2022\/05\/5_22-slide-3.jpg\" alt=\"\" \/>\t\t\t\n\t\t\t<img decoding=\"async\" loading='false' src=\"https:\/\/littlemedicalschool.com\/ottawa\/files\/2022\/05\/5_22-slide-2.jpg\" alt=\"\" \/>\t\t\t\n\t\t\t<img decoding=\"async\" loading='false' src=\"https:\/\/littlemedicalschool.com\/ottawa\/files\/2022\/05\/5_22-slide-1.jpg\" alt=\"\" \/>\t\t\t\n\t\t\t<img decoding=\"async\" loading='false' src=\"https:\/\/littlemedicalschool.com\/ottawa\/files\/2024\/02\/slide-4.png\" alt=\"\" \/>\t\t\t\n\n","protected":false},"excerpt":{"rendered":"<p>We need a minimum of eight students per program\/camp. Therefore, there is a possibility of cancellation if we don&#8217;t meet the required number of students. In the event of cancellation, you will be notified one week before the scheduled start date. General Cancelation Policy for Camps: \u2022 100% of credit until 60 day(s) before the&hellip;<\/p>\n","protected":false},"author":4,"featured_media":0,"parent":0,"menu_order":0,"comment_status":"closed","ping_status":"closed","template":"","meta":{"_monsterinsights_skip_tracking":false,"_monsterinsights_sitenote_active":false,"_monsterinsights_sitenote_note":"","_monsterinsights_sitenote_category":0,"footnotes":""},"class_list":["post-7667","page","type-page","status-publish","hentry"],"_links":{"self":[{"href":"https:\/\/littlemedicalschool.com\/ottawa\/wp-json\/wp\/v2\/pages\/7667","targetHints":{"allow":["GET"]}}],"collection":[{"href":"https:\/\/littlemedicalschool.com\/ottawa\/wp-json\/wp\/v2\/pages"}],"about":[{"href":"https:\/\/littlemedicalschool.com\/ottawa\/wp-json\/wp\/v2\/types\/page"}],"author":[{"embeddable":true,"href":"https:\/\/littlemedicalschool.com\/ottawa\/wp-json\/wp\/v2\/users\/4"}],"replies":[{"embeddable":true,"href":"https:\/\/littlemedicalschool.com\/ottawa\/wp-json\/wp\/v2\/comments?post=7667"}],"version-history":[{"count":0,"href":"https:\/\/littlemedicalschool.com\/ottawa\/wp-json\/wp\/v2\/pages\/7667\/revisions"}],"wp:attachment":[{"href":"https:\/\/littlemedicalschool.com\/ottawa\/wp-json\/wp\/v2\/media?parent=7667"}],"curies":[{"name":"wp","href":"https:\/\/api.w.org\/{rel}","templated":true}]}}